{"id":694588,"date":"2024-08-17T18:04:38","date_gmt":"2024-08-17T15:04:38","guid":{"rendered":"https:\/\/nbg.eu\/product\/slide-stop-spring-kmr\/"},"modified":"2026-04-16T17:51:42","modified_gmt":"2026-04-16T14:51:42","slug":"slide-stop-spring-kmr","status":"publish","type":"product","link":"https:\/\/nbg.eu\/lv\/product\/slide-stop-spring-kmr\/","title":{"rendered":"KMR Sl\u0113d\u017ea Aiztura Atspere"},"content":{"rendered":"<h2>Slide Stop Spring KMR<\/h2>\n<p>\u0160is atsperu ir b\u016btiska komponente daudzu iero\u010du sist\u0113mu ietvaros KMR l\u012bnij\u0101. Tas ir izstr\u0101d\u0101ts, lai nodro\u0161in\u0101tu uzticamu un konsekventa darb\u012bbu.<\/p>\n<p>Izgatavots ar precizit\u0101ti un r\u016bp\u012bbu, \u0161is atsperu nodro\u0161ina vienm\u0113r\u012bgu un uzticamu darb\u012bbu, veicinot kop\u0113jo j\u016bsu iero\u010da sist\u0113mas sniegumu un uzticam\u012bbu. T\u0101 iztur\u012bg\u0101 konstrukcija un prec\u012bza in\u017eenierija to padara par b\u016btisku komponentu j\u016bsu KMR-sader\u012bgo iero\u010du integrit\u0101tes un funkcionalit\u0101tes uztur\u0113\u0161anai.<\/p>\n<p>\u0160is atsperu ir b\u016btisks piederums, lai j\u016bsu KMR-apr\u012bkotais ierocis darbotos vislab\u0101k. Ieg\u016bstiet \u0161o augstas kvalit\u0101tes komponentu, lai nodro\u0161in\u0101tu j\u016bsu iero\u010da turpm\u0101ku uzticam\u012bbu un vienm\u0113r\u012bgu darb\u012bbu.<\/p>\n<\/p>\n<p>Iero\u010du KMR:<\/p>\n<\/p>\n<p>KMR L-02 EMIQ<\/p>\n<\/p>\n<p>KMR L-02 EMIQ (OR)<\/p>\n<\/p>\n<p>KMR L-02 ORCA L\u012aDZ 2023<\/p>\n<\/p>\n<p>KMR L-02 SPECTRA NO 2024<\/p>\n<\/p>\n<p>KMR L-02 SPECTRA L\u012aDZ 2023<\/p>\n<\/p>\n<p>KMR L-02 UMBRA (OR) SR<\/p>\n<\/p>\n<p>KMR S-01 LANCE (OR)<\/p>\n<\/p>\n<p>KMR S-02 NO 2024<\/p>\n<\/p>\n<p>KMR S-02 L\u012aDZ 2023<\/p>\n<\/p>\n<p>KMR W-02 CUDA (OR)<\/p>\n<\/p>\n<p>KMR W-02 UMBRA<\/p>\n<\/p>\n<p>KMR W-02 UMBRA (OR)<\/p>\n","protected":false},"excerpt":{"rendered":"<p>Slid\u0113 aptur\u0113t atsperi KMR &#8211; sader\u012bga ar da\u017e\u0101diem KMR iero\u010diem.<\/p>\n","protected":false},"featured_media":24878,"template":"","meta":{"_acf_changed":false},"product_brand":[11512],"product_cat":[13795,13777],"product_tag":[],"class_list":{"0":"post-694588","1":"product","2":"type-product","3":"status-publish","4":"has-post-thumbnail","6":"product_brand-kmr-precision","7":"product_cat-atsperes","8":"product_cat-kmr-detalas","10":"first","11":"instock","12":"taxable","13":"shipping-taxable","14":"product-type-simple"},"acf":[],"_links":{"self":[{"href":"https:\/\/nbg.eu\/lv\/wp-json\/wp\/v2\/product\/694588","targetHints":{"allow":["GET"]}}],"collection":[{"href":"https:\/\/nbg.eu\/lv\/wp-json\/wp\/v2\/product"}],"about":[{"href":"https:\/\/nbg.eu\/lv\/wp-json\/wp\/v2\/types\/product"}],"wp:featuredmedia":[{"embeddable":true,"href":"https:\/\/nbg.eu\/lv\/wp-json\/wp\/v2\/media\/24878"}],"wp:attachment":[{"href":"https:\/\/nbg.eu\/lv\/wp-json\/wp\/v2\/media?parent=694588"}],"wp:term":[{"taxonomy":"product_brand","embeddable":true,"href":"https:\/\/nbg.eu\/lv\/wp-json\/wp\/v2\/product_brand?post=694588"},{"taxonomy":"product_cat","embeddable":true,"href":"https:\/\/nbg.eu\/lv\/wp-json\/wp\/v2\/product_cat?post=694588"},{"taxonomy":"product_tag","embeddable":true,"href":"https:\/\/nbg.eu\/lv\/wp-json\/wp\/v2\/product_tag?post=694588"}],"curies":[{"name":"wp","href":"https:\/\/api.w.org\/{rel}","templated":true}]}}