{"id":694636,"date":"2024-08-18T12:24:10","date_gmt":"2024-08-18T09:24:10","guid":{"rendered":"https:\/\/nbg.eu\/product\/thread-cover-kmr-m13x1l-black\/"},"modified":"2026-04-16T17:50:07","modified_gmt":"2026-04-16T14:50:07","slug":"thread-cover-kmr-m13x1l-black","status":"publish","type":"product","link":"https:\/\/nbg.eu\/lv\/product\/thread-cover-kmr-m13x1l-black\/","title":{"rendered":"KMR V\u012btnes Aizsargv\u0101ci\u0146\u0161 M13x1L Melns"},"content":{"rendered":"<h2>V\u012btnes p\u0101rsegs KMR M13X1L Melns<\/h2>\n<p>Uzlabojiet savu iero\u010du taktisko sniegumu ar v\u012btnes p\u0101rsegu. Izstr\u0101d\u0101ts, lai integr\u0113tos ar KMR L-02 UMBRA (OR) SR, \u0161is v\u012btnes p\u0101rsegs nodro\u0161ina gl\u012btu un iztur\u012bgu risin\u0101jumu, lai aizsarg\u0101tu j\u016bsu iero\u010da v\u012btnes, kad t\u0101s netiek izmantotas.<\/p>\n<p>Izgatavotas no augstas kvalit\u0101tes materi\u0101liem, v\u012btnes p\u0101rsegs pied\u0101v\u0101 iztur\u012bgu konstrukciju, kas var iztur\u0113t taktisko vidi. T\u0101 melnie apdares to\u0146i saskan ar j\u016bsu ieroci, nodro\u0161inot t\u012bru un profesion\u0101lu izskatu.<\/p>\n","protected":false},"excerpt":{"rendered":"<p>V\u012bt\u0146u p\u0101rsegs KMR M13X1L melns priek\u0161 KMR L-02 UMBRA (VAI) SR.<\/p>\n","protected":false},"featured_media":26008,"template":"","meta":{"_acf_changed":false},"product_brand":[11512],"product_cat":[13777],"product_tag":[],"class_list":{"0":"post-694636","1":"product","2":"type-product","3":"status-publish","4":"has-post-thumbnail","6":"product_brand-kmr-precision","7":"product_cat-kmr-detalas","9":"first","10":"instock","11":"taxable","12":"shipping-taxable","13":"product-type-simple"},"acf":[],"_links":{"self":[{"href":"https:\/\/nbg.eu\/lv\/wp-json\/wp\/v2\/product\/694636","targetHints":{"allow":["GET"]}}],"collection":[{"href":"https:\/\/nbg.eu\/lv\/wp-json\/wp\/v2\/product"}],"about":[{"href":"https:\/\/nbg.eu\/lv\/wp-json\/wp\/v2\/types\/product"}],"wp:featuredmedia":[{"embeddable":true,"href":"https:\/\/nbg.eu\/lv\/wp-json\/wp\/v2\/media\/26008"}],"wp:attachment":[{"href":"https:\/\/nbg.eu\/lv\/wp-json\/wp\/v2\/media?parent=694636"}],"wp:term":[{"taxonomy":"product_brand","embeddable":true,"href":"https:\/\/nbg.eu\/lv\/wp-json\/wp\/v2\/product_brand?post=694636"},{"taxonomy":"product_cat","embeddable":true,"href":"https:\/\/nbg.eu\/lv\/wp-json\/wp\/v2\/product_cat?post=694636"},{"taxonomy":"product_tag","embeddable":true,"href":"https:\/\/nbg.eu\/lv\/wp-json\/wp\/v2\/product_tag?post=694636"}],"curies":[{"name":"wp","href":"https:\/\/api.w.org\/{rel}","templated":true}]}}