{"id":694689,"date":"2024-09-18T14:06:30","date_gmt":"2024-09-18T11:06:30","guid":{"rendered":"https:\/\/nbg.eu\/product\/thumbrest-3-20-alu-black-kmr\/"},"modified":"2026-04-16T17:48:34","modified_gmt":"2026-04-16T14:48:34","slug":"thumbrest-3-20-alu-black-kmr","status":"publish","type":"product","link":"https:\/\/nbg.eu\/lv\/product\/thumbrest-3-20-alu-black-kmr\/","title":{"rendered":"KMR \u012ak\u0161\u0137a Atbalsts 3-20\u00b0 ALU Melns"},"content":{"rendered":"<h2>THUMBREST 3-20\u00b0 ALU BLACK KMR<\/h2>\n<p>THUMBREST 3-20\u00b0 ALU BLACK KMR ir daudzpus\u012bgs un ergonomisks aksesu\u0101rs, kas izstr\u0101d\u0101ts, lai uzlabotu \u0161au\u0161anas pieredzi KMR iero\u010du platformas lietot\u0101jiem. \u0160is \u012bk\u0161\u0137a balsts nodro\u0161ina \u0113rtu un stabilu satv\u0113rienu, pal\u012bdzot \u0161\u0101v\u0113jiem uztur\u0113t lab\u0101ku kontroli un precizit\u0101ti, \u0161aujot ar saviem iero\u010diem.<\/p>\n<p>Sader\u012bgs ar KMR L-02 ORCA modeli l\u012bdz 2023. gadam, THUMBREST 3-20\u00b0 ALU BLACK KMR ir daudzpus\u012bgs un uzticams aksesu\u0101rs, kas var uzlabot j\u016bsu iero\u010da funkcionalit\u0101ti un ergonomiku. Neatkar\u012bgi no t\u0101, vai j\u016bs esat pieredz\u0113jis \u0161\u0101v\u0113js vai ies\u0101c\u0113js, \u0161is \u012bk\u0161\u0137a balsts var pal\u012bdz\u0113t jums sasniegt lab\u0101ku kontroli, stabilit\u0101ti un precizit\u0101ti, iesaistoties savos m\u0113r\u0137os.<\/p>\n","protected":false},"excerpt":{"rendered":"<p>\u0112rts tv\u0113riens, stabiliz\u0113 iero\u010du, lab\u0101ka kontrole KMR L-02 ORCA.<\/p>\n","protected":false},"featured_media":24226,"template":"","meta":{"_acf_changed":false},"product_brand":[11512],"product_cat":[13777],"product_tag":[],"class_list":{"0":"post-694689","1":"product","2":"type-product","3":"status-publish","4":"has-post-thumbnail","6":"product_brand-kmr-precision","7":"product_cat-kmr-detalas","9":"first","10":"outofstock","11":"taxable","12":"shipping-taxable","13":"product-type-simple"},"acf":[],"_links":{"self":[{"href":"https:\/\/nbg.eu\/lv\/wp-json\/wp\/v2\/product\/694689","targetHints":{"allow":["GET"]}}],"collection":[{"href":"https:\/\/nbg.eu\/lv\/wp-json\/wp\/v2\/product"}],"about":[{"href":"https:\/\/nbg.eu\/lv\/wp-json\/wp\/v2\/types\/product"}],"wp:featuredmedia":[{"embeddable":true,"href":"https:\/\/nbg.eu\/lv\/wp-json\/wp\/v2\/media\/24226"}],"wp:attachment":[{"href":"https:\/\/nbg.eu\/lv\/wp-json\/wp\/v2\/media?parent=694689"}],"wp:term":[{"taxonomy":"product_brand","embeddable":true,"href":"https:\/\/nbg.eu\/lv\/wp-json\/wp\/v2\/product_brand?post=694689"},{"taxonomy":"product_cat","embeddable":true,"href":"https:\/\/nbg.eu\/lv\/wp-json\/wp\/v2\/product_cat?post=694689"},{"taxonomy":"product_tag","embeddable":true,"href":"https:\/\/nbg.eu\/lv\/wp-json\/wp\/v2\/product_tag?post=694689"}],"curies":[{"name":"wp","href":"https:\/\/api.w.org\/{rel}","templated":true}]}}