{"id":694737,"date":"2024-08-17T15:43:53","date_gmt":"2024-08-17T12:43:53","guid":{"rendered":"https:\/\/nbg.eu\/product\/thumbrest-4-48-alu-black-kmr\/"},"modified":"2026-04-16T17:52:21","modified_gmt":"2026-04-16T14:52:21","slug":"thumbrest-4-48-alu-black-kmr","status":"publish","type":"product","link":"https:\/\/nbg.eu\/lv\/product\/thumbrest-4-48-alu-black-kmr\/","title":{"rendered":"KMR \u012ak\u0161\u0137a Atbalsts 4-48\u00b0 ALU Melns priek\u0161 Orca 2023"},"content":{"rendered":"<h2>TUREPID\u017dA 4-48\u00b0 ALU MELNA KMR<\/h2>\n<p>Uzlabojiet savu \u0161au\u0161anas pieredzi ar TUREPID\u017dA 4-48\u00b0 ALU MELNA KMR. \u0160is novatoriskais aksesu\u0101rs nodro\u0161ina \u0113rtu un stabilu tv\u0113rienu uz j\u016bsu ier\u012bces, \u013caujot jums saglab\u0101t lab\u0101ku kontroli un precizit\u0101ti \u0161au\u0161anas laik\u0101.<\/p>\n<p>Paredz\u0113ts lieto\u0161anai ar KMR iero\u010du mode\u013ciem, konkr\u0113ti ar KMR L-02 ORCA modeli l\u012bdz 2023. gadam, turepid\u017ea ir apr\u012bkota ar daudzveid\u012bgu 4-48\u00b0 le\u0146\u0137a regul\u0113\u0161anas diapazonu. \u0160\u012b regul\u0113jam\u012bba nodro\u0161ina piel\u0101gotu ietilp\u012bbu, kas atbilst j\u016bsu personiskajai \u0161au\u0161anas stilam un preferenc\u0113m.<\/p>\n<p>Uzlabojiet savu \u0161au\u0161anas sniegumu un paaugstiniet savu kontroli ar TUREPID\u017dA 4-48\u00b0 ALU MELNA KMR. Paaugstiniet savu \u0161au\u0161anas pieredzi un novietojiet savas prasmes n\u0101kamaj\u0101 l\u012bmen\u012b.<\/p>\n","protected":false},"excerpt":{"rendered":"<p>Komfortabla satver\u0161ana, stabiliz\u0113ts ierocis, lab\u0101ka kontrole KMR L-02 ORCA.<\/p>\n","protected":false},"featured_media":24249,"template":"","meta":{"_acf_changed":false},"product_brand":[11512],"product_cat":[13777],"product_tag":[],"class_list":{"0":"post-694737","1":"product","2":"type-product","3":"status-publish","4":"has-post-thumbnail","6":"product_brand-kmr-precision","7":"product_cat-kmr-detalas","9":"first","10":"instock","11":"taxable","12":"shipping-taxable","13":"product-type-simple"},"acf":[],"_links":{"self":[{"href":"https:\/\/nbg.eu\/lv\/wp-json\/wp\/v2\/product\/694737","targetHints":{"allow":["GET"]}}],"collection":[{"href":"https:\/\/nbg.eu\/lv\/wp-json\/wp\/v2\/product"}],"about":[{"href":"https:\/\/nbg.eu\/lv\/wp-json\/wp\/v2\/types\/product"}],"wp:featuredmedia":[{"embeddable":true,"href":"https:\/\/nbg.eu\/lv\/wp-json\/wp\/v2\/media\/24249"}],"wp:attachment":[{"href":"https:\/\/nbg.eu\/lv\/wp-json\/wp\/v2\/media?parent=694737"}],"wp:term":[{"taxonomy":"product_brand","embeddable":true,"href":"https:\/\/nbg.eu\/lv\/wp-json\/wp\/v2\/product_brand?post=694737"},{"taxonomy":"product_cat","embeddable":true,"href":"https:\/\/nbg.eu\/lv\/wp-json\/wp\/v2\/product_cat?post=694737"},{"taxonomy":"product_tag","embeddable":true,"href":"https:\/\/nbg.eu\/lv\/wp-json\/wp\/v2\/product_tag?post=694737"}],"curies":[{"name":"wp","href":"https:\/\/api.w.org\/{rel}","templated":true}]}}