{"id":694752,"date":"2024-08-18T11:09:22","date_gmt":"2024-08-18T08:09:22","guid":{"rendered":"https:\/\/nbg.eu\/product\/thumbrest-screw-m4x8-din-965-kmr\/"},"modified":"2026-04-16T17:51:23","modified_gmt":"2026-04-16T14:51:23","slug":"thumbrest-screw-m4x8-din-965-kmr","status":"publish","type":"product","link":"https:\/\/nbg.eu\/lv\/product\/thumbrest-screw-m4x8-din-965-kmr\/","title":{"rendered":"KMR \u012ak\u0161\u0137a Atbalsta Skr\u016bve M4x8 DIN 965"},"content":{"rendered":"<h2>\u012ak\u0161\u0137atbalsta skr\u016bve M4X8 Din 965 KMR<\/h2>\n<p>\u012ak\u0161\u0137atbalsta skr\u016bve M4X8 Din 965 KMR ir b\u016btiska sast\u0101vda\u013ca sader\u012bgiem KMR iero\u010du mode\u013ciem.<\/p>\n<p>Izgatavota no iztur\u012bgiem materi\u0101liem, \u012ak\u0161\u0137atbalsta skr\u016bve M4X8 Din 965 KMR ir konstru\u0113ta, lai iztur\u0113tu taktisk\u0101s vides pras\u012bbas. T\u0101s korozijas iztur\u012bg\u0101 apdare un iztur\u012bgais dizains to padara par uzticamu izv\u0113li iero\u010du piel\u0101go\u0161anai un uzlabo\u0161anai. Vai nu j\u016bs uzlabojat savu KMR \u0161aujamieroci, vai vienk\u0101r\u0161i aizst\u0101jat nolietotu skr\u016bvi, \u0161is komponents ir neaizst\u0101jams, lai uztur\u0113tu j\u016bsu iero\u010da optim\u0101lu veiktsp\u0113ju un funkcionalit\u0101ti.<\/p>\n<p>Iero\u010di KMR:<\/p>\n<p>KMR L-02 EMIQ<\/p>\n<p>KMR L-02 EMIQ (OR)<\/p>\n<p>KMR L-02 ORCA NO 2024<\/p>\n<p>KMR L-02 ORCA L\u012aDZ 2023<\/p>\n","protected":false},"excerpt":{"rendered":"<p>\u012ak\u0161\u0137a palikt\u0146a skr\u016bve M4x8 DIN 965 iero\u010du KMR L-02 EMIQ un ORCA.<\/p>\n","protected":false},"featured_media":25316,"template":"","meta":{"_acf_changed":false},"product_brand":[11512],"product_cat":[13777],"product_tag":[],"class_list":{"0":"post-694752","1":"product","2":"type-product","3":"status-publish","4":"has-post-thumbnail","6":"product_brand-kmr-precision","7":"product_cat-kmr-detalas","9":"first","10":"instock","11":"taxable","12":"shipping-taxable","13":"product-type-simple"},"acf":[],"_links":{"self":[{"href":"https:\/\/nbg.eu\/lv\/wp-json\/wp\/v2\/product\/694752","targetHints":{"allow":["GET"]}}],"collection":[{"href":"https:\/\/nbg.eu\/lv\/wp-json\/wp\/v2\/product"}],"about":[{"href":"https:\/\/nbg.eu\/lv\/wp-json\/wp\/v2\/types\/product"}],"wp:featuredmedia":[{"embeddable":true,"href":"https:\/\/nbg.eu\/lv\/wp-json\/wp\/v2\/media\/25316"}],"wp:attachment":[{"href":"https:\/\/nbg.eu\/lv\/wp-json\/wp\/v2\/media?parent=694752"}],"wp:term":[{"taxonomy":"product_brand","embeddable":true,"href":"https:\/\/nbg.eu\/lv\/wp-json\/wp\/v2\/product_brand?post=694752"},{"taxonomy":"product_cat","embeddable":true,"href":"https:\/\/nbg.eu\/lv\/wp-json\/wp\/v2\/product_cat?post=694752"},{"taxonomy":"product_tag","embeddable":true,"href":"https:\/\/nbg.eu\/lv\/wp-json\/wp\/v2\/product_tag?post=694752"}],"curies":[{"name":"wp","href":"https:\/\/api.w.org\/{rel}","templated":true}]}}