{"id":694805,"date":"2024-09-17T08:12:35","date_gmt":"2024-09-17T05:12:35","guid":{"rendered":"https:\/\/nbg.eu\/product\/trigger-bar-sa-kmr-l\/"},"modified":"2026-04-16T17:49:17","modified_gmt":"2026-04-16T14:49:17","slug":"trigger-bar-sa-kmr-l","status":"publish","type":"product","link":"https:\/\/nbg.eu\/lv\/product\/trigger-bar-sa-kmr-l\/","title":{"rendered":"KMR Gai\u013ca Stie\u0146is SA L"},"content":{"rendered":"<h2>Trigger Bar SA KMR L<\/h2>\n<p>Trigger Bar SA KMR L ir kritiska iek\u0161\u0113j\u0101 komponente KMR L mode\u013ca pistolei vienkar\u0161\u0101 darb\u012bbas (SA) konfigur\u0101cij\u0101. \u0160is komponents p\u0101rnes trigger kust\u012bbu uz \u0161au\u0161anas meh\u0101nismu, nodro\u0161inot iero\u010da vienm\u0113r\u012bgu un uzticamu darb\u012bbu.<\/p>\n<p>Paredz\u0113ts lieto\u0161anai ar \u0161\u0101diem Weapons KMR mode\u013ciem:<\/p>\n<ul>\n<p>KMR L-02 EMIQ<\/p>\n<p>KMR L-02 EMIQ (OR)<\/p>\n<p>KMR L-02 ORCA L\u012aDZ 2023<\/p>\n<\/ul>\n<p>Atsauces numurs 0900-00303-0900<\/p>\n","protected":false},"excerpt":{"rendered":"<p>P\u0101rbaudes iesl\u0113dz kust\u012bbu uz \u0161au\u0161anas meh\u0101nismu uz KMR L SA pistoles.<\/p>\n","protected":false},"featured_media":63609,"template":"","meta":{"_acf_changed":false},"product_brand":[11512],"product_cat":[13777],"product_tag":[],"class_list":{"0":"post-694805","1":"product","2":"type-product","3":"status-publish","4":"has-post-thumbnail","6":"product_brand-kmr-precision","7":"product_cat-kmr-detalas","9":"first","10":"outofstock","11":"taxable","12":"shipping-taxable","13":"product-type-simple"},"acf":[],"_links":{"self":[{"href":"https:\/\/nbg.eu\/lv\/wp-json\/wp\/v2\/product\/694805","targetHints":{"allow":["GET"]}}],"collection":[{"href":"https:\/\/nbg.eu\/lv\/wp-json\/wp\/v2\/product"}],"about":[{"href":"https:\/\/nbg.eu\/lv\/wp-json\/wp\/v2\/types\/product"}],"wp:featuredmedia":[{"embeddable":true,"href":"https:\/\/nbg.eu\/lv\/wp-json\/wp\/v2\/media\/63609"}],"wp:attachment":[{"href":"https:\/\/nbg.eu\/lv\/wp-json\/wp\/v2\/media?parent=694805"}],"wp:term":[{"taxonomy":"product_brand","embeddable":true,"href":"https:\/\/nbg.eu\/lv\/wp-json\/wp\/v2\/product_brand?post=694805"},{"taxonomy":"product_cat","embeddable":true,"href":"https:\/\/nbg.eu\/lv\/wp-json\/wp\/v2\/product_cat?post=694805"},{"taxonomy":"product_tag","embeddable":true,"href":"https:\/\/nbg.eu\/lv\/wp-json\/wp\/v2\/product_tag?post=694805"}],"curies":[{"name":"wp","href":"https:\/\/api.w.org\/{rel}","templated":true}]}}