{"id":694834,"date":"2024-09-17T08:32:39","date_gmt":"2024-09-17T05:32:39","guid":{"rendered":"https:\/\/nbg.eu\/product\/trigger-bar-sa-da-kmr-w\/"},"modified":"2026-04-16T17:49:13","modified_gmt":"2026-04-16T14:49:13","slug":"trigger-bar-sa-da-kmr-w","status":"publish","type":"product","link":"https:\/\/nbg.eu\/lv\/product\/trigger-bar-sa-da-kmr-w\/","title":{"rendered":"KMR Gai\u013ca Stie\u0146is SA\/DA W"},"content":{"rendered":"<h2>Palaid\u0113jsviras SA\/DA KMR W<\/h2>\n<p>Iek\u0161\u0113j\u0101 pistoles komponente, kas p\u0101rvieto palaid\u0113jsviru uz \u0161au\u0161anas meh\u0101nismu KMR W model\u012b gan vienreiz\u0113j\u0101s, gan divreiz\u0113j\u0101s darb\u012bbas (SA\/DA) re\u017e\u012bm\u0101. \u0160\u012b daudzfunkcion\u0101l\u0101 palaid\u0113jsvira ir izstr\u0101d\u0101ta, lai veiksm\u012bgi integr\u0113tos ar \u0161\u0101diem KMR iero\u010diem:<\/p>\n<ul>\n<li>KMR S-01 LANCE (OR)<\/li>\n<li>KMR S-02 NO 2024<\/li>\n<li>KMR S-02 L\u012aDZ 2023<\/li>\n<li>KMR W-02 CUDA L\u012aDZ 2023<\/li>\n<li>KMR W-02 UMBRA<\/li>\n<li>KMR W-02 UMBRA (OR)<\/li>\n<\/ul>\n<p>Atsauces numurs: 0900-00401-0900.<\/p>\n","protected":false},"excerpt":{"rendered":"<p>Aktiviz\u0113 \u0161autuves atlaisin\u0101\u0161anas meh\u0101nismu KMR W mode\u013cos, SA\/DA.<\/p>\n","protected":false},"featured_media":25524,"template":"","meta":{"_acf_changed":false},"product_brand":[11512],"product_cat":[13777],"product_tag":[],"class_list":{"0":"post-694834","1":"product","2":"type-product","3":"status-publish","4":"has-post-thumbnail","6":"product_brand-kmr-precision","7":"product_cat-kmr-detalas","9":"first","10":"instock","11":"taxable","12":"shipping-taxable","13":"product-type-simple"},"acf":[],"_links":{"self":[{"href":"https:\/\/nbg.eu\/lv\/wp-json\/wp\/v2\/product\/694834","targetHints":{"allow":["GET"]}}],"collection":[{"href":"https:\/\/nbg.eu\/lv\/wp-json\/wp\/v2\/product"}],"about":[{"href":"https:\/\/nbg.eu\/lv\/wp-json\/wp\/v2\/types\/product"}],"wp:featuredmedia":[{"embeddable":true,"href":"https:\/\/nbg.eu\/lv\/wp-json\/wp\/v2\/media\/25524"}],"wp:attachment":[{"href":"https:\/\/nbg.eu\/lv\/wp-json\/wp\/v2\/media?parent=694834"}],"wp:term":[{"taxonomy":"product_brand","embeddable":true,"href":"https:\/\/nbg.eu\/lv\/wp-json\/wp\/v2\/product_brand?post=694834"},{"taxonomy":"product_cat","embeddable":true,"href":"https:\/\/nbg.eu\/lv\/wp-json\/wp\/v2\/product_cat?post=694834"},{"taxonomy":"product_tag","embeddable":true,"href":"https:\/\/nbg.eu\/lv\/wp-json\/wp\/v2\/product_tag?post=694834"}],"curies":[{"name":"wp","href":"https:\/\/api.w.org\/{rel}","templated":true}]}}