{"id":694861,"date":"2024-08-17T17:23:25","date_gmt":"2024-08-17T14:23:25","guid":{"rendered":"https:\/\/nbg.eu\/product\/trigger-bar-spring-kmr\/"},"modified":"2026-04-16T17:52:02","modified_gmt":"2026-04-16T14:52:02","slug":"trigger-bar-spring-kmr","status":"publish","type":"product","link":"https:\/\/nbg.eu\/lv\/product\/trigger-bar-spring-kmr\/","title":{"rendered":"KMR Gai\u013ca Stie\u0146a Atspere"},"content":{"rendered":"<h2>Spriegot\u0101ja stie\u0146a atspere KMR iero\u010diem KMR<\/h2>\n<p>Prec\u012bzi un iztur\u012bgi izstr\u0101d\u0101ta, \u0161\u012b atspere nodro\u0161ina gludo un uzticamo spriegot\u0101ja darb\u012bbu \u0161iem uzlabotas sist\u0113mas iero\u010diem. T\u0101s iztur\u012bg\u0101 konstrukcija un r\u016bp\u012bgs dizains nodro\u0161ina stabilu veiktsp\u0113ju pat vissmag\u0101kaj\u0101 vid\u0113.<\/p>\n<p>Vai esat profesion\u0101ls \u0161\u0101v\u0113js vai aizraut\u012bgs entuziasts, \u0161is elements ir b\u016btisks rezerves da\u013ca, lai uztur\u0113tu KMR iero\u010du optim\u0101lu funkcionalit\u0101ti. Ieguldiet \u0161o augstas kvalit\u0101tes komponent\u0101, lai j\u016bsu iero\u010di str\u0101d\u0101tu vislab\u0101kaj\u0101 sniegum\u0101.<\/p>\n<p>Iero\u010diem KMR:<\/p>\n<p>KMR L-02 SPECTRA NO 2024<\/p>\n<p>KMR L-02 SPECTRA L\u012aDZ 2023<\/p>\n<p>KMR L-02 UMBRA (OR) SR<\/p>\n<p>KMR S-01 LANCE (OR)<\/p>\n<p>KMR S-02 NO 2024<\/p>\n<p>KMR S-02 L\u012aDZ 2023<\/p>\n<p>KMR W-02 CUDA (OR)<\/p>\n<p>KMR W-02 UMBRA<\/p>\n<p>KMR W-02 UMBRA (OR)<\/p>\n","protected":false},"excerpt":{"rendered":"<p>Atspere p\u0101rvieto\u0161anai \u0161\u0137iel\u0113\u0161anas sviras KMR mode\u013ciem.<\/p>\n","protected":false},"featured_media":24642,"template":"","meta":{"_acf_changed":false},"product_brand":[11512],"product_cat":[13795,13777],"product_tag":[],"class_list":{"0":"post-694861","1":"product","2":"type-product","3":"status-publish","4":"has-post-thumbnail","6":"product_brand-kmr-precision","7":"product_cat-atsperes","8":"product_cat-kmr-detalas","10":"first","11":"instock","12":"taxable","13":"shipping-taxable","14":"product-type-simple"},"acf":[],"_links":{"self":[{"href":"https:\/\/nbg.eu\/lv\/wp-json\/wp\/v2\/product\/694861","targetHints":{"allow":["GET"]}}],"collection":[{"href":"https:\/\/nbg.eu\/lv\/wp-json\/wp\/v2\/product"}],"about":[{"href":"https:\/\/nbg.eu\/lv\/wp-json\/wp\/v2\/types\/product"}],"wp:featuredmedia":[{"embeddable":true,"href":"https:\/\/nbg.eu\/lv\/wp-json\/wp\/v2\/media\/24642"}],"wp:attachment":[{"href":"https:\/\/nbg.eu\/lv\/wp-json\/wp\/v2\/media?parent=694861"}],"wp:term":[{"taxonomy":"product_brand","embeddable":true,"href":"https:\/\/nbg.eu\/lv\/wp-json\/wp\/v2\/product_brand?post=694861"},{"taxonomy":"product_cat","embeddable":true,"href":"https:\/\/nbg.eu\/lv\/wp-json\/wp\/v2\/product_cat?post=694861"},{"taxonomy":"product_tag","embeddable":true,"href":"https:\/\/nbg.eu\/lv\/wp-json\/wp\/v2\/product_tag?post=694861"}],"curies":[{"name":"wp","href":"https:\/\/api.w.org\/{rel}","templated":true}]}}