{"id":694883,"date":"2025-03-09T15:43:31","date_gmt":"2025-03-09T12:43:31","guid":{"rendered":"https:\/\/nbg.eu\/product\/blue-force-gear-trauma-kit-now-medium-medical-supplies\/"},"modified":"2026-05-13T16:43:14","modified_gmt":"2026-05-13T13:43:14","slug":"blue-force-gear-trauma-kit-now-medium-medical-supplies","status":"publish","type":"product","link":"https:\/\/nbg.eu\/lv\/product\/blue-force-gear-trauma-kit-now-medium-medical-supplies\/","title":{"rendered":"Blue Force Gear Trauma Kit NOW! Medium Medical Supplies"},"content":{"rendered":"<h2>Blue Force Gear Trauma Kit NOW! (Medium)<\/h2>\n<p>\u0100tri piek\u013c\u016bstiet b\u016btiskam gl\u0101b\u0161anas medic\u012bniskajam apr\u012bkojumam ar Blue Force Gear Trauma Kit NOW! (Medium). Ar vienas rokas \u0101tru piek\u013cuvi \u0161is komplekts ir paredz\u0113ts &#8220;t\u016bl\u012bt\u0113jai r\u012bc\u012bbai&#8221; medic\u012bnisk\u0101s \u0101rk\u0101rtas situ\u0101cij\u0101s. Novilk\u0161anas roktura dizains \u013cauj visu medic\u012bnisko ieliktni izvietot ar vienu kust\u012bbu no jebkuras rokas, nodro\u0161inot, ka kritiskie piederumi, piem\u0113ram, t\u016brni\u0137i, kr\u016b\u0161u bl\u012bves un hemostatiskie l\u012bdzek\u013ci, ir pieejami sekun\u017eu laik\u0101, kad katrs mirklis ir iz\u0161\u0137iro\u0161s.<\/p>\n<p>Izgatavots ar BLIP (Ballistic Line Integrated Pull) roktura tehnolo\u0123iju, Helium Whisper pievieno\u0161anas sist\u0113mu un MIL-SPEC 500D Cordura konstrukciju, Trauma Kit NOW! (Medium) ir iztur\u012bgs un uzticams risin\u0101jums j\u016bsu medic\u012bnisk\u0101s gatav\u012bbas vajadz\u012bb\u0101m. T\u0101 divu da\u013cu dizains ar \u0101r\u0113jo maisi\u0146u un no\u0146emamu iek\u0161\u0113jo p\u0101rvad\u0101t\u0101ju nodro\u0161ina daudzpus\u012bbu un organiz\u0101ciju, pal\u012bdzot jums b\u016bt gatavam jebkurai \u0101rk\u0101rtas situ\u0101cijai.<\/p>\n","protected":false},"excerpt":{"rendered":"<p>\u0100rk\u0101rtas gad\u012bjumu komplekts ar dz\u012bv\u012bbas gl\u0101b\u0161anas apr\u012bkojumu.<\/p>\n","protected":false},"featured_media":251685,"template":"","meta":{"_acf_changed":false},"product_brand":[11134],"product_cat":[13784],"product_tag":[],"class_list":{"0":"post-694883","1":"product","2":"type-product","3":"status-publish","4":"has-post-thumbnail","6":"product_brand-blue-force-gear","7":"product_cat-medicinas","9":"first","10":"instock","11":"taxable","12":"shipping-taxable","13":"purchasable","14":"product-type-variable","15":"wvs-archive-product-wrapper"},"acf":[],"_links":{"self":[{"href":"https:\/\/nbg.eu\/lv\/wp-json\/wp\/v2\/product\/694883","targetHints":{"allow":["GET"]}}],"collection":[{"href":"https:\/\/nbg.eu\/lv\/wp-json\/wp\/v2\/product"}],"about":[{"href":"https:\/\/nbg.eu\/lv\/wp-json\/wp\/v2\/types\/product"}],"wp:featuredmedia":[{"embeddable":true,"href":"https:\/\/nbg.eu\/lv\/wp-json\/wp\/v2\/media\/251685"}],"wp:attachment":[{"href":"https:\/\/nbg.eu\/lv\/wp-json\/wp\/v2\/media?parent=694883"}],"wp:term":[{"taxonomy":"product_brand","embeddable":true,"href":"https:\/\/nbg.eu\/lv\/wp-json\/wp\/v2\/product_brand?post=694883"},{"taxonomy":"product_cat","embeddable":true,"href":"https:\/\/nbg.eu\/lv\/wp-json\/wp\/v2\/product_cat?post=694883"},{"taxonomy":"product_tag","embeddable":true,"href":"https:\/\/nbg.eu\/lv\/wp-json\/wp\/v2\/product_tag?post=694883"}],"curies":[{"name":"wp","href":"https:\/\/api.w.org\/{rel}","templated":true}]}}