{"id":694903,"date":"2024-08-18T11:20:42","date_gmt":"2024-08-18T08:20:42","guid":{"rendered":"https:\/\/nbg.eu\/product\/trigger-bar-sa-da-kmr-l\/"},"modified":"2026-04-16T17:50:49","modified_gmt":"2026-04-16T14:50:49","slug":"trigger-bar-sa-da-kmr-l","status":"publish","type":"product","link":"https:\/\/nbg.eu\/lv\/product\/trigger-bar-sa-da-kmr-l\/","title":{"rendered":"KMR Gai\u013ca Stie\u0146is SA\/DA L"},"content":{"rendered":"<h2>Trigger Bar SA\/DA KMR L<\/h2>\n<p>Trigger Bar SA\/DA KMR L ir b\u016btiska iek\u0161\u0113j\u0101 komponente KMR L modelim, kas \u013cauj darbin\u0101t gan vienreiz\u0113j\u0101s darb\u012bbas (SA), gan dubult\u0101s darb\u012bbas (DA) re\u017e\u012bmu. \u0160is komponents p\u0101rvieto trigeri uz \u0161au\u0161anas meh\u0101nismu, nodro\u0161inot uzticamu un prec\u012bzu \u0161au\u0161anu abos re\u017e\u012bmos.<\/p>\n<p>Iero\u010di KMR:<\/p>\n<p>KMR L-02 SPECTRA no 2024<\/p>\n<p>KMR L-02 SPECTRA l\u012bdz 2023<\/p>\n<p>KMR L-02 UMBRA no 2024<\/p>\n<p>KMR L-02 UMBRA l\u012bdz 2023<\/p>\n","protected":false},"excerpt":{"rendered":"<p>P\u0101rbaudes aktiviz\u0113 kust\u012bbu SA\/DA modelim KMR L<\/p>\n","protected":false},"featured_media":25547,"template":"","meta":{"_acf_changed":false},"product_brand":[11512],"product_cat":[13777],"product_tag":[],"class_list":{"0":"post-694903","1":"product","2":"type-product","3":"status-publish","4":"has-post-thumbnail","6":"product_brand-kmr-precision","7":"product_cat-kmr-detalas","9":"first","10":"instock","11":"taxable","12":"shipping-taxable","13":"product-type-simple"},"acf":[],"_links":{"self":[{"href":"https:\/\/nbg.eu\/lv\/wp-json\/wp\/v2\/product\/694903","targetHints":{"allow":["GET"]}}],"collection":[{"href":"https:\/\/nbg.eu\/lv\/wp-json\/wp\/v2\/product"}],"about":[{"href":"https:\/\/nbg.eu\/lv\/wp-json\/wp\/v2\/types\/product"}],"wp:featuredmedia":[{"embeddable":true,"href":"https:\/\/nbg.eu\/lv\/wp-json\/wp\/v2\/media\/25547"}],"wp:attachment":[{"href":"https:\/\/nbg.eu\/lv\/wp-json\/wp\/v2\/media?parent=694903"}],"wp:term":[{"taxonomy":"product_brand","embeddable":true,"href":"https:\/\/nbg.eu\/lv\/wp-json\/wp\/v2\/product_brand?post=694903"},{"taxonomy":"product_cat","embeddable":true,"href":"https:\/\/nbg.eu\/lv\/wp-json\/wp\/v2\/product_cat?post=694903"},{"taxonomy":"product_tag","embeddable":true,"href":"https:\/\/nbg.eu\/lv\/wp-json\/wp\/v2\/product_tag?post=694903"}],"curies":[{"name":"wp","href":"https:\/\/api.w.org\/{rel}","templated":true}]}}