{"id":695147,"date":"2024-08-16T23:17:10","date_gmt":"2024-08-16T20:17:10","guid":{"rendered":"https:\/\/nbg.eu\/product\/trigger-hammer-pin-kmr\/"},"modified":"2026-05-13T16:02:03","modified_gmt":"2026-05-13T13:02:03","slug":"trigger-hammer-pin-kmr","status":"publish","type":"product","link":"https:\/\/nbg.eu\/lv\/product\/trigger-hammer-pin-kmr\/","title":{"rendered":"KMR Gailis &amp; Hammer Pin"},"content":{"rendered":"<h2>ATSL\u0112GAS UN \u0100MURA SPRAUDNIS<\/h2>\n<p>Uzlabojiet sava iero\u010da veiktsp\u0113ju ar ATSL\u0112GAS UN \u0100MURA SPRAUDNI, augstas kvalit\u0101tes aizst\u0101j\u0113jkomponentu, kas izstr\u0101d\u0101ts, lai uzlabotu atsl\u0113gas vilk\u0161anu un kop\u0113jo \u0161au\u0161anas pieredzi. \u0160is spraud\u0146u komplekts, kas izgatavots no augstas kvalit\u0101tes materi\u0101liem, ir konstru\u0113ts, lai nodro\u0161in\u0101tu vienm\u0113r\u012bgu un konsekventu atsl\u0113gas darb\u012bbu, uzlabojot precizit\u0101ti un kontroli.<\/p>\n<p>Ar prec\u012bzi izstr\u0101d\u0101tu dizainu ATSL\u0112GAS UN \u0100MURA SPRAUDNIS nodro\u0161ina ide\u0101lu piel\u0101go\u0161anos j\u016bsu ierocim, samazinot kust\u012bbu un uzlabojot atsl\u0113gas reakciju. T\u0101 iztur\u012bg\u0101 konstrukcija ir veidota, lai iztur\u0113tu bie\u017ea lietojuma rad\u012bto slogu, nodro\u0161inot ilgsto\u0161u uzticam\u012bbu un veiktsp\u0113ju.<\/p>\n<p>Paredz\u0113ts k\u0101 vienk\u0101r\u0161a nomai\u0146as da\u013ca, ATSL\u0112GAS UN \u0100MURA SPRAUDNI ir viegli uzst\u0101d\u012bt, \u013caujot jums \u0101tri un viegli uzlabot savu ieroci bez vajadz\u012bbas p\u0113c specializ\u0113tiem instrumentiem vai liel\u0101m modifik\u0101cij\u0101m. Neatkar\u012bgi no t\u0101, vai esat sacens\u012bbu \u0161\u0101v\u0113js, taktiskais operators vai aizraut\u012bgs hobists, \u0161is spraud\u0146u komplekts paaugstin\u0101s j\u016bsu \u0161au\u0161anas sp\u0113jas un pacelts j\u016bsu iero\u010da veiktsp\u0113ju uz n\u0101kamo l\u012bmeni.<\/p>\n<p>Paredz\u0113ts KMR iero\u010diem, piem\u0113ram:<br \/>\nKMR L-02 EMIQ<br \/>\nKMR L-02 EMIQ (OR)<br \/>\nKMR L-02 ORCA NO 2024<br \/>\nKMR L-02 ORCA L\u012aDZ 2023<br \/>\nKMR L-02 SPECTRA NO 2024<br \/>\nKMR L-02 SPECTRA L\u012aDZ 2023<br \/>\nKMR L-02 UMBRA NO 2024<br \/>\nKMR L-02 UMBRA L\u012aDZ 2023<br \/>\nKMR S-01 LANCE (OR)<br \/>\nKMR S-02 NO 2024<br \/>\nKMR S-02 L\u012aDZ 2023<br \/>\nKMR W-02 CUDA NO 2024<br \/>\nKMR W-02 CUDA L\u012aDZ 2023<br \/>\nKMR W-02 UMBRA<br \/>\nKMR W-02 UMBRA (OR)<\/p>\n","protected":false},"excerpt":{"rendered":"<p>Augstas kvalit\u0101tes aizdedzes un \u0101mura tapas KMR pistol\u0113m, prec\u012bzi izstr\u0101d\u0101tas.<\/p>\n","protected":false},"featured_media":720196,"template":"","meta":{"_acf_changed":false},"product_brand":[11512],"product_cat":[13777],"product_tag":[],"class_list":{"0":"post-695147","1":"product","2":"type-product","3":"status-publish","4":"has-post-thumbnail","6":"product_brand-kmr-precision","7":"product_cat-kmr-detalas","9":"first","10":"instock","11":"taxable","12":"shipping-taxable","13":"product-type-simple"},"acf":[],"_links":{"self":[{"href":"https:\/\/nbg.eu\/lv\/wp-json\/wp\/v2\/product\/695147","targetHints":{"allow":["GET"]}}],"collection":[{"href":"https:\/\/nbg.eu\/lv\/wp-json\/wp\/v2\/product"}],"about":[{"href":"https:\/\/nbg.eu\/lv\/wp-json\/wp\/v2\/types\/product"}],"wp:featuredmedia":[{"embeddable":true,"href":"https:\/\/nbg.eu\/lv\/wp-json\/wp\/v2\/media\/720196"}],"wp:attachment":[{"href":"https:\/\/nbg.eu\/lv\/wp-json\/wp\/v2\/media?parent=695147"}],"wp:term":[{"taxonomy":"product_brand","embeddable":true,"href":"https:\/\/nbg.eu\/lv\/wp-json\/wp\/v2\/product_brand?post=695147"},{"taxonomy":"product_cat","embeddable":true,"href":"https:\/\/nbg.eu\/lv\/wp-json\/wp\/v2\/product_cat?post=695147"},{"taxonomy":"product_tag","embeddable":true,"href":"https:\/\/nbg.eu\/lv\/wp-json\/wp\/v2\/product_tag?post=695147"}],"curies":[{"name":"wp","href":"https:\/\/api.w.org\/{rel}","templated":true}]}}