{"id":695171,"date":"2025-05-09T13:01:08","date_gmt":"2025-05-09T10:01:08","guid":{"rendered":"https:\/\/nbg.eu\/product\/trigger-kmr-sa-da-straight-black-until-2023\/"},"modified":"2026-04-16T17:47:25","modified_gmt":"2026-04-16T14:47:25","slug":"trigger-kmr-sa-da-straight-black-until-2023","status":"publish","type":"product","link":"https:\/\/nbg.eu\/lv\/product\/trigger-kmr-sa-da-straight-black-until-2023\/","title":{"rendered":"KMR Gailis SA\/DA Taisns Melns (l\u012bdz 2023)"},"content":{"rendered":"<div class=\"product-description\">\n<h2>TRIGGER KMR SA\/DA STRAIGHT BLACK (l\u012bdz 2023)<\/h2>\n<p>Uzlabojiet savu KMR \u0161aujamieroci ar \u0161o prec\u012bzi izstr\u0101d\u0101to palaid\u0113ju. Sader\u012bgs ar KMR L-02 SPECTRA un KMR W-02 UMBRA mode\u013ciem (l\u012bdz 2023). T\u0101 ir taisna meln\u0101 dizaina, kas nodro\u0161ina uzlabotu vad\u012bbu un precizit\u0101ti. Vienas darb\u012bbas\/divk\u0101r\u0161a darb\u012bba funkcionalit\u0101te da\u017e\u0101diem \u0161au\u0161anas pieredzes veidiem.<\/p>\n<p><strong>Atsauce:<\/strong> 0861-01505-0401<\/p>\n<\/div>\n","protected":false},"excerpt":{"rendered":"<p>Prec\u012bzs SA\/DA taisns m\u0113l\u012bte mode\u013ciem KMR. Melna apdare. Pirms 2023.gada.<\/p>\n","protected":false},"featured_media":355416,"template":"","meta":{"_acf_changed":false},"product_brand":[11512],"product_cat":[13777],"product_tag":[],"class_list":{"0":"post-695171","1":"product","2":"type-product","3":"status-publish","4":"has-post-thumbnail","6":"product_brand-kmr-precision","7":"product_cat-kmr-detalas","9":"first","10":"instock","11":"taxable","12":"shipping-taxable","13":"purchasable","14":"product-type-simple"},"acf":[],"_links":{"self":[{"href":"https:\/\/nbg.eu\/lv\/wp-json\/wp\/v2\/product\/695171","targetHints":{"allow":["GET"]}}],"collection":[{"href":"https:\/\/nbg.eu\/lv\/wp-json\/wp\/v2\/product"}],"about":[{"href":"https:\/\/nbg.eu\/lv\/wp-json\/wp\/v2\/types\/product"}],"wp:featuredmedia":[{"embeddable":true,"href":"https:\/\/nbg.eu\/lv\/wp-json\/wp\/v2\/media\/355416"}],"wp:attachment":[{"href":"https:\/\/nbg.eu\/lv\/wp-json\/wp\/v2\/media?parent=695171"}],"wp:term":[{"taxonomy":"product_brand","embeddable":true,"href":"https:\/\/nbg.eu\/lv\/wp-json\/wp\/v2\/product_brand?post=695171"},{"taxonomy":"product_cat","embeddable":true,"href":"https:\/\/nbg.eu\/lv\/wp-json\/wp\/v2\/product_cat?post=695171"},{"taxonomy":"product_tag","embeddable":true,"href":"https:\/\/nbg.eu\/lv\/wp-json\/wp\/v2\/product_tag?post=695171"}],"curies":[{"name":"wp","href":"https:\/\/api.w.org\/{rel}","templated":true}]}}