{"id":695193,"date":"2024-08-16T23:16:32","date_gmt":"2024-08-16T20:16:32","guid":{"rendered":"https:\/\/nbg.eu\/product\/trigger-pin-kmr\/"},"modified":"2026-04-16T17:53:39","modified_gmt":"2026-04-16T14:53:39","slug":"trigger-pin-kmr","status":"publish","type":"product","link":"https:\/\/nbg.eu\/lv\/product\/trigger-pin-kmr\/","title":{"rendered":"KMR Gai\u013ca Tapa"},"content":{"rendered":"<h2>Prec\u012bza Trigger Pivot KMR pistol\u0113m<\/h2>\n<p>Atblo\u0137\u0113jiet sava KMR pistoles pilnu potenci\u0101lu ar m\u016bsu premium Trigger Pin. Izgatavots no r\u016bd\u012bta instrumentu t\u0113rauda un ar r\u016bp\u012bgi nosl\u012bp\u0113tu virsmas apdari, \u0161is komponents nodro\u0161ina stabilo, zemas b\u012bdes asi, kas nepiecie\u0161ama, lai j\u016bsu trigger rot\u0113tu bez \u0161\u0137\u0113r\u0161\u013ciem. At\u0161\u0137ir\u012bb\u0101 no r\u016bpn\u012bcas deta\u013c\u0101m, m\u016bsu Trigger Pin nov\u0113r\u0161 s\u0101nu &#8220;v\u0101rpstu,&#8221; nodro\u0161inot konsekventa, atk\u0101rtojama trigger vilk\u0161anu un nov\u0113r\u0161ot r\u0101mja nodilumu p\u0113c t\u016bksto\u0161iem ciklu.<\/p>\n<p>Konstru\u0113ts atbilsto\u0161i prec\u012bz\u0101m KMR pielaides, m\u016bsu Trigger Pin nodro\u0161ina perfektu piegulumu, sapl\u016bstot ar j\u016bsu pistoles r\u016bpn\u012bcas trigger mont\u0101\u017eu. \u0160is augsta stipruma, iztur\u012bgais dizains optimiz\u0113 kritisko saskarni starp j\u016bsu pirkstu un \u0161\u0101viena meh\u0101nismu, p\u0101rv\u0113r\u0161oties uzlabot\u0101 precizit\u0101t\u0113, precizit\u0101t\u0113 un kontrol\u0113 katram \u0161\u0101vienam.<\/p>\n<p>Neatkar\u012bgi no t\u0101, vai esat sacens\u012bbu \u0161\u0101v\u0113js, kas mekl\u0113, k\u0101 pilnveidot savu iestat\u012bjumu, vai rekre\u0101cijas lietot\u0101js, kur\u0161 v\u0113las uzlabot savu KMR, m\u016bsu Trigger Pin ir tr\u016bksto\u0161\u0101 l\u012bnka, lai atblo\u0137\u0113tu j\u016bsu iero\u010da pilnu potenci\u0101lu. Izbaudiet at\u0161\u0137ir\u012bbu, ko var rad\u012bt patiesi prec\u012bzs, ar mazu berzi trigger pivot j\u016bsu sniegum\u0101 un uzticam\u012bb\u0101.<\/p>\n","protected":false},"excerpt":{"rendered":"<p>Prec\u012bzs \u0161arn\u012brass trigera mont\u0101\u017eai. Prec\u012bzi apstr\u0101d\u0101ts, r\u016bd\u012bts darbar\u012bka t\u0113rauds, \u013coti gludas virsmas apdare un prec\u012bzi atbilsto\u0161s diametrs KMR r\u016bpn\u012bcas pie\u013caujamaj\u0101m novirz\u0113m. Nodro\u0161ina stabilo, ar mazu berzi asu, kas nepiecie\u0161ama trigera vienm\u0113r\u012bgai rot\u0101cijai; iztur\u012bg\u0101 konstrukcija nov\u0113r\u0161 s\u0101nu &#8220;kust\u0113\u0161anos,&#8221; nodro\u0161inot vienm\u0113r\u012bgu, atk\u0101rtojamu trigera darb\u012bbu un nov\u0113r\u0161ot r\u0101mja nodilumu t\u016bksto\u0161iem ciklu laik\u0101.<\/p>\n","protected":false},"featured_media":23735,"template":"","meta":{"_acf_changed":false},"product_brand":[11512],"product_cat":[13777],"product_tag":[],"class_list":{"0":"post-695193","1":"product","2":"type-product","3":"status-publish","4":"has-post-thumbnail","6":"product_brand-kmr-precision","7":"product_cat-kmr-detalas","9":"first","10":"instock","11":"taxable","12":"shipping-taxable","13":"product-type-simple"},"acf":[],"_links":{"self":[{"href":"https:\/\/nbg.eu\/lv\/wp-json\/wp\/v2\/product\/695193","targetHints":{"allow":["GET"]}}],"collection":[{"href":"https:\/\/nbg.eu\/lv\/wp-json\/wp\/v2\/product"}],"about":[{"href":"https:\/\/nbg.eu\/lv\/wp-json\/wp\/v2\/types\/product"}],"wp:featuredmedia":[{"embeddable":true,"href":"https:\/\/nbg.eu\/lv\/wp-json\/wp\/v2\/media\/23735"}],"wp:attachment":[{"href":"https:\/\/nbg.eu\/lv\/wp-json\/wp\/v2\/media?parent=695193"}],"wp:term":[{"taxonomy":"product_brand","embeddable":true,"href":"https:\/\/nbg.eu\/lv\/wp-json\/wp\/v2\/product_brand?post=695193"},{"taxonomy":"product_cat","embeddable":true,"href":"https:\/\/nbg.eu\/lv\/wp-json\/wp\/v2\/product_cat?post=695193"},{"taxonomy":"product_tag","embeddable":true,"href":"https:\/\/nbg.eu\/lv\/wp-json\/wp\/v2\/product_tag?post=695193"}],"curies":[{"name":"wp","href":"https:\/\/api.w.org\/{rel}","templated":true}]}}