{"id":695208,"date":"2024-08-17T17:20:46","date_gmt":"2024-08-17T14:20:46","guid":{"rendered":"https:\/\/nbg.eu\/product\/trigger-spring-sa-da-kmr\/"},"modified":"2026-02-26T11:58:24","modified_gmt":"2026-02-26T08:58:24","slug":"trigger-spring-sa-da-kmr","status":"publish","type":"product","link":"https:\/\/nbg.eu\/lv\/product\/trigger-spring-sa-da-kmr\/","title":{"rendered":"Triggera atspere SA\/DA KMR"},"content":{"rendered":"<h2>Trigger Spring SA\/DA KMR: Ierociet iero\u010du veiktsp\u0113ju da\u017e\u0101d\u0101s platform\u0101s<\/h2>\n<p>Trigger Spring SA\/DA KMR ir daudzpus\u012bgs un uzticams piederums, kas paredz\u0113ts, lai uzlabotu da\u017e\u0101du iero\u010du no KMR s\u0113rijas funkcionalit\u0101ti. Tas ir sader\u012bgs ar pla\u0161u mode\u013cu kl\u0101stu un nodro\u0161ina vienk\u0101r\u0161u integr\u0101ciju un uzlabotu j\u016bsu iero\u010da veiktsp\u0113ju.<\/p>\n<p>Neatkar\u012bgi no t\u0101, vai esat profesion\u0101ls \u0161\u0101v\u0113js, taktikas entuziasts vai atbild\u012bgs iero\u010du \u012bpa\u0161nieks, Trigger Spring SA\/DA KMR ir nepiecie\u0161ams piederums, lai optimiz\u0113tu j\u016bsu iero\u010da veiktsp\u0113ju. Uzlabojiet savu \u0161au\u0161anas pieredzi ar \u0161o uzticamo un daudzveid\u012bgo komponenti.<\/p>\n<p>Iero\u010diem KMR:<\/p>\n<p>KMR L-02 SPECTRA no 2024. gada<\/p>\n<p>KMR L-02 SPECTRA l\u012bdz 2023. gadam<\/p>\n<p>KMR L-02 UMBRA (OR) SR<\/p>\n<p>KMR S-01 LANCE (OR)<\/p>\n<p>KMR S-02 no 2024. gada<\/p>\n<p>KMR S-02 l\u012bdz 2023. gadam<\/p>\n<p>KMR W-02 CUDA (OR)<\/p>\n<p>KMR W-02 UMBRA<\/p>\n<p>KMR W-02 UMBRA (OR)<\/p>\n","protected":false},"excerpt":{"rendered":"<p>Atsperes pavasaris SA\/DA KMR priek\u0161 KMR L-02 SPECTRA, S-01 LANCE, S-02, W-02 CUDA\/UMBRA iero\u010diem.<\/p>\n","protected":false},"featured_media":24595,"template":"","meta":{"_acf_changed":false},"product_brand":[11512],"product_cat":[13795,13777,15021],"product_tag":[],"class_list":{"0":"post-695208","1":"product","2":"type-product","3":"status-publish","4":"has-post-thumbnail","6":"product_brand-kmr-precision","7":"product_cat-atsperes","8":"product_cat-kmr-detalas","9":"product_cat-trigger-springs-lv","11":"first","12":"instock","13":"taxable","14":"shipping-taxable","15":"product-type-simple"},"acf":[],"_links":{"self":[{"href":"https:\/\/nbg.eu\/lv\/wp-json\/wp\/v2\/product\/695208","targetHints":{"allow":["GET"]}}],"collection":[{"href":"https:\/\/nbg.eu\/lv\/wp-json\/wp\/v2\/product"}],"about":[{"href":"https:\/\/nbg.eu\/lv\/wp-json\/wp\/v2\/types\/product"}],"wp:featuredmedia":[{"embeddable":true,"href":"https:\/\/nbg.eu\/lv\/wp-json\/wp\/v2\/media\/24595"}],"wp:attachment":[{"href":"https:\/\/nbg.eu\/lv\/wp-json\/wp\/v2\/media?parent=695208"}],"wp:term":[{"taxonomy":"product_brand","embeddable":true,"href":"https:\/\/nbg.eu\/lv\/wp-json\/wp\/v2\/product_brand?post=695208"},{"taxonomy":"product_cat","embeddable":true,"href":"https:\/\/nbg.eu\/lv\/wp-json\/wp\/v2\/product_cat?post=695208"},{"taxonomy":"product_tag","embeddable":true,"href":"https:\/\/nbg.eu\/lv\/wp-json\/wp\/v2\/product_tag?post=695208"}],"curies":[{"name":"wp","href":"https:\/\/api.w.org\/{rel}","templated":true}]}}