{"id":695241,"date":"2024-09-18T13:32:40","date_gmt":"2024-09-18T10:32:40","guid":{"rendered":"https:\/\/nbg.eu\/product\/trigger-spring-sa-kmr\/"},"modified":"2026-04-16T17:48:50","modified_gmt":"2026-04-16T14:48:50","slug":"trigger-spring-sa-kmr","status":"publish","type":"product","link":"https:\/\/nbg.eu\/lv\/product\/trigger-spring-sa-kmr\/","title":{"rendered":"KMR Gai\u013ca Atspere SA"},"content":{"rendered":"<h2>Augstas veiktsp\u0113jas uzlabojums iero\u010du KMR<\/h2>\n<p>Uzlabojiet savu KMR iero\u010du veiktsp\u0113ju ar spr\u016bda spir\u0101li, prec\u012bzi izstr\u0101d\u0101tu rezerves da\u013cu, kas paredz\u0113ta vienk\u0101r\u0161ai sader\u012bbai. Izgatavots no augstas kvalit\u0101tes materi\u0101liem, \u0161is spr\u016bda atsperes elements nodro\u0161ina gludo, vienm\u0113r\u012bgo spr\u016bda vilk\u0161anu, lai uzlabotu \u0161au\u0161anas precizit\u0101ti un kontroli.<\/p>\n<p>Izstr\u0101d\u0101jot ar r\u016bp\u012bgu uzman\u012bbu piev\u0113rstu deta\u013c\u0101m, spr\u016bda atsperes elements ar uzman\u012bgi kalibr\u0113tu atsperes sp\u0113ku nodro\u0161ina asu, paredzamu spr\u016bda reakciju. \u0160is uzlabojums veicina lab\u0101ku spr\u016bda kontroli, \u013caujot prec\u012bz\u0101k izvietot \u0161\u0101vi\u0146us un \u0101tr\u0101k ieg\u016bt m\u0113r\u0137i.<\/p>\n<p>Izgatavots no iztur\u012bgiem, augstas kvalit\u0101tes materi\u0101liem, spr\u016bda atsperes elements ir iztur\u012bgs pret bie\u017eas lieto\u0161anas slodzi. T\u0101 iztur\u012bg\u0101 konstrukcija un uzticama veiktsp\u0113ja to padara par b\u016btisku uzlabojumu ikvienam, kas v\u0113las paaugstin\u0101t savu KMR iero\u010du iesp\u0113jas.<\/p>\n<p>Neatkar\u012bgi no t\u0101, vai esat sacens\u012bbu \u0161\u0101v\u0113js, taktiskais operators vai rekreat\u012bvs entuziasts, spr\u016bda atsperes elements ir ide\u0101l\u0101 izv\u0113le, lai uzlabotu j\u016bsu KMR iero\u010du veiktsp\u0113ju. Izbaudiet at\u0161\u0137ir\u012bbu, ko var sniegt augstas kvalit\u0101tes spr\u016bda atsperes elements, un paceliet savu \u0161au\u0161anu jaun\u0101 l\u012bmen\u012b.<\/p>\n","protected":false},"excerpt":{"rendered":"<p>Aizst\u0101jo\u0161\u0101 atsper\u012bg\u0101 izlaiduma atspere KMR iero\u010diem mode\u013ciem L-02 EMIQ un ORCA (l\u012bdz 2023. gadam).<\/p>\n","protected":false},"featured_media":24595,"template":"","meta":{"_acf_changed":false},"product_brand":[11512],"product_cat":[13795,13777,15021],"product_tag":[],"class_list":{"0":"post-695241","1":"product","2":"type-product","3":"status-publish","4":"has-post-thumbnail","6":"product_brand-kmr-precision","7":"product_cat-atsperes","8":"product_cat-kmr-detalas","9":"product_cat-trigger-springs-lv","11":"first","12":"instock","13":"taxable","14":"shipping-taxable","15":"product-type-simple"},"acf":[],"_links":{"self":[{"href":"https:\/\/nbg.eu\/lv\/wp-json\/wp\/v2\/product\/695241","targetHints":{"allow":["GET"]}}],"collection":[{"href":"https:\/\/nbg.eu\/lv\/wp-json\/wp\/v2\/product"}],"about":[{"href":"https:\/\/nbg.eu\/lv\/wp-json\/wp\/v2\/types\/product"}],"wp:featuredmedia":[{"embeddable":true,"href":"https:\/\/nbg.eu\/lv\/wp-json\/wp\/v2\/media\/24595"}],"wp:attachment":[{"href":"https:\/\/nbg.eu\/lv\/wp-json\/wp\/v2\/media?parent=695241"}],"wp:term":[{"taxonomy":"product_brand","embeddable":true,"href":"https:\/\/nbg.eu\/lv\/wp-json\/wp\/v2\/product_brand?post=695241"},{"taxonomy":"product_cat","embeddable":true,"href":"https:\/\/nbg.eu\/lv\/wp-json\/wp\/v2\/product_cat?post=695241"},{"taxonomy":"product_tag","embeddable":true,"href":"https:\/\/nbg.eu\/lv\/wp-json\/wp\/v2\/product_tag?post=695241"}],"curies":[{"name":"wp","href":"https:\/\/api.w.org\/{rel}","templated":true}]}}