{"id":695263,"date":"2024-08-16T23:17:42","date_gmt":"2024-08-16T20:17:42","guid":{"rendered":"https:\/\/nbg.eu\/product\/trigger-pin-kmr-s-02\/"},"modified":"2026-04-16T17:53:30","modified_gmt":"2026-04-16T14:53:30","slug":"trigger-pin-kmr-s-02","status":"publish","type":"product","link":"https:\/\/nbg.eu\/lv\/product\/trigger-pin-kmr-s-02\/","title":{"rendered":"KMR Gai\u013ca Tapa S-02"},"content":{"rendered":"<h2>M\u0113r\u0137a tapas KMR S-02: prec\u012bza ass optim\u0101lai m\u0113r\u0137a darb\u012bbai<\/h2>\n<p>KMR S-02 m\u0113r\u0137a tapa ir prec\u012bzi izstr\u0101d\u0101ta komponente, kuras m\u0113r\u0137is ir nodro\u0161in\u0101t kritisko meh\u0101nisko asi m\u0113r\u0137a meh\u0101nismam. T\u0101 izgatavota no r\u016bd\u012bta instrument\u0101l\u0101 t\u0113rauda, un \u0161is specializ\u0113tais tapas savienojums nodro\u0161ina bezdarb\u012bbas piegu\u013cu S-02 r\u0101mja izm\u0113riem, rezult\u0101t\u0101 ieg\u016bstot stabil\u0101ku m\u0113r\u0137a kust\u012bbu un paredzam\u0101ku, prec\u012bz\u0101ku atlai\u0161anu.<\/p>\n<p>Ar ultra-zemu berzes virsmu un augstu notur\u012bbu pret slodzi, m\u0113r\u0137a tapa aizsarg\u0101 S-02 r\u0101mi no iek\u0161\u0113j\u0101 nodiluma augsta lieto\u0161anas apjoma laik\u0101, saglab\u0101jot m\u0113r\u0137a meh\u0101nisma integrit\u0101ti uzticamai darb\u012bbai ar laiku. \u0160is precizit\u0101tes un uzman\u012bbas pret deta\u013c\u0101m l\u012bmenis ir b\u016btisks \u0161\u0101va, kuri prasa maksim\u0101lu m\u0113r\u0137a reakciju un konsekvenci.<\/p>\n<p>Neatkar\u012bgi no t\u0101, vai esat sacens\u012bbu \u0161\u0101v\u0113js, taktiskais operators vai aizraut\u012bgs entuziasts, KMR S-02 m\u0113r\u0137a tapa pied\u0101v\u0101 piel\u0101gotu risin\u0101jumu, lai uzlabotu kop\u0113jo m\u0113r\u0137a pieredzi j\u016bsu \u0161aujamajam iero\u010dam. Paaugstiniet savu \u0161au\u0161anas precizit\u0101ti un p\u0101rliec\u012bbu ar \u0161o r\u016bp\u012bgi izstr\u0101d\u0101to komponentu, kas paredz\u0113ts vienk\u0101r\u0161ai integr\u0101cijai ar S-02 \u0161asiju un sniedz to sniegumu, k\u0101du j\u016bs esat peln\u012bju\u0161i.<\/p>\n","protected":false},"excerpt":{"rendered":"<p>Prec\u012bzs savienojuma asis KMR S-02 \u0161asijam, r\u016bd\u012bta t\u0113rauda, \u013coti maza berze.<\/p>\n","protected":false},"featured_media":23758,"template":"","meta":{"_acf_changed":false},"product_brand":[11512],"product_cat":[13777],"product_tag":[],"class_list":{"0":"post-695263","1":"product","2":"type-product","3":"status-publish","4":"has-post-thumbnail","6":"product_brand-kmr-precision","7":"product_cat-kmr-detalas","9":"first","10":"instock","11":"taxable","12":"shipping-taxable","13":"product-type-simple"},"acf":[],"_links":{"self":[{"href":"https:\/\/nbg.eu\/lv\/wp-json\/wp\/v2\/product\/695263","targetHints":{"allow":["GET"]}}],"collection":[{"href":"https:\/\/nbg.eu\/lv\/wp-json\/wp\/v2\/product"}],"about":[{"href":"https:\/\/nbg.eu\/lv\/wp-json\/wp\/v2\/types\/product"}],"wp:featuredmedia":[{"embeddable":true,"href":"https:\/\/nbg.eu\/lv\/wp-json\/wp\/v2\/media\/23758"}],"wp:attachment":[{"href":"https:\/\/nbg.eu\/lv\/wp-json\/wp\/v2\/media?parent=695263"}],"wp:term":[{"taxonomy":"product_brand","embeddable":true,"href":"https:\/\/nbg.eu\/lv\/wp-json\/wp\/v2\/product_brand?post=695263"},{"taxonomy":"product_cat","embeddable":true,"href":"https:\/\/nbg.eu\/lv\/wp-json\/wp\/v2\/product_cat?post=695263"},{"taxonomy":"product_tag","embeddable":true,"href":"https:\/\/nbg.eu\/lv\/wp-json\/wp\/v2\/product_tag?post=695263"}],"curies":[{"name":"wp","href":"https:\/\/api.w.org\/{rel}","templated":true}]}}