{"id":696300,"date":"2025-12-22T17:18:06","date_gmt":"2025-12-22T14:18:06","guid":{"rendered":"https:\/\/nbg.eu\/product\/atlasa-dufeles-somas\/"},"modified":"2026-04-15T14:28:53","modified_gmt":"2026-04-15T11:28:53","slug":"atlasa-dufeles-somas","status":"publish","type":"product","link":"https:\/\/nbg.eu\/lv\/product\/atlasa-dufeles-somas\/","title":{"rendered":"Eberlestock Ce\u013cojumu Soma Atlas"},"content":{"rendered":"<h2>The Atlas Duffel: Carrying Your Gear<\/h2>\n<p>The Atlas Duffel ir maz\u0101kais br\u0101lis m\u016bsu popul\u0101rajam Hercules Duffel, pied\u0101v\u0101jot visas t\u0101s pa\u0161as funkcijas, kas cilv\u0113kiem pat\u012bk. Ar lielu galveno nodal\u012bjumu, apstiprin\u0101ti atdal\u012bt\u0101jus, se\u0161as \u0101r\u0113j\u0101s r\u0101v\u0113jsl\u0113guma kabatas un cietu apak\u0161\u0113jo nodal\u012bjumu, \u0161\u012b iztur\u012bg\u0101 dufeles soma ir paredz\u0113ta, lai uztur\u0113tu j\u016bsu apr\u012bkojumu sak\u0101rtotu un aizsarg\u0101tu.<\/p>\n<p>Nodro\u0161in\u0101ts ar blo\u0137\u0113jamiem YKK dro\u0161\u012bbas r\u0101v\u0113jsl\u0113gumiem, Atlas Duffel nodro\u0161ina, ka j\u016bsu mantas ir dro\u0161as, pat vissmag\u0101kajos apst\u0101k\u013cos. Iek\u013cautais lietus p\u0101rkl\u0101jums nodro\u0161ina papildu aizsardz\u012bbas sl\u0101ni, aizsarg\u0101jot j\u016bsu apr\u012bkojumu no mitruma un putek\u013ciem.<\/p>\n<p>Iepriecin\u0101\u0161ana ar iespaid\u012bgiem izm\u0113riem 29,5H x 16W x 16D, ar tilpumu 5,844 c.i. \/ 95,77L un svaru 12 m\u0101rci\u0146as 12oz, Atlas Duffel pied\u0101v\u0101 pietiekamu vietu, lai ietilpin\u0101tu visus j\u016bsu b\u016btiskos priek\u0161metus. 4 collu dzi\u013cais apak\u0161\u0113jais nodal\u012bjums nodro\u0161ina \u0113rtumu uzglab\u0101t priek\u0161metus, kuriem j\u016bs nepiecie\u0161ams \u0101tri piek\u013c\u016bt.<\/p>\n<p>Izgatavots ar cietu \u010daulu apak\u0161u un funkcion\u0101l\u0101m rite\u0146iem, Atlas Duffel ir izstr\u0101d\u0101ts, lai iztur\u0113tu ce\u013co\u0161anas gr\u016bt\u012bbas. T\u0101 iek\u0161\u0113j\u0101s kabatas un piel\u0101gojamie velcro atdal\u012bt\u0101ji \u013cauj jums piel\u0101got organiz\u0101ciju j\u016bsu specifiskaj\u0101m vajadz\u012bb\u0101m, padarot to par ide\u0101lu pavadoni j\u016bsu piedz\u012bvojumiem.<\/p>\n","protected":false},"excerpt":{"rendered":"<p>Atlasa dufele ir pla\u0161a un daudzfunkcion\u0101la soma ar cieta pamata pusi, polster\u0113tiem nodal\u012bjumiem un lietus p\u0101rsegu visu laikapst\u0101k\u013cu aizsardz\u012bbai.<\/p>\n","protected":false},"featured_media":696366,"template":"","meta":{"_acf_changed":false},"product_brand":[15154],"product_cat":[13767],"product_tag":[],"class_list":{"0":"post-696300","1":"product","2":"type-product","3":"status-publish","4":"has-post-thumbnail","6":"product_brand-eberlestock","7":"product_cat-sautuves-somas","9":"first","10":"instock","11":"taxable","12":"shipping-taxable","13":"purchasable","14":"product-type-variable","15":"wvs-archive-product-wrapper"},"acf":[],"_links":{"self":[{"href":"https:\/\/nbg.eu\/lv\/wp-json\/wp\/v2\/product\/696300","targetHints":{"allow":["GET"]}}],"collection":[{"href":"https:\/\/nbg.eu\/lv\/wp-json\/wp\/v2\/product"}],"about":[{"href":"https:\/\/nbg.eu\/lv\/wp-json\/wp\/v2\/types\/product"}],"wp:featuredmedia":[{"embeddable":true,"href":"https:\/\/nbg.eu\/lv\/wp-json\/wp\/v2\/media\/696366"}],"wp:attachment":[{"href":"https:\/\/nbg.eu\/lv\/wp-json\/wp\/v2\/media?parent=696300"}],"wp:term":[{"taxonomy":"product_brand","embeddable":true,"href":"https:\/\/nbg.eu\/lv\/wp-json\/wp\/v2\/product_brand?post=696300"},{"taxonomy":"product_cat","embeddable":true,"href":"https:\/\/nbg.eu\/lv\/wp-json\/wp\/v2\/product_cat?post=696300"},{"taxonomy":"product_tag","embeddable":true,"href":"https:\/\/nbg.eu\/lv\/wp-json\/wp\/v2\/product_tag?post=696300"}],"curies":[{"name":"wp","href":"https:\/\/api.w.org\/{rel}","templated":true}]}}