{"id":696677,"date":"2025-12-22T15:43:37","date_gmt":"2025-12-22T12:43:37","guid":{"rendered":"https:\/\/nbg.eu\/product\/uzbrukuma-sargs-multicam\/"},"modified":"2026-04-15T14:29:07","modified_gmt":"2026-04-15T11:29:07","slug":"uzbrukuma-sargs-multicam","status":"publish","type":"product","link":"https:\/\/nbg.eu\/lv\/product\/uzbrukuma-sargs-multicam\/","title":{"rendered":"Eberlestock Trieciena Mugursoma Mission &#8211; Multicam"},"content":{"rendered":"<h2>Mission Assault Pack &#8211; Multicam<\/h2>\n<p>Konstru\u0113ts no pamatiem, lai b\u016btu piem\u0113rots glab\u0101\u0161anas, uzdevuma pakete p\u0101rim ar Mission Frame, lai izveidotu vienk\u0101r\u0161u, slodzi uzturo\u0161u sist\u0113mu. Ar vair\u0101k\u0101m organiz\u0101cijas funkcij\u0101m, dro\u0161u un regul\u0113jamu piek\u013cuvi, uzdevuma pakete nodro\u0161ina piek\u013cuvi j\u016bsu iek\u0161pus\u0113. Papildus piederumu un funkciju pievieno\u0161ana, izmantojot Mission EMOD sist\u0113mu, tikai palielina \u0161\u012bs paketes iesp\u0113jas.<\/p>\n<p>Sv\u0113rot 1 m\u0101rci\u0146u 12 unces, uzdevuma pakete ir veidota no iztur\u012bga 500D Ripstop materi\u0101la un pied\u0101v\u0101 pla\u0161u 2 000 kubikcollu ietilp\u012bbu, lai ietilpin\u0101tu j\u016bsu b\u016btisk\u0101s lietas.<\/p>\n","protected":false},"excerpt":{"rendered":"<p>Daudzfunkciju, modul\u0101ra uzbrukuma soma ar organizatorisk\u0101m funkcij\u0101m un EMOD sader\u012bbu.<\/p>\n","protected":false},"featured_media":696703,"template":"","meta":{"_acf_changed":false},"product_brand":[15154],"product_cat":[13771],"product_tag":[],"class_list":{"0":"post-696677","1":"product","2":"type-product","3":"status-publish","4":"has-post-thumbnail","6":"product_brand-eberlestock","7":"product_cat-mugursomas","9":"first","10":"outofstock","11":"taxable","12":"shipping-taxable","13":"purchasable","14":"product-type-variable","15":"wvs-archive-product-wrapper"},"acf":[],"_links":{"self":[{"href":"https:\/\/nbg.eu\/lv\/wp-json\/wp\/v2\/product\/696677","targetHints":{"allow":["GET"]}}],"collection":[{"href":"https:\/\/nbg.eu\/lv\/wp-json\/wp\/v2\/product"}],"about":[{"href":"https:\/\/nbg.eu\/lv\/wp-json\/wp\/v2\/types\/product"}],"wp:featuredmedia":[{"embeddable":true,"href":"https:\/\/nbg.eu\/lv\/wp-json\/wp\/v2\/media\/696703"}],"wp:attachment":[{"href":"https:\/\/nbg.eu\/lv\/wp-json\/wp\/v2\/media?parent=696677"}],"wp:term":[{"taxonomy":"product_brand","embeddable":true,"href":"https:\/\/nbg.eu\/lv\/wp-json\/wp\/v2\/product_brand?post=696677"},{"taxonomy":"product_cat","embeddable":true,"href":"https:\/\/nbg.eu\/lv\/wp-json\/wp\/v2\/product_cat?post=696677"},{"taxonomy":"product_tag","embeddable":true,"href":"https:\/\/nbg.eu\/lv\/wp-json\/wp\/v2\/product_tag?post=696677"}],"curies":[{"name":"wp","href":"https:\/\/api.w.org\/{rel}","templated":true}]}}