{"id":696853,"date":"2025-12-22T15:47:55","date_gmt":"2025-12-22T12:47:55","guid":{"rendered":"https:\/\/nbg.eu\/product\/misija-arc-multicam\/"},"modified":"2026-04-15T14:29:04","modified_gmt":"2026-04-15T11:29:04","slug":"misija-arc-multicam","status":"publish","type":"product","link":"https:\/\/nbg.eu\/lv\/product\/misija-arc-multicam\/","title":{"rendered":"Eberlestock Mission ARC &#8211; Multicam"},"content":{"rendered":"<h2>Mission ARC-Multicam: Optimiz\u0113ts apr\u012bkojuma p\u0101rvad\u0101t\u0101js darb\u012bbas efektivit\u0101tei<\/h2>\n<p>Mission Adjustable Rifle Carrier (ARC) ir funkcion\u0101ls resurss profesion\u0101\u013ciem, kuriem nepiecie\u0161ams p\u0101rvad\u0101t papildu akt\u012bvus lauk\u0101. ARC palielina operat\u012bvo kapacit\u0101ti un ir izstr\u0101d\u0101ts, lai saska\u0146otos ar Mission EMOD r\u0101mi un Mission Zipper Extension. Nostiprin\u0101joties uz Mission r\u0101mja aizmugures ar MOLLE aukl\u0101m, ARC funkcion\u0113 k\u0101 p\u0101rvad\u0101t\u0101js prec\u012bz\u0101m \u0161aujamierog\u013ciem, AR stila platform\u0101m un var p\u0101rvietot citu misijas b\u016btisko apr\u012bkojumu.<\/p>\n<p>Misijas pan\u0101kumi ir atkar\u012bgi no prec\u012bza laika, precizit\u0101tes un pieejamo resursu efekt\u012bvas izvieto\u0161anas. ARC tika izveidots, lai atbalst\u012btu apr\u012bkojuma pras\u012bbas jebkur\u0101 vid\u0113. Ar 500D audumu, regul\u0113jamu pamatu, MOLLE aukl\u0101m, notur\u012bbas siksn\u0101m un pastiprin\u0101tu Hypalon pamatni, Mission ARC-Multicam ir izstr\u0101d\u0101ts, lai optimiz\u0113tu apr\u012bkojuma organiz\u0101ciju un pieejam\u012bbu lauk\u0101.<\/p>\n<p>Izm\u0113ri: 15&#8243;H x 3&#8243;W<\/p>\n","protected":false},"excerpt":{"rendered":"<p>Mission ARC-Multicam ir funkcija, regul\u0113jams \u0161aujamiero\u010du nes\u0113js, kas ir nostiprin\u0101ms uz Mission EMOD r\u0101mja, \u013caujot transport\u0113t prec\u012bz\u0101s \u0161autenes, AR stila platformas un misijas b\u016btisku ekip\u0113jumu.<\/p>\n","protected":false},"featured_media":696888,"template":"","meta":{"_acf_changed":false},"product_brand":[15154],"product_cat":[13771],"product_tag":[],"class_list":{"0":"post-696853","1":"product","2":"type-product","3":"status-publish","4":"has-post-thumbnail","6":"product_brand-eberlestock","7":"product_cat-mugursomas","9":"first","10":"instock","11":"taxable","12":"shipping-taxable","13":"purchasable","14":"product-type-variable","15":"wvs-archive-product-wrapper"},"acf":[],"_links":{"self":[{"href":"https:\/\/nbg.eu\/lv\/wp-json\/wp\/v2\/product\/696853","targetHints":{"allow":["GET"]}}],"collection":[{"href":"https:\/\/nbg.eu\/lv\/wp-json\/wp\/v2\/product"}],"about":[{"href":"https:\/\/nbg.eu\/lv\/wp-json\/wp\/v2\/types\/product"}],"wp:featuredmedia":[{"embeddable":true,"href":"https:\/\/nbg.eu\/lv\/wp-json\/wp\/v2\/media\/696888"}],"wp:attachment":[{"href":"https:\/\/nbg.eu\/lv\/wp-json\/wp\/v2\/media?parent=696853"}],"wp:term":[{"taxonomy":"product_brand","embeddable":true,"href":"https:\/\/nbg.eu\/lv\/wp-json\/wp\/v2\/product_brand?post=696853"},{"taxonomy":"product_cat","embeddable":true,"href":"https:\/\/nbg.eu\/lv\/wp-json\/wp\/v2\/product_cat?post=696853"},{"taxonomy":"product_tag","embeddable":true,"href":"https:\/\/nbg.eu\/lv\/wp-json\/wp\/v2\/product_tag?post=696853"}],"curies":[{"name":"wp","href":"https:\/\/api.w.org\/{rel}","templated":true}]}}