{"id":697075,"date":"2025-12-22T16:18:10","date_gmt":"2025-12-22T13:18:10","guid":{"rendered":"https:\/\/nbg.eu\/product\/misijas-ravejsledzeja-pagarinajums-multicam\/"},"modified":"2026-04-15T14:29:00","modified_gmt":"2026-04-15T11:29:00","slug":"misijas-ravejsledzeja-pagarinajums-multicam","status":"publish","type":"product","link":"https:\/\/nbg.eu\/lv\/product\/misijas-ravejsledzeja-pagarinajums-multicam\/","title":{"rendered":"Eberlestock R\u0101v\u0113jsl\u0113dz\u0113ja Pagarin\u0101jums Mission EMOD &#8211; Multicam"},"content":{"rendered":"<h2>Mission Zip Pagarin\u0101jums-Multicam<\/h2>\n<p>Mission Zip Pagarin\u0101jums apvieno m\u0113r\u0137i un lietder\u012bbu operatoram. Zip Pagarin\u0101jums pievienojas Mission EMOD r\u0101mja priek\u0161pusei un ir paredz\u0113ts lieto\u0161anai kop\u0101 ar Mission ARC un Mission pakas palielin\u0101t j\u016bsu apr\u012bkojuma ietilp\u012bbu un daudzfunkcion\u0101l\u012bbu. MOLLE audu un divsl\u0101\u0146u 500D lamin\u0101ta konstrukcija nodro\u0161ina jums nepiecie\u0161am\u0101s funkcijas efekt\u012bvai kabe\u013cu p\u0101rvald\u012bbai, antenu mar\u0161rut\u0113\u0161anai un t\u016bri\u0146u piestiprin\u0101\u0161anai. Mission Zip Pagarin\u0101jums kalpo k\u0101 vit\u0101li svar\u012bga pievieno\u0161ana, lai nostiprin\u0101tu j\u016bsu sniegumu lauk\u0101.<\/p>\n<h2>Izm\u0113ri<\/h2>\n<p>Izm\u0113ri: 15&#8243; x 3&#8243;<\/p>\n<h2>Funkcijas<\/h2>\n<ul>\n<li>500D audums<\/li>\n<li>YKK r\u0101v\u0113jsl\u0113dz\u0113ji<\/li>\n<li>Divsl\u0101\u0146u lamin\u0101ts<\/li>\n<\/ul>\n","protected":false},"excerpt":{"rendered":"<p>Misijas Zipper Extension-Multicam palielina apr\u012bkojuma ietilp\u012bbu ar MOLLE st\u012bpojumu un 500D lamin\u0113tu konstrukciju kabelmar\u0161rut\u0113\u0161anai un antenu mar\u0161rut\u0113\u0161anai.<\/p>\n","protected":false},"featured_media":697099,"template":"","meta":{"_acf_changed":false},"product_brand":[15154],"product_cat":[13771],"product_tag":[],"class_list":{"0":"post-697075","1":"product","2":"type-product","3":"status-publish","4":"has-post-thumbnail","6":"product_brand-eberlestock","7":"product_cat-mugursomas","9":"first","10":"instock","11":"taxable","12":"shipping-taxable","13":"purchasable","14":"product-type-variable","15":"wvs-archive-product-wrapper"},"acf":[],"_links":{"self":[{"href":"https:\/\/nbg.eu\/lv\/wp-json\/wp\/v2\/product\/697075","targetHints":{"allow":["GET"]}}],"collection":[{"href":"https:\/\/nbg.eu\/lv\/wp-json\/wp\/v2\/product"}],"about":[{"href":"https:\/\/nbg.eu\/lv\/wp-json\/wp\/v2\/types\/product"}],"wp:featuredmedia":[{"embeddable":true,"href":"https:\/\/nbg.eu\/lv\/wp-json\/wp\/v2\/media\/697099"}],"wp:attachment":[{"href":"https:\/\/nbg.eu\/lv\/wp-json\/wp\/v2\/media?parent=697075"}],"wp:term":[{"taxonomy":"product_brand","embeddable":true,"href":"https:\/\/nbg.eu\/lv\/wp-json\/wp\/v2\/product_brand?post=697075"},{"taxonomy":"product_cat","embeddable":true,"href":"https:\/\/nbg.eu\/lv\/wp-json\/wp\/v2\/product_cat?post=697075"},{"taxonomy":"product_tag","embeddable":true,"href":"https:\/\/nbg.eu\/lv\/wp-json\/wp\/v2\/product_tag?post=697075"}],"curies":[{"name":"wp","href":"https:\/\/api.w.org\/{rel}","templated":true}]}}