{"id":697208,"date":"2025-12-22T16:34:07","date_gmt":"2025-12-22T13:34:07","guid":{"rendered":"https:\/\/nbg.eu\/product\/misijas-ietvars-emod-multicam\/"},"modified":"2026-04-15T14:28:57","modified_gmt":"2026-04-15T11:28:57","slug":"misijas-ietvars-emod-multicam","status":"publish","type":"product","link":"https:\/\/nbg.eu\/lv\/product\/misijas-ietvars-emod-multicam\/","title":{"rendered":"Eberlestock R\u0101mis Mission EMOD &#8211; Multicam"},"content":{"rendered":"<h2>Mission Frame- EMOD -Multicam<\/h2>\n<p>Mission EMOD pamata, Mission Frame, nodro\u0161ina iztur\u012bgu, modul\u0101ru un kompaktu s\u0101kuma punktu j\u016bsu jaunai apr\u012bkojuma konfigur\u0101cijai. Ar neskait\u0101m\u0101m stund\u0101m velt\u012bt\u0101m test\u0113\u0161anai un att\u012bst\u012bbai kop\u0101 ar \u012bpa\u0161o oper\u0101ciju sp\u0113ku darbiniekiem no katra pak\u0101pes, \u0161is r\u0101mis tika izstr\u0101d\u0101ts, lai piem\u0113rotu un darbotos bezr\u016bp\u012bgi kop\u0101 ar j\u016bsu apr\u012bkojumu gan uz, gan \u0101rpus j\u016bsu personas.<\/p>\n<p>Izm\u0113ri: 2 LB 15 OZ<\/p>\n","protected":false},"excerpt":{"rendered":"<p>Misijas r\u0101mis &#8211; EMOD -Multicam: iztur\u012bgs, modul\u0101rs un kompakts s\u0101kuma punkts j\u016bsu iek\u0101rtai, kas izstr\u0101d\u0101ts ar SOF operatoriem.<\/p>\n","protected":false},"featured_media":697349,"template":"","meta":{"_acf_changed":false},"product_brand":[15154],"product_cat":[13771],"product_tag":[],"class_list":{"0":"post-697208","1":"product","2":"type-product","3":"status-publish","4":"has-post-thumbnail","6":"product_brand-eberlestock","7":"product_cat-mugursomas","9":"first","10":"instock","11":"taxable","12":"shipping-taxable","13":"purchasable","14":"product-type-variable","15":"wvs-archive-product-wrapper"},"acf":[],"_links":{"self":[{"href":"https:\/\/nbg.eu\/lv\/wp-json\/wp\/v2\/product\/697208","targetHints":{"allow":["GET"]}}],"collection":[{"href":"https:\/\/nbg.eu\/lv\/wp-json\/wp\/v2\/product"}],"about":[{"href":"https:\/\/nbg.eu\/lv\/wp-json\/wp\/v2\/types\/product"}],"wp:featuredmedia":[{"embeddable":true,"href":"https:\/\/nbg.eu\/lv\/wp-json\/wp\/v2\/media\/697349"}],"wp:attachment":[{"href":"https:\/\/nbg.eu\/lv\/wp-json\/wp\/v2\/media?parent=697208"}],"wp:term":[{"taxonomy":"product_brand","embeddable":true,"href":"https:\/\/nbg.eu\/lv\/wp-json\/wp\/v2\/product_brand?post=697208"},{"taxonomy":"product_cat","embeddable":true,"href":"https:\/\/nbg.eu\/lv\/wp-json\/wp\/v2\/product_cat?post=697208"},{"taxonomy":"product_tag","embeddable":true,"href":"https:\/\/nbg.eu\/lv\/wp-json\/wp\/v2\/product_tag?post=697208"}],"curies":[{"name":"wp","href":"https:\/\/api.w.org\/{rel}","templated":true}]}}