{"id":697543,"date":"2025-12-22T17:34:47","date_gmt":"2025-12-22T14:34:47","guid":{"rendered":"https:\/\/nbg.eu\/product\/sparnots-apvidus-somas\/"},"modified":"2026-04-15T14:28:49","modified_gmt":"2026-04-15T11:28:49","slug":"sparnots-apvidus-somas","status":"publish","type":"product","link":"https:\/\/nbg.eu\/lv\/product\/sparnots-apvidus-somas\/","title":{"rendered":"Eberlestock \u0160autuves Soma Bang-Bang"},"content":{"rendered":"<h2>Bang-Bang apvidus soma<\/h2>\n<p>Bang Bang\u2122 tika izstr\u0101d\u0101ta k\u0101 kompakta apvidus soma, lai glab\u0101tu visu nepiecie\u0161amo apr\u012bkojumu un pasarg\u0101tu to no stihiskiem apst\u0101k\u013ciem. Polikarbon\u0101ta pamatne padara somu necaurlaid\u012bgu mitr\u0101m virsm\u0101m, akme\u0146iem, drupin\u0101m un apvidus putek\u013ciem.<\/p>\n<p>Galvenaj\u0101 nodal\u012bjum\u0101 ir piel\u0101gojami, polster\u0113ti nodal\u012bjumi, lai medic\u012bnisk\u0101s preces, instrumenti, foto apr\u012bkojums un apvidus apr\u012bkojums b\u016btu dro\u0161i un sak\u0101rtoti. Apak\u0161\u0113jais nodal\u012bjums ir piem\u0113rots pistol\u0113m, instrumentiem vai pat kompaktam karb\u012bnam.<\/p>\n<h2>Izm\u0113ri<\/h2>\n<p>Tilpums: 2062.5 c.i. \/ 33.80L<br \/>\nSvars: 4 m\u0101rci\u0146as<br \/>\nIzm\u0113ri: 10.25H x 21W x 10D<br \/>\nApak\u0161\u0113j\u0101 nodal\u012bjuma specifik\u0101cijas: 21.5&#8243; G x 9.5&#8243; P x 2&#8243; D<\/p>\n<h2>Funkcijas<\/h2>\n<ul>\n<li>Polikarbon\u0101ta apak\u0161\u0113j\u0101 \u010daula<\/li>\n<li>Polster\u0113ts, piel\u0101gojams galvenais nodal\u012bjums<\/li>\n<li>Regul\u0113jams plecu siksnu stiprin\u0101jums<\/li>\n<li>Piel\u0101gojami organiz\u0101cijas nodal\u012bjumi<\/li>\n<li>Apak\u0161\u0113jais nodal\u012bjums dro\u0161ai glab\u0101\u0161anai<\/li>\n<\/ul>\n","protected":false},"excerpt":{"rendered":"<p>Ie\u0161au\u0161an\u0101s diapazona soma ir kompakta, iztur\u012bga soma ar polikarbon\u0101ta pamatni un konfigur\u0113jamu iek\u0161\u0113jo da\u013cu, lai aizsarg\u0101tu j\u016bsu b\u016btiskos apr\u012bkojumus.<\/p>\n","protected":false},"featured_media":697574,"template":"","meta":{"_acf_changed":false},"product_brand":[15154],"product_cat":[13767],"product_tag":[],"class_list":{"0":"post-697543","1":"product","2":"type-product","3":"status-publish","4":"has-post-thumbnail","6":"product_brand-eberlestock","7":"product_cat-sautuves-somas","9":"first","10":"instock","11":"taxable","12":"shipping-taxable","13":"purchasable","14":"product-type-variable","15":"wvs-archive-product-wrapper"},"acf":[],"_links":{"self":[{"href":"https:\/\/nbg.eu\/lv\/wp-json\/wp\/v2\/product\/697543","targetHints":{"allow":["GET"]}}],"collection":[{"href":"https:\/\/nbg.eu\/lv\/wp-json\/wp\/v2\/product"}],"about":[{"href":"https:\/\/nbg.eu\/lv\/wp-json\/wp\/v2\/types\/product"}],"wp:featuredmedia":[{"embeddable":true,"href":"https:\/\/nbg.eu\/lv\/wp-json\/wp\/v2\/media\/697574"}],"wp:attachment":[{"href":"https:\/\/nbg.eu\/lv\/wp-json\/wp\/v2\/media?parent=697543"}],"wp:term":[{"taxonomy":"product_brand","embeddable":true,"href":"https:\/\/nbg.eu\/lv\/wp-json\/wp\/v2\/product_brand?post=697543"},{"taxonomy":"product_cat","embeddable":true,"href":"https:\/\/nbg.eu\/lv\/wp-json\/wp\/v2\/product_cat?post=697543"},{"taxonomy":"product_tag","embeddable":true,"href":"https:\/\/nbg.eu\/lv\/wp-json\/wp\/v2\/product_tag?post=697543"}],"curies":[{"name":"wp","href":"https:\/\/api.w.org\/{rel}","templated":true}]}}