{"id":697989,"date":"2025-12-22T17:41:31","date_gmt":"2025-12-22T14:41:31","guid":{"rendered":"https:\/\/nbg.eu\/product\/upranger-pakotne\/"},"modified":"2026-01-07T13:14:46","modified_gmt":"2026-01-07T10:14:46","slug":"upranger-pakotne","status":"publish","type":"product","link":"https:\/\/nbg.eu\/lv\/product\/upranger-pakotne\/","title":{"rendered":"UpRanger Pakotne"},"content":{"rendered":"<h2>UpRanger soma: P\u0101rveido savu 3 iero\u010du un \u0101rtelpu apr\u012bkojuma p\u0101rvad\u0101\u0161anu<\/h2>\n<p>Iedvesmojoties no \u010dempiona 3 iero\u010du \u0161\u0101v\u0113ja vajadz\u012bb\u0101m, UpRanger\u2122 soma maina sp\u0113les noteikumus. Izstr\u0101d\u0101ta, lai to var\u0113tu nomest uz iztur\u012bg\u0101s polikarbon\u0101ta \u0101rpuses, somu var atsl\u0113gt no p\u0101rn\u0113s\u0101\u0161anas siksnas, lai \u0101tri piek\u013c\u016btu sav\u0101m mant\u0101m, nenodro\u0161inot nevajadz\u012bgu nodilumu vai net\u012brumu uzkr\u0101\u0161anos. Neatkar\u012bgi no t\u0101, vai to izmantojat \u0161au\u0161anas poligon\u0101, k\u0101 notur\u012bgu fotoapar\u0101ta somu vai jebkuru citu \u0101ra aktivit\u0101ti, UpRanger ir pietiekami tilp\u012bgs un apr\u012bkots, lai to visu var\u0113tu ietilpin\u0101t.<\/p>\n<p>Ar pla\u0161a, 3260 kubikcollu (53,4 L) tilpumu un svaru tikai 6,45 lb, UpRanger ir \u013coti sp\u0113j\u012bga, tom\u0113r viegla soma. T\u0101 polster\u0113t\u0101, regul\u0113jam\u0101 plecu siksna nodro\u0161ina \u0113rtu p\u0101rn\u0113s\u0101\u0161anu, savuk\u0101rt konfigur\u0113jamie sadal\u012bt\u0101ji \u013cauj piel\u0101got iek\u0161\u0113jo izk\u0101rtojumu atbilsto\u0161i j\u016bsu konkr\u0113taj\u0101m vajadz\u012bb\u0101m. Papildu aizsardz\u012bbai soma ir sader\u012bga ar m\u016bsu lielo, apgrieztu lietus p\u0101rsegu, lai pasarg\u0101tu j\u016bsu apr\u012bkojumu no nelabv\u0113l\u012bgiem laika apst\u0101k\u013ciem.<\/p>\n<p>Lai izveidotu ide\u0101lu 3 iero\u010du komplektu, savienojiet UpRanger ar m\u016bsu Sidewinder \u0161aujamiero\u010du somi\u0146\u0101m, ieg\u016bstot vienotu risin\u0101jumu, kas nodro\u0161ina j\u016bsu iero\u010du dro\u0161\u012bbu un vieglu piek\u013cuvi. No\u0146emam\u0101s s\u0101nu sp\u0101rna pane\u013ci nodro\u0161ina papildu piel\u0101go\u0161anas iesp\u0113jas, \u013caujot jums konfigur\u0113t somu atbilsto\u0161i j\u016bsu unik\u0101laj\u0101m vajadz\u012bb\u0101m.<\/p>\n<p>Uzlabojiet sava \u0101ra apr\u012bkojuma p\u0101rvald\u012bbu ar inovat\u012bvo UpRanger somu, kas ir izstr\u0101d\u0101ta, lai uzlabotu j\u016bsu darb\u012bbas un saglab\u0101tu j\u016bsu galveno apr\u012bkojumu organiz\u0113tu un aizsarg\u0101tu.<\/p>\n","protected":false},"excerpt":{"rendered":"<p>Daudzfunkciju 3 Gun soma ar polikarbon\u0101ta pamatni \u0101trai un net\u012br\u0101s vides pieejai.<\/p>\n","protected":false},"featured_media":696438,"template":"","meta":{"_acf_changed":false},"product_brand":[15154],"product_cat":[13771],"product_tag":[],"class_list":{"0":"post-697989","1":"product","2":"type-product","3":"status-publish","4":"has-post-thumbnail","6":"product_brand-eberlestock","7":"product_cat-mugursomas","9":"first","10":"instock","11":"taxable","12":"shipping-taxable","13":"purchasable","14":"product-type-variable","15":"wvs-archive-product-wrapper"},"acf":[],"_links":{"self":[{"href":"https:\/\/nbg.eu\/lv\/wp-json\/wp\/v2\/product\/697989","targetHints":{"allow":["GET"]}}],"collection":[{"href":"https:\/\/nbg.eu\/lv\/wp-json\/wp\/v2\/product"}],"about":[{"href":"https:\/\/nbg.eu\/lv\/wp-json\/wp\/v2\/types\/product"}],"wp:featuredmedia":[{"embeddable":true,"href":"https:\/\/nbg.eu\/lv\/wp-json\/wp\/v2\/media\/696438"}],"wp:attachment":[{"href":"https:\/\/nbg.eu\/lv\/wp-json\/wp\/v2\/media?parent=697989"}],"wp:term":[{"taxonomy":"product_brand","embeddable":true,"href":"https:\/\/nbg.eu\/lv\/wp-json\/wp\/v2\/product_brand?post=697989"},{"taxonomy":"product_cat","embeddable":true,"href":"https:\/\/nbg.eu\/lv\/wp-json\/wp\/v2\/product_cat?post=697989"},{"taxonomy":"product_tag","embeddable":true,"href":"https:\/\/nbg.eu\/lv\/wp-json\/wp\/v2\/product_tag?post=697989"}],"curies":[{"name":"wp","href":"https:\/\/api.w.org\/{rel}","templated":true}]}}