{"id":698300,"date":"2025-12-22T17:45:44","date_gmt":"2025-12-22T14:45:44","guid":{"rendered":"https:\/\/nbg.eu\/product\/zemes-iemisana-sausanas-paklajs\/"},"modified":"2026-04-15T14:28:45","modified_gmt":"2026-04-15T11:28:45","slug":"zemes-iemisana-sausanas-paklajs","status":"publish","type":"product","link":"https:\/\/nbg.eu\/lv\/product\/zemes-iemisana-sausanas-paklajs\/","title":{"rendered":"Eberlestock \u0160au\u0161anas Pakl\u0101js Dirt Nap"},"content":{"rendered":"<h2>Dirt Nap \u0161au\u0161anas pakl\u0101js: optimiz\u0113ts \u0113rtai \u0161au\u0161anai no gu\u013cus poz\u012bcijas<\/h2>\n<p>Dirt Nap \u0161au\u0161anas pakl\u0101js ir profesion\u0101li izstr\u0101d\u0101ts un prioritiz\u0113ts \u0161au\u0161anai no gu\u013cus poz\u012bcijas. Tas uzlabo j\u016bsu izbraukumus ar augst\u0101ku komfortu un praktiskumu, padarot to par b\u016btisku papildin\u0101jumu j\u016bsu apr\u012bkojumam \u0161au\u0161anas laukum\u0101.<\/p>\n<p>Dirt Nap iez\u012bm\u0113jas ar individu\u0101li polster\u0113t\u0101m \u0161\u016bn\u0101m, kas rada dabiskas krokas, \u013caujot to vienk\u0101r\u0161i saloc\u012bt un kompakti uzglab\u0101t. Ar pilnu polster\u0113jumu aug\u0161\u0113j\u0101 pus\u0113 un stiepjoties lejup pa muguras vidus da\u013cu, tas nodro\u0161ina maksim\u0101lu komfortu tie\u0161i tur, kur tas ir visvair\u0101k nepiecie\u0161ams.<\/p>\n<p>Izm\u0113rot 94&#8243; garum\u0101 x 34&#8243; platum\u0101 un sa\u013ccinoties l\u012bdz kompaktiem 12&#8243; x 17&#8243;, Dirt Nap \u0161au\u0161anas pakl\u0101js sver tikai 4 m\u0101rc. 13 oz. T\u0101 iztur\u012bg\u0101 600D PVC p\u0101rkl\u0101t\u0101 neilona konstrukcija, PVC p\u0101rkl\u0101t\u0101 apak\u0161puse un \u0113rts ne\u0161anas rokturis to padara par notur\u012bgu un praktisku izv\u0113li jebkuram \u0161\u0101v\u0113jam.<\/p>\n<p>Uzglab\u0101\u0161anas atloks ar 20mm siksnu un spr\u0101dz\u0113m nodro\u0161ina, ka j\u016bsu Dirt Nap pakl\u0101js paliek dro\u0161i sav\u0101 viet\u0101, savuk\u0101rt r\u016bp\u012bgi izstr\u0101d\u0101t\u0101s funkcijas to padara par b\u016btisku apr\u012bkojuma vien\u012bbu n\u0101kamajai dienai \u0161au\u0161anas laukum\u0101.<\/p>\n","protected":false},"excerpt":{"rendered":"<p>\u0160\u016b\u0161anas pakl\u0101js &#8220;Dirt Nap&#8221; &#8211; profesion\u0101li izstr\u0101d\u0101ts, lai nodro\u0161in\u0101tu \u0113rtu un praktisku st\u0101vokli \u0161\u016b\u0161anai no st\u0101vok\u013ca uz v\u0113dera.<\/p>\n","protected":false},"featured_media":698397,"template":"","meta":{"_acf_changed":false},"product_brand":[15154],"product_cat":[13835],"product_tag":[],"class_list":{"0":"post-698300","1":"product","2":"type-product","3":"status-publish","4":"has-post-thumbnail","6":"product_brand-eberlestock","7":"product_cat-aprikojums","9":"first","10":"instock","11":"taxable","12":"shipping-taxable","13":"purchasable","14":"product-type-variable","15":"wvs-archive-product-wrapper"},"acf":[],"_links":{"self":[{"href":"https:\/\/nbg.eu\/lv\/wp-json\/wp\/v2\/product\/698300","targetHints":{"allow":["GET"]}}],"collection":[{"href":"https:\/\/nbg.eu\/lv\/wp-json\/wp\/v2\/product"}],"about":[{"href":"https:\/\/nbg.eu\/lv\/wp-json\/wp\/v2\/types\/product"}],"wp:featuredmedia":[{"embeddable":true,"href":"https:\/\/nbg.eu\/lv\/wp-json\/wp\/v2\/media\/698397"}],"wp:attachment":[{"href":"https:\/\/nbg.eu\/lv\/wp-json\/wp\/v2\/media?parent=698300"}],"wp:term":[{"taxonomy":"product_brand","embeddable":true,"href":"https:\/\/nbg.eu\/lv\/wp-json\/wp\/v2\/product_brand?post=698300"},{"taxonomy":"product_cat","embeddable":true,"href":"https:\/\/nbg.eu\/lv\/wp-json\/wp\/v2\/product_cat?post=698300"},{"taxonomy":"product_tag","embeddable":true,"href":"https:\/\/nbg.eu\/lv\/wp-json\/wp\/v2\/product_tag?post=698300"}],"curies":[{"name":"wp","href":"https:\/\/api.w.org\/{rel}","templated":true}]}}