{"id":698725,"date":"2025-12-22T17:51:28","date_gmt":"2025-12-22T14:51:28","guid":{"rendered":"https:\/\/nbg.eu\/product\/lodrag-ii-pack\/"},"modified":"2026-04-15T14:28:41","modified_gmt":"2026-04-15T11:28:41","slug":"lodrag-ii-pack","status":"publish","type":"product","link":"https:\/\/nbg.eu\/lv\/product\/lodrag-ii-pack\/","title":{"rendered":"Eberlestock Mugursoma LoDrag II"},"content":{"rendered":"<h2>X31 LoDrag II\u2122 taktiskie aizmuguris<\/h2>\n<p>Izstr\u0101d\u0101ts k\u0101 \u013coti funkcion\u0101ls, vieglsvara taktiskais aizmuguris, k\u0101 ar\u012b iek\u013caujot taktisku iero\u010du izm\u0113ra maksti, X31 LoDrag II\u2122 ir bijis galvenais prec\u012bzas \u0161autenes pasaul\u0113. Galvenaj\u0101 nodal\u012bjum\u0101 LoDrag II ir saliekama plaukta, lai atdal\u012btu aug\u0161\u0113jo un apak\u0161\u0113jo kravas telpu, un hidrat\u0101cijas uzmava m\u016bsu 2L un 3L hidrat\u0101cijas sist\u0113m\u0101m. S\u0101nu saspieduma siksnas ar HD 25mm spenn\u0113m \u0101trai priek\u0161metu k\u0101 trepodes, kas saspiesta aizmugurim, atbr\u012bvo\u0161anai.<\/p>\n<h2>Izm\u0113ri<\/h2>\n<p>Tilpums: 2290 c.i. \/ 37,5L<br \/>\nSvars: 6,85 m\u0101rci\u0146as<br \/>\nIzm\u0113ri: 22,5H x 11W x 11,75D<br \/>\nMaksts izm\u0113ri: 34&#8243; H x 10&#8243; W x 3D<\/p>\n<h2>\u012apa\u0161\u012bbas<\/h2>\n<ul>\n<li>Taktisk\u0101 iero\u010du maksts<\/li>\n<li>Saliekama plaukta, lai atdal\u012btu aug\u0161\u0113jo un apak\u0161\u0113jo kravas telpu<\/li>\n<li>Iek\u013cauts lietus aizsargs<\/li>\n<li>Hidrat\u0101cijas uzmava<\/li>\n<\/ul>\n","protected":false},"excerpt":{"rendered":"<p>Viegls taktiskais komplekts ar iero\u010da izm\u0113ra maku, nolai\u017eamu plauktu un hidrat\u0101cijas uzmavas.<\/p>\n","protected":false},"featured_media":698785,"template":"","meta":{"_acf_changed":false},"product_brand":[15154],"product_cat":[13771],"product_tag":[],"class_list":{"0":"post-698725","1":"product","2":"type-product","3":"status-publish","4":"has-post-thumbnail","6":"product_brand-eberlestock","7":"product_cat-mugursomas","9":"first","10":"instock","11":"taxable","12":"shipping-taxable","13":"purchasable","14":"product-type-variable","15":"wvs-archive-product-wrapper"},"acf":[],"_links":{"self":[{"href":"https:\/\/nbg.eu\/lv\/wp-json\/wp\/v2\/product\/698725","targetHints":{"allow":["GET"]}}],"collection":[{"href":"https:\/\/nbg.eu\/lv\/wp-json\/wp\/v2\/product"}],"about":[{"href":"https:\/\/nbg.eu\/lv\/wp-json\/wp\/v2\/types\/product"}],"wp:featuredmedia":[{"embeddable":true,"href":"https:\/\/nbg.eu\/lv\/wp-json\/wp\/v2\/media\/698785"}],"wp:attachment":[{"href":"https:\/\/nbg.eu\/lv\/wp-json\/wp\/v2\/media?parent=698725"}],"wp:term":[{"taxonomy":"product_brand","embeddable":true,"href":"https:\/\/nbg.eu\/lv\/wp-json\/wp\/v2\/product_brand?post=698725"},{"taxonomy":"product_cat","embeddable":true,"href":"https:\/\/nbg.eu\/lv\/wp-json\/wp\/v2\/product_cat?post=698725"},{"taxonomy":"product_tag","embeddable":true,"href":"https:\/\/nbg.eu\/lv\/wp-json\/wp\/v2\/product_tag?post=698725"}],"curies":[{"name":"wp","href":"https:\/\/api.w.org\/{rel}","templated":true}]}}