{"id":699103,"date":"2025-12-22T17:57:48","date_gmt":"2025-12-22T14:57:48","guid":{"rendered":"https:\/\/nbg.eu\/product\/gunslinger-ii-komplekts\/"},"modified":"2026-04-15T14:28:38","modified_gmt":"2026-04-15T11:28:38","slug":"gunslinger-ii-komplekts","status":"publish","type":"product","link":"https:\/\/nbg.eu\/lv\/product\/gunslinger-ii-komplekts\/","title":{"rendered":"Eberlestock Mugursoma G2 Gunslinger II"},"content":{"rendered":"<h2>Gunslinger II\u2122 taktiskie somi\u0146a<\/h2>\n<p>Gunslinger II\u2122 ir vid\u0113ja izm\u0113ra taktisk\u0101 somi\u0146a ar pilna platuma maksts, lai lab\u0101k ievietotu iero\u010dus ar liel\u0101ku \u0161\u0137\u0113rsgriezumu vai apjom\u012bgiem optikas ier\u012bc\u0113m. Plata maksts \u013cauj tai ar\u012b kalpot k\u0101 lielisku p\u0101rn\u0113s\u0101jamu datora vai milit\u0101r\u0101 radio nodal\u012bjumu. Pat ar saloc\u012btu maksti, t\u0101 prec\u012bzi ietilps liel\u0101kajai da\u013cai \u012bs\u0101m bises. Gunslinger II somi\u0146ai ir 2100 kubikcollu tilpums un t\u0101s standarta komplekt\u0101cij\u0101 ietilpst m\u016bsu tubul\u0101rais Intex-II\u2122 No-Shelf r\u0101mja sist\u0113ma, piln\u012bb\u0101 regul\u0113jamas plecu stiprin\u0101\u0161anas ier\u012bces un polster\u0113ts gurnu siksnas.<\/p>\n<h2>Izm\u0113ri<\/h2>\n<p>Somi\u0146as tilpums: 2,100 kub.collas \/ 34,41L<br \/>\nMaksts tilpums: 600 kub.collas<br \/>\n-Kop\u0113jais tilpums: 44 litri \/ 2,700 kub.collas<br \/>\n-Svars: 6 m\u0101rci\u0146as un 8 unces.<br \/>\n-Galven\u0101s somas izm\u0113ri: 22&#8243; aug. x 10&#8243; plat. x 8&#8243; dzi\u013c.<br \/>\n-Maksts izm\u0113ri: 34&#8243; gari x 10&#8243; plati x 3&#8243; dzi\u013ci, ar 26&#8243; apk\u0101rtm\u0113ru atveri. GSTC v\u0101ks \u013cauj p\u0101rn\u0113s\u0101t iero\u010dus l\u012bdz pat 60&#8243; garum\u0101.<br \/>\n-Faktiskais svars: 6,5 m\u0101rci\u0146as (ar GSTC).<\/p>\n<h2>Funkcijas<\/h2>\n<p>Aug\u0161\u0113jais kabatas nodal\u012bjums<br \/>\n-Piekrau\u0161anas panelis<br \/>\n-Pude\u013cu kabatas<br \/>\n-Integr\u0113ta iero\u010du maksts<br \/>\n-Savilk\u0161anas siksnas<br \/>\n-Aug\u0161\u0113jais auklas un priek\u0161\u0113jais r\u0101v\u0113jsl\u0113dz\u0113ja atv\u0113r\u0161ana<br \/>\n-Intex II Tubular r\u0101mis<\/p>\n","protected":false},"excerpt":{"rendered":"<p>Gunslinger II\u2122 ir vid\u0113ja izm\u0113ra taktisk\u0101 soma ar pilnu platuma maksti, kas lab\u0101k ietilpina iero\u010du ar liel\u0101kiem \u0161\u0137\u0113rsgriezumiem vai apjom\u012bg\u0101m optik\u0101m.<\/p>\n","protected":false},"featured_media":699160,"template":"","meta":{"_acf_changed":false},"product_brand":[15154],"product_cat":[13771],"product_tag":[],"class_list":{"0":"post-699103","1":"product","2":"type-product","3":"status-publish","4":"has-post-thumbnail","6":"product_brand-eberlestock","7":"product_cat-mugursomas","9":"first","10":"instock","11":"taxable","12":"shipping-taxable","13":"purchasable","14":"product-type-variable","15":"wvs-archive-product-wrapper"},"acf":[],"_links":{"self":[{"href":"https:\/\/nbg.eu\/lv\/wp-json\/wp\/v2\/product\/699103","targetHints":{"allow":["GET"]}}],"collection":[{"href":"https:\/\/nbg.eu\/lv\/wp-json\/wp\/v2\/product"}],"about":[{"href":"https:\/\/nbg.eu\/lv\/wp-json\/wp\/v2\/types\/product"}],"wp:featuredmedia":[{"embeddable":true,"href":"https:\/\/nbg.eu\/lv\/wp-json\/wp\/v2\/media\/699160"}],"wp:attachment":[{"href":"https:\/\/nbg.eu\/lv\/wp-json\/wp\/v2\/media?parent=699103"}],"wp:term":[{"taxonomy":"product_brand","embeddable":true,"href":"https:\/\/nbg.eu\/lv\/wp-json\/wp\/v2\/product_brand?post=699103"},{"taxonomy":"product_cat","embeddable":true,"href":"https:\/\/nbg.eu\/lv\/wp-json\/wp\/v2\/product_cat?post=699103"},{"taxonomy":"product_tag","embeddable":true,"href":"https:\/\/nbg.eu\/lv\/wp-json\/wp\/v2\/product_tag?post=699103"}],"curies":[{"name":"wp","href":"https:\/\/api.w.org\/{rel}","templated":true}]}}