{"id":699657,"date":"2025-12-22T18:02:07","date_gmt":"2025-12-22T15:02:07","guid":{"rendered":"https:\/\/nbg.eu\/product\/bino-lietussargs\/"},"modified":"2026-04-15T14:28:34","modified_gmt":"2026-04-15T11:28:34","slug":"bino-lietussargs","status":"publish","type":"product","link":"https:\/\/nbg.eu\/lv\/product\/bino-lietussargs\/","title":{"rendered":"Eberlestock Binok\u013ca Lietus Aizsargs Recon"},"content":{"rendered":"<h2>Bino lietussargs: kompakts un viegls aizsarg\u0101jo\u0161s risin\u0101jums j\u016bsu optikai<\/h2>\n<p>Bino lietussargs ir daudzfunkcion\u0101ls un kompakts risin\u0101jums, lai tur\u0113tu j\u016bsu binok\u013cus sausus un aizsarg\u0101tus no apk\u0101rt\u0113jiem apst\u0101k\u013ciem. Tas ir izstr\u0101d\u0101ts, lai \u0113rti integr\u0113tos ar Recon Bino Harness, nodro\u0161inot uzticamu p\u0101rkl\u0101jumu un \u0113rt\u012bbu.<\/p>\n<p>Izgatavots no iztur\u012bga un viegl\u0101 materi\u0101la, Bino lietussargs ievietojams komplekt\u0101 iek\u013caut\u0101 apvalk\u0101, kas atvieglo t\u0101 p\u0101rne\u0161anu un pieejam\u012bbu, kad tas nepiecie\u0161ams. 10mm Hangar siksna \u013cauj dro\u0161i piestiprin\u0101t lietussargu pie j\u016bsu apr\u012bkojuma, nodro\u0161inot, ka j\u016bsu binok\u013ci ir pasarg\u0101ti no lietus, sniega un citiem laikapst\u0101k\u013ciem.<\/p>\n<p>Piln\u0101 p\u0101rkl\u0101juma dizains nodro\u0161ina, ka Bino lietussargs piln\u012bb\u0101 aptver Recon Bino Harness, sniedzot visaptvero\u0161u aizsardz\u012bbu j\u016bsu optikai. Koncentr\u0113jieties uz sav\u0101m aizraujo\u0161\u0101m aktivit\u0101t\u0113m \u0101rpus\u0113, neuztraucoties, ka laikapst\u0101k\u013ci apdraud\u0113s j\u016bsu skat\u012b\u0161anas pieredzi.<\/p>\n<p>Vai j\u016bs v\u0113rojat putnus, med\u012bjat vai izp\u0113t\u0101t \u0101rpasauli, Bino lietussargs ir neaizst\u0101jams aksesu\u0101rs, lai tur\u0113tu j\u016bsu binok\u013cus sausus un lab\u0101 st\u0101vokl\u012b. Tas ir kompakts, viegls un \u0113rti lietojams, padarot to par ide\u0101lu pal\u012bgu jebkuram akt\u012bvam cilv\u0113kam.<\/p>\n","protected":false},"excerpt":{"rendered":"<p>Kompakta, viegla lietussargs, kas aizsarg\u0101 j\u016bsu Recon Bino Harness.<\/p>\n","protected":false},"featured_media":700047,"template":"","meta":{"_acf_changed":false},"product_brand":[15154],"product_cat":[15215],"product_tag":[],"class_list":{"0":"post-699657","1":"product","2":"type-product","3":"status-publish","4":"has-post-thumbnail","6":"product_brand-eberlestock","7":"product_cat-binocular-harnesses-lv","9":"first","10":"instock","11":"taxable","12":"shipping-taxable","13":"purchasable","14":"product-type-variable","15":"wvs-archive-product-wrapper"},"acf":[],"_links":{"self":[{"href":"https:\/\/nbg.eu\/lv\/wp-json\/wp\/v2\/product\/699657","targetHints":{"allow":["GET"]}}],"collection":[{"href":"https:\/\/nbg.eu\/lv\/wp-json\/wp\/v2\/product"}],"about":[{"href":"https:\/\/nbg.eu\/lv\/wp-json\/wp\/v2\/types\/product"}],"wp:featuredmedia":[{"embeddable":true,"href":"https:\/\/nbg.eu\/lv\/wp-json\/wp\/v2\/media\/700047"}],"wp:attachment":[{"href":"https:\/\/nbg.eu\/lv\/wp-json\/wp\/v2\/media?parent=699657"}],"wp:term":[{"taxonomy":"product_brand","embeddable":true,"href":"https:\/\/nbg.eu\/lv\/wp-json\/wp\/v2\/product_brand?post=699657"},{"taxonomy":"product_cat","embeddable":true,"href":"https:\/\/nbg.eu\/lv\/wp-json\/wp\/v2\/product_cat?post=699657"},{"taxonomy":"product_tag","embeddable":true,"href":"https:\/\/nbg.eu\/lv\/wp-json\/wp\/v2\/product_tag?post=699657"}],"curies":[{"name":"wp","href":"https:\/\/api.w.org\/{rel}","templated":true}]}}