{"id":700394,"date":"2025-12-22T18:10:47","date_gmt":"2025-12-22T15:10:47","guid":{"rendered":"https:\/\/nbg.eu\/product\/molle-panelis\/"},"modified":"2026-04-15T14:28:30","modified_gmt":"2026-04-15T11:28:30","slug":"molle-panelis","status":"publish","type":"product","link":"https:\/\/nbg.eu\/lv\/product\/molle-panelis\/","title":{"rendered":"Eberlestock MOLLE Panelis Recon"},"content":{"rendered":"<h2>Recon MOLLE panelis &#8211; daudzfunkciju piederums j\u016bsu binok\u013cu siksnai<\/h2>\n<p>Recon MOLLE panelis ir vienk\u0101r\u0161a, bet daudzfunkciju papildier\u012bce j\u016bsu binok\u013cu siksnas komplektam. Tas nodro\u0161ina \u0113rtu veidu, k\u0101 horizont\u0101li zem j\u016bsu binok\u013cu kabatas piestiprin\u0101t da\u017e\u0101das kabatas, piem\u0113ram, Recon Bearspray Pouch vai Recon Rangefinder Pouch. \u0160is panelis ar\u012b kalpo k\u0101 dro\u0161s pamats MOLLE sader\u012bgiem pistoles futl\u012b\u0161iem, \u013caujot jums dro\u0161i un \u0113rti p\u0101rvad\u0101t pistoli uz j\u016bsu binok\u013cu siksnas.<\/p>\n<p>M\u0113r\u012bjot 6&#8243; platum\u0101 un 3,25&#8243; augstum\u0101, Recon MOLLE panelis pied\u0101v\u0101 kompaktu un pievilc\u012bgu dizainu, kas nepievienos nevajadz\u012bgu apjomu j\u016bsu apr\u012bkojumam. T\u0101 MOLLE sader\u012bg\u0101 konstrukcija nodro\u0161ina sader\u012bbu ar pla\u0161u piederumu kl\u0101stu, dodot jums elast\u012bbu piel\u0101got j\u016bsu komplektu atbilsto\u0161i j\u016bsu konkr\u0113taj\u0101m vajadz\u012bb\u0101m.<\/p>\n","protected":false},"excerpt":{"rendered":"<p>Univers\u0101ls MOLLE panelis maisi\u0146u piestiprin\u0101\u0161anai un pistoles p\u0101rn\u0113s\u0101\u0161anai uz binok\u013cu siksnas.<\/p>\n","protected":false},"featured_media":700467,"template":"","meta":{"_acf_changed":false},"product_brand":[15154],"product_cat":[13825],"product_tag":[],"class_list":{"0":"post-700394","1":"product","2":"type-product","3":"status-publish","4":"has-post-thumbnail","6":"product_brand-eberlestock","7":"product_cat-sominas","9":"first","10":"instock","11":"taxable","12":"shipping-taxable","13":"purchasable","14":"product-type-variable","15":"wvs-archive-product-wrapper"},"acf":[],"_links":{"self":[{"href":"https:\/\/nbg.eu\/lv\/wp-json\/wp\/v2\/product\/700394","targetHints":{"allow":["GET"]}}],"collection":[{"href":"https:\/\/nbg.eu\/lv\/wp-json\/wp\/v2\/product"}],"about":[{"href":"https:\/\/nbg.eu\/lv\/wp-json\/wp\/v2\/types\/product"}],"wp:featuredmedia":[{"embeddable":true,"href":"https:\/\/nbg.eu\/lv\/wp-json\/wp\/v2\/media\/700467"}],"wp:attachment":[{"href":"https:\/\/nbg.eu\/lv\/wp-json\/wp\/v2\/media?parent=700394"}],"wp:term":[{"taxonomy":"product_brand","embeddable":true,"href":"https:\/\/nbg.eu\/lv\/wp-json\/wp\/v2\/product_brand?post=700394"},{"taxonomy":"product_cat","embeddable":true,"href":"https:\/\/nbg.eu\/lv\/wp-json\/wp\/v2\/product_cat?post=700394"},{"taxonomy":"product_tag","embeddable":true,"href":"https:\/\/nbg.eu\/lv\/wp-json\/wp\/v2\/product_tag?post=700394"}],"curies":[{"name":"wp","href":"https:\/\/api.w.org\/{rel}","templated":true}]}}