{"id":700810,"date":"2025-12-22T18:16:35","date_gmt":"2025-12-22T15:16:35","guid":{"rendered":"https:\/\/nbg.eu\/product\/diapazonterpa-somina\/"},"modified":"2026-04-15T14:28:27","modified_gmt":"2026-04-15T11:28:27","slug":"diapazonterpa-somina","status":"publish","type":"product","link":"https:\/\/nbg.eu\/lv\/product\/diapazonterpa-somina\/","title":{"rendered":"Eberlestock T\u0101l\u0101km\u0113ra Maki\u0146a Recon"},"content":{"rendered":"<h2>Recon diapazontelpas maks: aizsarg\u0101 savu apr\u012bkojumu, uzlabo precizit\u0101ti<\/h2>\n<p>Paceliet savus \u0101ra piedz\u012bvojumus ar Recon diapazontelpas maksu, kas ir izstr\u0101d\u0101ta, lai aizsarg\u0101tu j\u016bsu b\u016btisko diapazonm\u0113r\u012b\u0161anas apr\u012bkojumu. R\u016bp\u012bgi izstr\u0101d\u0101ts ar lielu uzman\u012bbu deta\u013c\u0101m, \u0161is maks pied\u0101v\u0101 nep\u0101rsp\u0113jamu aizsardz\u012bbu un \u0113rt\u012bbas, nodro\u0161inot, ka j\u016bsu apr\u012bkojums paliek dro\u0161s un viegli pieejams.<\/p>\n<p>Ar magn\u0113tisko priek\u0161\u0113jo atv\u0113r\u0161anas v\u0101ku Recon diapazontelpas maks pasarg\u0101 no putek\u013ciem un net\u012brumiem, saglab\u0101jot j\u016bsu diapazonm\u0113r\u012bt\u0101ja stikla perfekto st\u0101vokli. Troses aizsl\u0113gs \u013cauj viegli nolaist ier\u012bci, neuztraucoties par sal\u016b\u0161anu vai zaud\u0113\u0161anu, atst\u0101jot j\u016bsu rokas br\u012bvas svar\u012bg\u0101k\u0101m uzdevumiem.<\/p>\n<p>Ar kompaktaj\u0101m dimensij\u0101m 1,75&#8243; D x 3,25&#8243; W x 5&#8243; H Recon diapazontelpas maks iek\u013caujas j\u016bsu \u0101ra apr\u012bkojum\u0101, nodro\u0161inot diskr\u0113tu un kompaktu uzglab\u0101\u0161anas risin\u0101jumu. Vai j\u016bs esat aizr\u0101vies mednieks, nol\u0113m\u012bgs k\u0101j\u0101mg\u0101j\u0113js vai aizraut\u012bgs \u0161\u0101v\u0113js, \u0161is daudzfunkcion\u0101lais maks ir ide\u0101ls pal\u012bgs, lai aizsarg\u0101tu j\u016bsu v\u0113rt\u012bgo diapazonm\u0113r\u012b\u0161anas apr\u012bkojumu.<\/p>\n<p>Paceliet savu \u0101ra pieredzi ar Recon diapazontelpas maksu, gal\u0113jo aksesu\u0101ru izlases piedz\u012bvojumu mekl\u0113t\u0101jam, kas pieprasa lab\u0101ko apr\u012bkojuma aizsardz\u012bb\u0101 un \u0113rt\u012bb\u0101s.<\/p>\n","protected":false},"excerpt":{"rendered":"<p>Recon Rangefinder Pouch aizsarg\u0101 j\u016bsu ier\u012bci ar magn\u0113tisko v\u0101ku un ballistisko auklu \u0113rtai p\u0101rn\u0113s\u0101\u0161anai.<\/p>\n","protected":false},"featured_media":700858,"template":"","meta":{"_acf_changed":false},"product_brand":[15154],"product_cat":[13825],"product_tag":[],"class_list":{"0":"post-700810","1":"product","2":"type-product","3":"status-publish","4":"has-post-thumbnail","6":"product_brand-eberlestock","7":"product_cat-sominas","9":"first","10":"instock","11":"taxable","12":"shipping-taxable","13":"purchasable","14":"product-type-variable","15":"wvs-archive-product-wrapper"},"acf":[],"_links":{"self":[{"href":"https:\/\/nbg.eu\/lv\/wp-json\/wp\/v2\/product\/700810","targetHints":{"allow":["GET"]}}],"collection":[{"href":"https:\/\/nbg.eu\/lv\/wp-json\/wp\/v2\/product"}],"about":[{"href":"https:\/\/nbg.eu\/lv\/wp-json\/wp\/v2\/types\/product"}],"wp:featuredmedia":[{"embeddable":true,"href":"https:\/\/nbg.eu\/lv\/wp-json\/wp\/v2\/media\/700858"}],"wp:attachment":[{"href":"https:\/\/nbg.eu\/lv\/wp-json\/wp\/v2\/media?parent=700810"}],"wp:term":[{"taxonomy":"product_brand","embeddable":true,"href":"https:\/\/nbg.eu\/lv\/wp-json\/wp\/v2\/product_brand?post=700810"},{"taxonomy":"product_cat","embeddable":true,"href":"https:\/\/nbg.eu\/lv\/wp-json\/wp\/v2\/product_cat?post=700810"},{"taxonomy":"product_tag","embeddable":true,"href":"https:\/\/nbg.eu\/lv\/wp-json\/wp\/v2\/product_tag?post=700810"}],"curies":[{"name":"wp","href":"https:\/\/api.w.org\/{rel}","templated":true}]}}