{"id":701134,"date":"2025-12-22T18:40:25","date_gmt":"2025-12-22T15:40:25","guid":{"rendered":"https:\/\/nbg.eu\/product\/atra-lieta\/"},"modified":"2026-04-15T14:28:23","modified_gmt":"2026-04-15T11:28:23","slug":"atra-lieta","status":"publish","type":"product","link":"https:\/\/nbg.eu\/lv\/product\/atra-lieta\/","title":{"rendered":"Eberlestock Maki\u0146a Recon Quickcase"},"content":{"rendered":"<h2>Quickcase: J\u016bsu kompaktais p\u0101rdz\u012bvo\u0161anas pal\u012bgs<\/h2>\n<p>Quickcase ir daudzfunkcion\u0101la r\u0101v\u0113jsl\u0113dz\u0113ja soma, kas paredz\u0113ta, lai pievienotu to Recon Modular Bino Harness. \u0160is kompaktais piederums nodro\u0161ina ide\u0101lu risin\u0101jumu, lai glab\u0101tu un nodro\u0161in\u0101tu j\u016bsu galvenos p\u0101rdz\u012bvo\u0161anas piederumus, t\u0101d\u0113j\u0101di nodro\u0161inot, ka esat vienm\u0113r gatavi negaid\u012btam.<\/p>\n<p>Ar savu prec\u012bzo izm\u0113ru Quickcase nodro\u0161ina pietiekami daudz vietas nelielam p\u0101rdz\u012bvo\u0161anas komplektam, padarot to par neat\u0146emamu pal\u012bgu, ja jums n\u0101ktos atdal\u012bties no sava galven\u0101 iepakojuma. T\u0101 iztur\u012bg\u0101 konstrukcija un dro\u0161i aizdares r\u0101v\u0113jsl\u0113dz\u0113js glab\u0101 j\u016bsu kritiskos priek\u0161metus dro\u0161\u012bb\u0101 un pieejam\u012bb\u0101, kad jums tie visvair\u0101k nepiecie\u0161ami.<\/p>\n<p>Tom\u0113r Quickcase lietder\u012bba p\u0101rsniedz tikai p\u0101rdz\u012bvo\u0161anas gatav\u012bbu. Izmantojiet to k\u0101 \u0113rtu glab\u0101\u0161anas somu maziem priek\u0161metiem, turot tos organiz\u0113tus un viegli pieejamus, kam\u0113r esat ce\u013c\u0101. Vai nu j\u016bs ejat p\u0101rg\u0101jien\u0101, nom\u012btat vai iesaist\u0101ties jebk\u0101d\u0101 \u0101rpustelpu aktivit\u0101t\u0113, \u0161is daudzfunkcion\u0101lais piederums k\u013c\u016bs par neaizst\u0101jamu j\u016bsu apr\u012bkojuma da\u013cu.<\/p>\n<p>Quickcase ir paredz\u0113ts, lai saska\u0146oti integr\u0113tos ar Recon Modular Bino Harness, \u0113rti pievienojoties pie lentas ar \u0101\u0137iem un cilp\u0101m harnesses muguras pus\u0113. \u0160\u012b integr\u0101cija \u013cauj jums glab\u0101t savus galvenos priek\u0161metus tuvu pie sevis, atbr\u012bvojot vietu j\u016bsu galvenaj\u0101 iepakojum\u0101 un nodro\u0161inot, ka jums ir viss nepiecie\u0161amais viegli pieejams.<\/p>\n","protected":false},"excerpt":{"rendered":"<p>Neliels r\u0101v\u0113jsl\u0113d\u017ea maci\u0146\u0161, kas pievienojams Recon Modular Bino Stiep\u0146u stiprin\u0101jumam, lai uzglab\u0101tu izdz\u012bvo\u0161anas komplektu vai nelielas preces.<\/p>\n","protected":false},"featured_media":701208,"template":"","meta":{"_acf_changed":false},"product_brand":[15154],"product_cat":[13825],"product_tag":[],"class_list":{"0":"post-701134","1":"product","2":"type-product","3":"status-publish","4":"has-post-thumbnail","6":"product_brand-eberlestock","7":"product_cat-sominas","9":"first","10":"instock","11":"taxable","12":"shipping-taxable","13":"purchasable","14":"product-type-variable","15":"wvs-archive-product-wrapper"},"acf":[],"_links":{"self":[{"href":"https:\/\/nbg.eu\/lv\/wp-json\/wp\/v2\/product\/701134","targetHints":{"allow":["GET"]}}],"collection":[{"href":"https:\/\/nbg.eu\/lv\/wp-json\/wp\/v2\/product"}],"about":[{"href":"https:\/\/nbg.eu\/lv\/wp-json\/wp\/v2\/types\/product"}],"wp:featuredmedia":[{"embeddable":true,"href":"https:\/\/nbg.eu\/lv\/wp-json\/wp\/v2\/media\/701208"}],"wp:attachment":[{"href":"https:\/\/nbg.eu\/lv\/wp-json\/wp\/v2\/media?parent=701134"}],"wp:term":[{"taxonomy":"product_brand","embeddable":true,"href":"https:\/\/nbg.eu\/lv\/wp-json\/wp\/v2\/product_brand?post=701134"},{"taxonomy":"product_cat","embeddable":true,"href":"https:\/\/nbg.eu\/lv\/wp-json\/wp\/v2\/product_cat?post=701134"},{"taxonomy":"product_tag","embeddable":true,"href":"https:\/\/nbg.eu\/lv\/wp-json\/wp\/v2\/product_tag?post=701134"}],"curies":[{"name":"wp","href":"https:\/\/api.w.org\/{rel}","templated":true}]}}