{"id":701809,"date":"2025-12-23T11:39:12","date_gmt":"2025-12-23T08:39:12","guid":{"rendered":"https:\/\/nbg.eu\/product\/rokassilditajs\/"},"modified":"2026-04-15T14:28:19","modified_gmt":"2026-04-15T11:28:19","slug":"rokassilditajs","status":"publish","type":"product","link":"https:\/\/nbg.eu\/lv\/product\/rokassilditajs\/","title":{"rendered":"Eberlestock Roku Sild\u012bt\u0101js Recon"},"content":{"rendered":"<h2>Recon Siltin\u0101t\u0101js: Bezpiep\u016bles siltums \u0101ra piedz\u012bvojumiem<\/h2>\n<p>Roku sild\u012b\u0161ana, nepied\u0101v\u0101jot veikl\u012bbu, nav bijusi tik vienk\u0101r\u0161a k\u0101 ar Recon Siltin\u0101t\u0101ju. \u0160is inovat\u012bvais apr\u012bkojums tiek piestiprin\u0101ts bez piep\u016bles pie Recon Modul\u0101r\u0101 Binok\u013cu Siksnas, \u013caujot jums uztur\u0113t optim\u0101lu roku st\u0101vokli komfortam, vai nu s\u0113\u017eot, vai st\u0101vot. Recon Siltin\u0101t\u0101js nov\u0113r\u0161 nepiecie\u0161am\u012bbu p\u0113c resnu cimdu valk\u0101\u0161anas, nodro\u0161inot, ka j\u016bs joproj\u0101m varat veikt smalkas motorikas uzdevumus ar vieglu roku.<\/p>\n<p>Lai palielin\u0101tu \u0113rtumu, Recon Siltin\u0101t\u0101jam ir priek\u0161\u0113jais r\u0101v\u0113jsl\u0113dz\u0113ja kabati\u0146a, kur\u0101 var glab\u0101t papildu gaisa aktiviz\u0113tus roku sild\u012bt\u0101jus. Tas \u013cauj izmantot siltin\u0101t\u0101ju neatkar\u012bgi no Recon Modul\u0101r\u0101 Binok\u013cu Siksnas, nodro\u0161inot uzticamu siltuma avotu neatkar\u012bgi no aktivit\u0101tes vai vides. Iek\u013cautais jostas siksna nodro\u0161ina dro\u0161u un \u0113rtu piegulumu, uzturot rokas ide\u0101l\u0101 poz\u012bcij\u0101 maksim\u0101lai efektivit\u0101tei un komfortam.<\/p>\n<p>Neatkar\u012bgi no t\u0101, vai j\u016bs v\u0113rojat putnus, med\u012bjat vai vienk\u0101r\u0161i izbaud\u0101t lielisko \u0101ru, Recon Siltin\u0101t\u0101js ir ide\u0101lais pavadonis, lai uztur\u0113tu j\u016bsu rokas siltas un pirkstus veiklus. Izbaudiet \u0101ra komfortu un \u0113rtumu augst\u0101ko l\u012bmeni ar \u0161o daudzfunkcion\u0101lo un inovat\u012bvo apr\u012bkojumu.<\/p>\n","protected":false},"excerpt":{"rendered":"<p>Rekona roku sild\u012bt\u0101js notur rokas siltas bez cimdiem, piestiprin\u0101ms pie Rekona pakas.<\/p>\n","protected":false},"featured_media":701834,"template":"","meta":{"_acf_changed":false},"product_brand":[15154],"product_cat":[13835],"product_tag":[],"class_list":{"0":"post-701809","1":"product","2":"type-product","3":"status-publish","4":"has-post-thumbnail","6":"product_brand-eberlestock","7":"product_cat-aprikojums","9":"first","10":"instock","11":"taxable","12":"shipping-taxable","13":"purchasable","14":"product-type-variable","15":"wvs-archive-product-wrapper"},"acf":[],"_links":{"self":[{"href":"https:\/\/nbg.eu\/lv\/wp-json\/wp\/v2\/product\/701809","targetHints":{"allow":["GET"]}}],"collection":[{"href":"https:\/\/nbg.eu\/lv\/wp-json\/wp\/v2\/product"}],"about":[{"href":"https:\/\/nbg.eu\/lv\/wp-json\/wp\/v2\/types\/product"}],"wp:featuredmedia":[{"embeddable":true,"href":"https:\/\/nbg.eu\/lv\/wp-json\/wp\/v2\/media\/701834"}],"wp:attachment":[{"href":"https:\/\/nbg.eu\/lv\/wp-json\/wp\/v2\/media?parent=701809"}],"wp:term":[{"taxonomy":"product_brand","embeddable":true,"href":"https:\/\/nbg.eu\/lv\/wp-json\/wp\/v2\/product_brand?post=701809"},{"taxonomy":"product_cat","embeddable":true,"href":"https:\/\/nbg.eu\/lv\/wp-json\/wp\/v2\/product_cat?post=701809"},{"taxonomy":"product_tag","embeddable":true,"href":"https:\/\/nbg.eu\/lv\/wp-json\/wp\/v2\/product_tag?post=701809"}],"curies":[{"name":"wp","href":"https:\/\/api.w.org\/{rel}","templated":true}]}}