{"id":702147,"date":"2025-12-23T11:44:19","date_gmt":"2025-12-23T08:44:19","guid":{"rendered":"https:\/\/nbg.eu\/product\/bravo-modularais-binoklu-iepakojums-liels\/"},"modified":"2026-04-15T14:28:16","modified_gmt":"2026-04-15T11:28:16","slug":"bravo-modularais-binoklu-iepakojums-liels","status":"publish","type":"product","link":"https:\/\/nbg.eu\/lv\/product\/bravo-modularais-binoklu-iepakojums-liels\/","title":{"rendered":"Eberlestock Binok\u013ca Mugursoma Bravo Modular, Large"},"content":{"rendered":"<h2>Bravo Modul\u0101r\u0101 Bino Soma &#8211; Liela: Piel\u0101gojama optisko ier\u012b\u010du \u0146em\u0161ana j\u016bsu \u0101ra piedz\u012bvojumiem<\/h2>\n<p>Paredz\u0113ts ar modu\u013ciem priek\u0161pl\u0101n\u0101, BRAVO MODUL\u0100R\u0100 BINO SOMA tiek b\u016bv\u0113ta uz kr\u016b\u0161u \u0137\u0113r\u0101ja platformas, kas piel\u0101gojas j\u016bsu vajadz\u012bb\u0101m ar papildpiederumu komplektu. Tai ir magn\u0113tisk\u0101 br\u012bva uz priek\u0161u vilk\u0161anas piek\u013cuve bino maci\u0146am, pla\u0161a priek\u0161\u0113j\u0101 r\u0101v\u0113jsl\u0113gta kabata un elast\u012bg\u0101s s\u0101nu kabatas. Iek\u0161\u0113jie bino saites nodro\u0161ina j\u016bsu binok\u013cu dro\u0161\u012bbu, kam\u0113r zema profila MOLLE-sader\u012bg\u0101s malas un aizmugures panelis \u013cauj jums vienk\u0101r\u0161i piestiprin\u0101t kabatas un piederumus.<\/p>\n<p>Izgatavots no iztur\u012bg\u0101 500D Ripstop Neilona un N140D materi\u0101liem, Bravo Modul\u0101r\u0101 Bino Soma &#8211; Liela pied\u0101v\u0101 uzticamu sniegumu lieliskaj\u0101 \u0101ra vid\u0113. Sv\u0113rot tikai 14 unces, \u0161is daudzfunkcion\u0101lais komplekts nodro\u0161ina \u0113rtu un piel\u0101gojamu p\u0101rn\u0113s\u0101\u0161anas risin\u0101jumu j\u016bsu optikai un b\u016btiskaj\u0101m prec\u0113m.<\/p>\n<p>Ar iek\u0161\u0113jiem izm\u0113riem 9&#8243;H x 5,5&#8243;W x 2,5&#8243;D un \u0101r\u0113jiem izm\u0113riem 9,5&#8243;H x 6,25&#8243;W x 3,5&#8243;D, Bravo Modul\u0101r\u0101 Bino Soma &#8211; Liela nodro\u0161ina pietiekamu vietu, lai ietilpin\u0101tu j\u016bsu binok\u013cus un citas b\u016btisk\u0101s preces. Regul\u0113jams uz priek\u0161u virz\u0101mais plecu apvalks un zema profila MOLLE-sader\u012bg\u0101s malas nodro\u0161ina dro\u0161u un personaliz\u0113tu piel\u0101gojumu, \u013caujot jums piel\u0101got komplektu sav\u0101m vajadz\u012bb\u0101m.<\/p>\n<p>Uzlabojiet savu \u0101ra pieredzi ar Bravo Modul\u0101ro Bino Somu &#8211; Lielo, daudzfunkcion\u0101lu un piel\u0101gojamu risin\u0101jumu j\u016bsu binok\u013cu un b\u016btisko pre\u010du p\u0101rn\u0113s\u0101\u0161anai. Izp\u0113tiet pieejamos piederumus, lai piel\u0101gotu savu komplektu un maksimiz\u0113tu t\u0101 funkcionalit\u0101ti, padarot to par perfektu pavadoni j\u016bsu n\u0101kamajam piedz\u012bvojumam.<\/p>\n","protected":false},"excerpt":{"rendered":"<p>Modul\u0101ra kr\u016b\u0161u soma ar magn\u0113tisma br\u012bvu binok\u013ca kabatu, priek\u0161\u0113jo kabatu, elast\u012bg\u0101m s\u0101niem.<\/p>\n","protected":false},"featured_media":702240,"template":"","meta":{"_acf_changed":false},"product_brand":[15154],"product_cat":[15215],"product_tag":[],"class_list":{"0":"post-702147","1":"product","2":"type-product","3":"status-publish","4":"has-post-thumbnail","6":"product_brand-eberlestock","7":"product_cat-binocular-harnesses-lv","9":"first","10":"instock","11":"taxable","12":"shipping-taxable","13":"purchasable","14":"product-type-variable","15":"wvs-archive-product-wrapper"},"acf":[],"_links":{"self":[{"href":"https:\/\/nbg.eu\/lv\/wp-json\/wp\/v2\/product\/702147","targetHints":{"allow":["GET"]}}],"collection":[{"href":"https:\/\/nbg.eu\/lv\/wp-json\/wp\/v2\/product"}],"about":[{"href":"https:\/\/nbg.eu\/lv\/wp-json\/wp\/v2\/types\/product"}],"wp:featuredmedia":[{"embeddable":true,"href":"https:\/\/nbg.eu\/lv\/wp-json\/wp\/v2\/media\/702240"}],"wp:attachment":[{"href":"https:\/\/nbg.eu\/lv\/wp-json\/wp\/v2\/media?parent=702147"}],"wp:term":[{"taxonomy":"product_brand","embeddable":true,"href":"https:\/\/nbg.eu\/lv\/wp-json\/wp\/v2\/product_brand?post=702147"},{"taxonomy":"product_cat","embeddable":true,"href":"https:\/\/nbg.eu\/lv\/wp-json\/wp\/v2\/product_cat?post=702147"},{"taxonomy":"product_tag","embeddable":true,"href":"https:\/\/nbg.eu\/lv\/wp-json\/wp\/v2\/product_tag?post=702147"}],"curies":[{"name":"wp","href":"https:\/\/api.w.org\/{rel}","templated":true}]}}