{"id":702946,"date":"2025-12-23T11:50:14","date_gmt":"2025-12-23T08:50:14","guid":{"rendered":"https:\/\/nbg.eu\/product\/bravo-modularais-binoklu-iepakojums-mazs\/"},"modified":"2026-04-15T14:28:12","modified_gmt":"2026-04-15T11:28:12","slug":"bravo-modularais-binoklu-iepakojums-mazs","status":"publish","type":"product","link":"https:\/\/nbg.eu\/lv\/product\/bravo-modularais-binoklu-iepakojums-mazs\/","title":{"rendered":"Eberlestock Binok\u013ca Mugursoma Bravo Modular, Small"},"content":{"rendered":"<h2>Bravo modul\u0101r\u0101 Bino Pack-Small: daudzpus\u012bga un dro\u0161a binok\u013cu uzglab\u0101\u0161ana<\/h2>\n<p>Izveidots ar modularit\u0101ti k\u0101 galveno priorit\u0101ti, BRAVO MODULAR BINO PACK ir izveidots uz kr\u016b\u0161u lentes platformas, kas piel\u0101gojas j\u016bsu vajadz\u012bb\u0101m ar papildu piederumu kopumu. Tam ir magn\u0113tisks br\u012bva priek\u0161\u0113j\u0101 vilk\u0161ana piek\u013cuve binok\u013cu maci\u0146am, pla\u0161s priek\u0161\u0113jais r\u0101v\u0113jsl\u0113dz\u0113ja kabatas un izstieptas s\u0101nu kabatas. Iek\u0161\u0113jie binok\u013cu saites nodro\u0161ina j\u016bsu binok\u013cu dro\u0161\u012bbu, kam\u0113r zema profila MOLLE-sader\u012bg\u0101s sp\u0101rni un aizmugures panelis \u013cauj jums gludi pievienot kabatas un piederumus.<\/p>\n<p>Izgatavots no iztur\u012bga 500D Ripstop neilona un N140D audumiem, Bravo modul\u0101r\u0101 Bino Pack-Small pied\u0101v\u0101 vieglu un iztur\u012bgu risin\u0101jumu \u0101rpus telp\u0101m entuziasti, mednieki un taktisk\u0101 operatori.<\/p>\n<p>Galven\u0101s \u012bpa\u0161\u012bbas ietver mag-free aizv\u0113r\u0161anu \u0101trai piek\u013cuvei, sader\u012bbu ar asto\u0146iem pieejamiem piederumiem, lielu priek\u0161\u0113jo r\u0101v\u0113jsl\u0113dz\u0113ja kabatu, divk\u0101r\u0161\u0101s s\u0101nu elast\u012bg\u0101s kabatas, regul\u0113jamu priek\u0161\u0113j\u0101s vilk\u0161anas plecu stiprin\u0101jumu un zema profila MOLLE-sader\u012bgi sp\u0101rni apr\u012bkojuma iestat\u012bjuma piel\u0101go\u0161anai. Vai j\u016bs v\u0113rojat putnus, dodat pastaig\u0101 vai iesaist\u0101ties taktiskajos pas\u0101kumos, Bravo modul\u0101r\u0101 Bino Pack-Small pied\u0101v\u0101 daudzpus\u012bgu un dro\u0161u risin\u0101jumu j\u016bsu binok\u013cu uzglab\u0101\u0161anas vajadz\u012bb\u0101m.<\/p>\n","protected":false},"excerpt":{"rendered":"<p>Modul\u0101ra binok\u013cu soma ar magn\u0113tiskas aizdares sist\u0113mu, MOLLE-sader\u012bg\u0101m sp\u0101rnveida deta\u013c\u0101m un regul\u0113jamu stiprin\u0101jumu.<\/p>\n","protected":false},"featured_media":703004,"template":"","meta":{"_acf_changed":false},"product_brand":[15154],"product_cat":[15215],"product_tag":[],"class_list":{"0":"post-702946","1":"product","2":"type-product","3":"status-publish","4":"has-post-thumbnail","6":"product_brand-eberlestock","7":"product_cat-binocular-harnesses-lv","9":"first","10":"instock","11":"taxable","12":"shipping-taxable","13":"purchasable","14":"product-type-variable","15":"wvs-archive-product-wrapper"},"acf":[],"_links":{"self":[{"href":"https:\/\/nbg.eu\/lv\/wp-json\/wp\/v2\/product\/702946","targetHints":{"allow":["GET"]}}],"collection":[{"href":"https:\/\/nbg.eu\/lv\/wp-json\/wp\/v2\/product"}],"about":[{"href":"https:\/\/nbg.eu\/lv\/wp-json\/wp\/v2\/types\/product"}],"wp:featuredmedia":[{"embeddable":true,"href":"https:\/\/nbg.eu\/lv\/wp-json\/wp\/v2\/media\/703004"}],"wp:attachment":[{"href":"https:\/\/nbg.eu\/lv\/wp-json\/wp\/v2\/media?parent=702946"}],"wp:term":[{"taxonomy":"product_brand","embeddable":true,"href":"https:\/\/nbg.eu\/lv\/wp-json\/wp\/v2\/product_brand?post=702946"},{"taxonomy":"product_cat","embeddable":true,"href":"https:\/\/nbg.eu\/lv\/wp-json\/wp\/v2\/product_cat?post=702946"},{"taxonomy":"product_tag","embeddable":true,"href":"https:\/\/nbg.eu\/lv\/wp-json\/wp\/v2\/product_tag?post=702946"}],"curies":[{"name":"wp","href":"https:\/\/api.w.org\/{rel}","templated":true}]}}