{"id":703280,"date":"2025-12-23T12:02:01","date_gmt":"2025-12-23T09:02:01","guid":{"rendered":"https:\/\/nbg.eu\/product\/bando-maiss-xl\/"},"modified":"2026-04-15T14:28:08","modified_gmt":"2026-04-15T11:28:08","slug":"bando-maiss-xl","status":"publish","type":"product","link":"https:\/\/nbg.eu\/lv\/product\/bando-maiss-xl\/","title":{"rendered":"Eberlestock Soma Bando XL"},"content":{"rendered":"<h2>Bando maiss-XL: daudzveid\u012bga un \u0113rta ikdienas ne\u0161anas soma<\/h2>\n<p>Bando maiss-XL ir viegl\u0101 un \u0113rta veida, k\u0101 p\u0101rn\u0113s\u0101t j\u016bsu ikdienas ne\u0161anas (EDC) priek\u0161metus. Piln\u012bb\u0101 aizveramais aizmugures kabatas izm\u0113rs Bando maiss-XL ir 6 collas augsts x 11 collas plats x 3 collas dzi\u013c\u0161, pietiekami liels, lai nodro\u0161in\u0101tu liel\u0101ko da\u013cu s\u0101nu iero\u010du un maz\u0101ku \u0161aujamiero\u010du. Galvenaj\u0101 nodal\u012bjum\u0101 ir iek\u0161\u0113ja t\u012bkla aizverama kabata un divas ieb\u012bd\u0101mas kabatas papildu organiz\u0113\u0161anai, kam\u0113r maza aizverama priek\u0161\u0113j\u0101 kabata ir ide\u0101la atsl\u0113g\u0101m, vadiem vai citiem maziem priek\u0161metiem.<\/p>\n<p>Regul\u0113jam\u0101 viduk\u013ca siksna Bando maiss-XL \u013cauj piel\u0101got piegulumu, s\u0101kot no 31,5 collu l\u012bdz 44 collu garum\u0101. Bando maiss-XL ietvers ar\u012b integr\u0113tu uzmavu, lai \u0113rti p\u0101rn\u0113s\u0101tu t\u016brnikieti zem galven\u0101 nodal\u012bjuma aug\u0161\u0113j\u0101s l\u016bkas, nodro\u0161inot vieglu pieeju \u0161im b\u016btiskajam \u0101rk\u0101rtas apr\u012bkojumam.<\/p>\n<h2>Galven\u0101s funkcijas:<\/h2>\n<ul>\n<li>-Piln\u012bb\u0101 aizverams aizmugures kabatas (6 collas augsts x 11 collas plats x 3 collas dzi\u013c\u0161) s\u0101nu iero\u010du glab\u0101\u0161anai<\/li>\n<li>-Iek\u0161\u0113ja t\u012bkla aizverama kabata un divas ieb\u012bd\u0101mas kabatas organiz\u0113\u0161anai<\/li>\n<li>-Maza aizverama priek\u0161\u0113j\u0101 kabata atsl\u0113g\u0101m, vadiem un citiem maziem priek\u0161metiem<\/li>\n<li>-Regul\u0113jama viduk\u013ca siksna (31,5 &#8211; 44 collas)<\/li>\n<li>-Integr\u0113ta uzmava t\u016brnikieta p\u0101rn\u0113s\u0101\u0161anai<\/li>\n<\/ul>\n","protected":false},"excerpt":{"rendered":"<p>Viegls, piln\u012bb\u0101 aizip\u0113ts EDC soma ar 6&#8243;h x 11&#8243;w x 3&#8243;d kabatu pilna izm\u0113ra s\u0101nu iero\u010diem.<\/p>\n","protected":false},"featured_media":703305,"template":"","meta":{"_acf_changed":false},"product_brand":[15154],"product_cat":[13767],"product_tag":[],"class_list":{"0":"post-703280","1":"product","2":"type-product","3":"status-publish","4":"has-post-thumbnail","6":"product_brand-eberlestock","7":"product_cat-sautuves-somas","9":"first","10":"instock","11":"taxable","12":"shipping-taxable","13":"purchasable","14":"product-type-variable","15":"wvs-archive-product-wrapper"},"acf":[],"_links":{"self":[{"href":"https:\/\/nbg.eu\/lv\/wp-json\/wp\/v2\/product\/703280","targetHints":{"allow":["GET"]}}],"collection":[{"href":"https:\/\/nbg.eu\/lv\/wp-json\/wp\/v2\/product"}],"about":[{"href":"https:\/\/nbg.eu\/lv\/wp-json\/wp\/v2\/types\/product"}],"wp:featuredmedia":[{"embeddable":true,"href":"https:\/\/nbg.eu\/lv\/wp-json\/wp\/v2\/media\/703305"}],"wp:attachment":[{"href":"https:\/\/nbg.eu\/lv\/wp-json\/wp\/v2\/media?parent=703280"}],"wp:term":[{"taxonomy":"product_brand","embeddable":true,"href":"https:\/\/nbg.eu\/lv\/wp-json\/wp\/v2\/product_brand?post=703280"},{"taxonomy":"product_cat","embeddable":true,"href":"https:\/\/nbg.eu\/lv\/wp-json\/wp\/v2\/product_cat?post=703280"},{"taxonomy":"product_tag","embeddable":true,"href":"https:\/\/nbg.eu\/lv\/wp-json\/wp\/v2\/product_tag?post=703280"}],"curies":[{"name":"wp","href":"https:\/\/api.w.org\/{rel}","templated":true}]}}