{"id":704039,"date":"2025-12-23T12:03:47","date_gmt":"2025-12-23T09:03:47","guid":{"rendered":"https:\/\/nbg.eu\/product\/bando-soma\/"},"modified":"2026-04-15T14:28:04","modified_gmt":"2026-04-15T11:28:04","slug":"bando-soma","status":"publish","type":"product","link":"https:\/\/nbg.eu\/lv\/product\/bando-soma\/","title":{"rendered":"Eberlestock Soma Bando"},"content":{"rendered":"<h2>Bando soma: \u0113rta un viegla EDC p\u0101rnese<\/h2>\n<p>Bando soma ir viegls un \u0113rts veids, k\u0101 p\u0101rnest j\u016bsu EDC priek\u0161metus. Bando piln\u012bgi aizv\u0113ram\u0101 aizmugur\u0113j\u0101 kabata m\u0113ra 5,5&#8243;h x 9,5&#8243;w x 1&#8243;d, kas ir pietiekami liela, lai nodro\u0161in\u0101tu liel\u0101ko da\u013cu kompakto un apak\u0161kompakto s\u0101nu iero\u010du, piem\u0113ram, Glock-19 un l\u012bdz\u012bga lieluma. Galvenaj\u0101 nodal\u012bjum\u0101 ir iek\u0161\u0113j\u0101 t\u012bkla aizveram\u0101 kabata un divas ieb\u012bd\u0101m\u0101s kabatas papildu organiz\u0101cijai. Neliela aizverama priek\u0161\u0113j\u0101 kabata ir ide\u0101la atsl\u0113g\u0101m, vadiem vai citiem maziem priek\u0161metiem. Jostas siksnas garumu var regul\u0113t no 31,5&#8243; l\u012bdz 44&#8243;.<\/p>\n<h2>Galven\u0101s iez\u012bmes<\/h2>\n<ul>\n<li>Piln\u012bgi aizv\u0113rama aizmugur\u0113j\u0101 kabata<\/li>\n<li>Iek\u0161\u0113j\u0101 t\u012bkla aizveram\u0101 kabata<\/li>\n<li>Divas iek\u0161\u0113j\u0101s ieb\u012bd\u0101m\u0101s kabatas<\/li>\n<li>Neliela aizverama priek\u0161\u0113j\u0101 kabata<\/li>\n<li>Regul\u0113jama jostas siksna (31,5&#8243; &#8211; 44&#8243;)<\/li>\n<li>Integr\u0113ta man\u0161ete, lai \u0113rti p\u0101rn\u0113s\u0101tu t\u016brnikietu<\/li>\n<\/ul>\n","protected":false},"excerpt":{"rendered":"<p>Bando soma ir viegla un \u0113rta veida, k\u0101 p\u0101rnest j\u016bsu EDC priek\u0161metus. Der liel\u0101kajai da\u013cai kompakto un pilnizm\u0113ra \u0161aujamiero\u010du.<\/p>\n","protected":false},"featured_media":704064,"template":"","meta":{"_acf_changed":false},"product_brand":[15154],"product_cat":[13767],"product_tag":[],"class_list":{"0":"post-704039","1":"product","2":"type-product","3":"status-publish","4":"has-post-thumbnail","6":"product_brand-eberlestock","7":"product_cat-sautuves-somas","9":"first","10":"instock","11":"taxable","12":"shipping-taxable","13":"purchasable","14":"product-type-variable","15":"wvs-archive-product-wrapper"},"acf":[],"_links":{"self":[{"href":"https:\/\/nbg.eu\/lv\/wp-json\/wp\/v2\/product\/704039","targetHints":{"allow":["GET"]}}],"collection":[{"href":"https:\/\/nbg.eu\/lv\/wp-json\/wp\/v2\/product"}],"about":[{"href":"https:\/\/nbg.eu\/lv\/wp-json\/wp\/v2\/types\/product"}],"wp:featuredmedia":[{"embeddable":true,"href":"https:\/\/nbg.eu\/lv\/wp-json\/wp\/v2\/media\/704064"}],"wp:attachment":[{"href":"https:\/\/nbg.eu\/lv\/wp-json\/wp\/v2\/media?parent=704039"}],"wp:term":[{"taxonomy":"product_brand","embeddable":true,"href":"https:\/\/nbg.eu\/lv\/wp-json\/wp\/v2\/product_brand?post=704039"},{"taxonomy":"product_cat","embeddable":true,"href":"https:\/\/nbg.eu\/lv\/wp-json\/wp\/v2\/product_cat?post=704039"},{"taxonomy":"product_tag","embeddable":true,"href":"https:\/\/nbg.eu\/lv\/wp-json\/wp\/v2\/product_tag?post=704039"}],"curies":[{"name":"wp","href":"https:\/\/api.w.org\/{rel}","templated":true}]}}