{"id":704258,"date":"2025-12-23T12:08:03","date_gmt":"2025-12-23T09:08:03","guid":{"rendered":"https:\/\/nbg.eu\/product\/banditu-kopa\/"},"modified":"2026-04-24T15:10:10","modified_gmt":"2026-04-24T12:10:10","slug":"banditu-kopa","status":"publish","type":"product","link":"https:\/\/nbg.eu\/lv\/product\/banditu-kopa\/","title":{"rendered":"Eberlestock Bandit Mugursoma"},"content":{"rendered":"<h2>Bandit komplekts &#8211; univers\u0101ls pavadonis dienas p\u0101rg\u0101jieniem<\/h2>\n<p>Visunivers\u0101l\u0101kais komplekts m\u016bsu ikdienas ne\u0161anai, Bandit\u2122 ir izveidots ar konkr\u0113tu m\u0113r\u0137i dienas med\u012bb\u0101m un g\u0101jienus. \u0100r\u0113jais utilities panelis ir apr\u012bkots ar l\u0101zergrie\u017eam\u0101m MOLLE auduma virsm\u0101m, kas \u013cauj piestiprin\u0101t sader\u012bgus aksesu\u0101rus un kabatas, k\u0101 ar\u012b p\u0101rn\u0113s\u0101t jaku vai apr\u012bkojumu \u0101trai piek\u013cuvei. S\u0101nu elast\u012bg\u0101s kabatas var tur\u0113t \u016bdens pudeles un gar\u0101kus priek\u0161metus, piem\u0113ram, stat\u012bvu, nov\u0113ro\u0161anas teleskopu vai n\u016bjas.<\/p>\n<p>Utilities pane\u013ca siksnas cie\u0161i nostiprin\u0101t apr\u012bkojumu s\u0101nos vai pal\u012bdz saspiesti da\u013c\u0113ji piepild\u012btam komplektam. Iek\u0161pus\u0113 aug\u0161\u0113j\u0101 v\u0101k\u0101 atrad\u012bsiet maza izm\u0113ra priek\u0161metu organizatorus, piem\u0113ram, aizdar\u0101mu t\u012bkla kabatu un \u017eurn\u0101lu kabatu.<\/p>\n<p>Sader\u012bgs ar m\u016bsu Standarta gurnu jostu, lai pal\u012bdz\u0113tu ar svara sadali smag\u0101kiem kr\u0101jumiem.<\/p>\n<h2>Izm\u0113ri<\/h2>\n<p>Tilpums: 835 c.i. \/ 13,68L<br \/>\nSvars: 2,50 m\u0101rci\u0146as<br \/>\nIzm\u0113ri: 18,25H x 7W x 6,5D<\/p>\n<h2>Funkcijas<\/h2>\n<p>L\u0101zergrie\u017eama MOLLE virsma priek\u0161\u0101, lai piestiprin\u0101tu \u0101r\u0113jo apr\u012bkojumu<br \/>\nAug\u0161\u0113jais organizatora v\u0101ks ar t\u012bkla kabatu aksesu\u0101riem<br \/>\nRegul\u0113jami plecu siksnu vairogi<br \/>\nLigzda regul\u0113jamai gurnu jo\u0441\u0442ai papildu svara p\u0101rne\u0161anai<br \/>\nGalvenais nodal\u012bjums atver\u0101s no aug\u0161as l\u012bdz apak\u0161ai piln\u012bgai piek\u013c\u016b\u0161anai<br \/>\nIek\u0161\u0113j\u0101 cilpa 2L vai 3L Source\u00ae hidrat\u0101cijas maisa nostiprin\u0101\u0161anai<\/p>\n","protected":false},"excerpt":{"rendered":"<p>Vispus\u012bg\u0101k\u0101 soma m\u016bsu ikdienas p\u0101rn\u0113s\u0101\u0161anas kl\u0101st\u0101, Band\u012bts\u2122 ir paredz\u0113ts diengar\u0101m med\u012bb\u0101m un g\u0101jienam. \u0100r\u0113jais praktiskais panelis ir apr\u012bkots ar l\u0101zergriest\u0101m MOLLE siksn\u0101m, kas \u013cauj pievienot sader\u012bgus piederumus un maci\u0146us, un p\u0101rn\u0113s\u0101t jaku vai apr\u012bkojumu \u0101trai piek\u013cuvei. S\u0101nu izstiepuma kabatas var tur\u0113t \u016bdens pudeles un gar\u0101kus priek\u0161metus, piem\u0113ram, stat\u012bvu, nov\u0113rojamo teleskopu vai t\u016brisma n\u016bjas.<\/p>\n","protected":false},"featured_media":704293,"template":"","meta":{"_acf_changed":false},"product_brand":[15154],"product_cat":[13771],"product_tag":[],"class_list":{"0":"post-704258","1":"product","2":"type-product","3":"status-publish","4":"has-post-thumbnail","6":"product_brand-eberlestock","7":"product_cat-mugursomas","9":"first","10":"instock","11":"taxable","12":"shipping-taxable","13":"purchasable","14":"product-type-variable","15":"wvs-archive-product-wrapper"},"acf":[],"_links":{"self":[{"href":"https:\/\/nbg.eu\/lv\/wp-json\/wp\/v2\/product\/704258","targetHints":{"allow":["GET"]}}],"collection":[{"href":"https:\/\/nbg.eu\/lv\/wp-json\/wp\/v2\/product"}],"about":[{"href":"https:\/\/nbg.eu\/lv\/wp-json\/wp\/v2\/types\/product"}],"wp:featuredmedia":[{"embeddable":true,"href":"https:\/\/nbg.eu\/lv\/wp-json\/wp\/v2\/media\/704293"}],"wp:attachment":[{"href":"https:\/\/nbg.eu\/lv\/wp-json\/wp\/v2\/media?parent=704258"}],"wp:term":[{"taxonomy":"product_brand","embeddable":true,"href":"https:\/\/nbg.eu\/lv\/wp-json\/wp\/v2\/product_brand?post=704258"},{"taxonomy":"product_cat","embeddable":true,"href":"https:\/\/nbg.eu\/lv\/wp-json\/wp\/v2\/product_cat?post=704258"},{"taxonomy":"product_tag","embeddable":true,"href":"https:\/\/nbg.eu\/lv\/wp-json\/wp\/v2\/product_tag?post=704258"}],"curies":[{"name":"wp","href":"https:\/\/api.w.org\/{rel}","templated":true}]}}