{"id":704616,"date":"2025-12-23T12:15:29","date_gmt":"2025-12-23T09:15:29","guid":{"rendered":"https:\/\/nbg.eu\/product\/switchblade-pakots\/"},"modified":"2026-04-15T14:28:00","modified_gmt":"2026-04-15T11:28:00","slug":"switchblade-pakots","status":"publish","type":"product","link":"https:\/\/nbg.eu\/lv\/product\/switchblade-pakots\/","title":{"rendered":"Eberlestock Mugursoma Switchblade"},"content":{"rendered":"<h2>Switchblade somas: maksim\u0101la telpa un diskr\u0113ta p\u0101rn\u0113s\u0101\u0161ana<\/h2>\n<p>Switchblade\u2122 soma ir izstr\u0101d\u0101ta, lai saglab\u0101tu zemu profilu, vienlaikus pied\u0101v\u0101jot maksim\u0101lu telpu un organiz\u0101ciju. Atveriet aug\u0161\u0113jo kabatas v\u0101ku, lai piek\u013c\u016btu div\u0101m l\u0101d\u0113t\u0101ju kabat\u0101m un cit\u0101m maz\u0101m organiz\u0113\u0161anas funkcij\u0101m. Iek\u0161pus\u0113 atrad\u012bsiet dokumentu nodal\u012bjumu, kas ir ide\u0101ls iPad, kl\u0113pjdatoram vai pat \u012bs\u0101m \u0161autenes patronu l\u0101d\u0113m.<\/p>\n<p>Somas priek\u0161pus\u0113 ir \u013coti liela kabata \u0101trai piek\u013cuvei j\u016bsu svar\u012bgajiem priek\u0161metiem. Ab\u0101s pus\u0113s ir p\u0101ra auklas gl\u0101\u017eu kabatu, k\u0101 ar\u012b plakana s\u0101nu r\u0101v\u0113jsl\u0113dz\u0113ja kabata. Som\u0101 ar\u012b ir sl\u0113pta, magn\u0113tiska, \u0101tri pieejama CCW kabata diskr\u0113tai sl\u0113ptai p\u0101rn\u0113s\u0101\u0161anai.<\/p>\n<p>Ar kop\u0113jo tilpumu 1 785 kubikcollas (29,3 litri) un svaru tikai 3,60 m\u0101rci\u0146as, Switchblade\u2122 pied\u0101v\u0101 pla\u0161u telpu un p\u0101rn\u0113s\u0101jam\u012bbu. Galven\u0101s somas izm\u0113ri ir 20,5 collas augsts x 12 collas platums x 8 collas dzi\u013cums, padarot to par daudzveid\u012bgu izv\u0113li ikdienas lieto\u0161anai vai taktisk\u0101m oper\u0101cij\u0101m.<\/p>\n<p>Galven\u0101s funkcijas ietver retzemju magn\u0113tisk\u0101s atveres \u0101trai piek\u013cuvei pistoles sl\u0113pt\u0101s p\u0101rn\u0113s\u0101\u0161anas kabat\u0101m, cilpu-velcro PALS audumu pielikumu piestiprin\u0101\u0161anai MOLLE- vai velcro-mugursom\u0101m, un iek\u0161\u0113j\u0101s kabatas hidrat\u0101cijas mehk\u0161\u0137iem, l\u0101d\u0113t\u0101jiem un maz\u0101m pre\u010du organiz\u0113t\u0101jiem. No\u0146emam\u0101 p\u0101rn\u0113s\u0101\u0161anas sist\u0113ma un gurnu siksnas sader\u012bba palielina somas piel\u0101gojam\u012bbu.<\/p>\n<p>Switchblade\u2122 ar\u012b lepojas ar jauno MOLLE-10 t\u012bklu, kas pied\u0101v\u0101 60% liel\u0101ku svara ietaup\u012bjumu nek\u0101 standarta 25 mm MOLLE matricas, k\u0101 ar\u012b ambidevtru sl\u0113ptu patronl\u0101di, kas piem\u0113rota liel\u0101kajai da\u013cai pistol\u0113m, tostarp pilnizmera autom\u0101tisk\u0101m. Lai aizsarg\u0101tu no laika apst\u0101k\u013ciem, izmantojiet m\u016bsu Mazo revers\u012bvo lietus p\u0101rsegu.<\/p>\n","protected":false},"excerpt":{"rendered":"<p>Switchblade\u2122 uztur zemu profilu, nodro\u0161inot maksim\u0101lu vietu un organiz\u0101ciju. Atverot aug\u0161\u0113j\u0101s v\u0101ka kabatu, j\u016bs atrad\u012bsiet divus \u017eurn\u0101lu kabatlielumus un citas nelielas organiz\u0101cijas funkcijas. Iek\u0161pus\u0113 atrad\u012bsiet dokumenta nodal\u012bjumu iPad, kl\u0113pjdatoram vai pat \u012bskok\u013ca \u0161autenes glab\u0101\u0161anai. Paka priek\u0161pus\u0113 ir lielizm\u0113ra kabata j\u016bsu svar\u012bgo priek\u0161metu \u0101tr\u0101kai piek\u013cuvei. Katr\u0101 s\u0101n\u0101 ir p\u0101ris auklas gl\u0101\u017eu tur\u0113t\u0101ju kabatas, k\u0101 ar\u012b plakana s\u0101nu r\u0101v\u0113jsl\u0113dz\u0113ja kabata. Tai ir ar\u012b pasl\u0113pta magn\u0113tisk\u0101 \u0101tr\u0101s piek\u013cuves CCW kabata.<\/p>\n","protected":false},"featured_media":704702,"template":"","meta":{"_acf_changed":false},"product_brand":[15154],"product_cat":[13771],"product_tag":[],"class_list":{"0":"post-704616","1":"product","2":"type-product","3":"status-publish","4":"has-post-thumbnail","6":"product_brand-eberlestock","7":"product_cat-mugursomas","9":"first","10":"instock","11":"taxable","12":"shipping-taxable","13":"purchasable","14":"product-type-variable","15":"wvs-archive-product-wrapper"},"acf":[],"_links":{"self":[{"href":"https:\/\/nbg.eu\/lv\/wp-json\/wp\/v2\/product\/704616","targetHints":{"allow":["GET"]}}],"collection":[{"href":"https:\/\/nbg.eu\/lv\/wp-json\/wp\/v2\/product"}],"about":[{"href":"https:\/\/nbg.eu\/lv\/wp-json\/wp\/v2\/types\/product"}],"wp:featuredmedia":[{"embeddable":true,"href":"https:\/\/nbg.eu\/lv\/wp-json\/wp\/v2\/media\/704702"}],"wp:attachment":[{"href":"https:\/\/nbg.eu\/lv\/wp-json\/wp\/v2\/media?parent=704616"}],"wp:term":[{"taxonomy":"product_brand","embeddable":true,"href":"https:\/\/nbg.eu\/lv\/wp-json\/wp\/v2\/product_brand?post=704616"},{"taxonomy":"product_cat","embeddable":true,"href":"https:\/\/nbg.eu\/lv\/wp-json\/wp\/v2\/product_cat?post=704616"},{"taxonomy":"product_tag","embeddable":true,"href":"https:\/\/nbg.eu\/lv\/wp-json\/wp\/v2\/product_tag?post=704616"}],"curies":[{"name":"wp","href":"https:\/\/api.w.org\/{rel}","templated":true}]}}