{"id":719774,"date":"2026-01-26T13:11:03","date_gmt":"2026-01-26T10:11:03","guid":{"rendered":"https:\/\/nbg.eu\/product\/viriskigs-peak-orange-14c28n\/"},"modified":"2026-05-13T16:03:01","modified_gmt":"2026-05-13T13:03:01","slug":"viriskigs-peak-orange-14c28n","status":"publish","type":"product","link":"https:\/\/nbg.eu\/lv\/product\/viriskigs-peak-orange-14c28n\/","title":{"rendered":"V\u012bri\u0161\u0137\u012bgs PEAK ORANGE 14C28N"},"content":{"rendered":"<h2>Manly PEAK ORANGE 14C28N saliekamais nazis<\/h2>\n<p>Manly PEAK ORANGE 14C28N saliekamais nazis ir apr\u012bkots ar revers\u012bvu spraudni, padarot to piem\u0113rotu gan kreilis, gan lab\u0101s rokas lietot\u0101jiem. Ar savu iztur\u012bgo Backlock blo\u0137\u0113\u0161anas meh\u0101nismu \u0161is nazis nodro\u0161ina dro\u0161u un uzticamu darb\u012bbu.<\/p>\n<p>Ar precizit\u0101ti izgatavotas, PEAK ORANGE 14C28N le\u0146\u0137a asmens ir 9,4 cm gars, izgatavots no 14C28N t\u0113rauda, un t\u0101 rokturis ir iztur\u012bgs no G10 materi\u0101la, nodro\u0161inot \u0113rtu un uzticamu satver\u0161anu. Kopgarums ir 22 cm, padarot to par univers\u0101lu izv\u0113li da\u017e\u0101diem uzdevumiem. Svars ir 115 g, kas nodro\u0161ina labu l\u012bdzsvaru un vieglu p\u0101rvald\u012bbu.<\/p>\n<p>Naglu \u0161\u0137\u0113rsdurvis \u013cauj viegli atver\u0113t ar vienu roku, kam\u0113r Backlock blo\u0137\u0113\u0161anas sist\u0113ma notur asmeni dro\u0161i sav\u0101 viet\u0101 lieto\u0161anas laik\u0101. Ar savu gludo oran\u017eo kr\u0101su PEAK ORANGE 14C28N pie\u0161\u0137ir stilu j\u016bsu ikdienas p\u0101rvieto\u0161anas piederumiem.<\/p>\n","protected":false},"excerpt":{"rendered":"<p>Div\u0113j\u0101ms klipis, ambidevtrs. Aizmugures fiks\u0113juma sl\u0113dzene. PEAK ORANGE 14C28N.<\/p>\n","protected":false},"featured_media":719821,"template":"","meta":{"_acf_changed":false},"product_brand":[15087],"product_cat":[15385,15365],"product_tag":[],"class_list":{"0":"post-719774","1":"product","2":"type-product","3":"status-publish","4":"has-post-thumbnail","6":"product_brand-manly-knives","7":"product_cat-folding-knives-lv","8":"product_cat-knives-lv","10":"first","11":"outofstock","12":"taxable","13":"shipping-taxable","14":"purchasable","15":"product-type-simple"},"acf":[],"_links":{"self":[{"href":"https:\/\/nbg.eu\/lv\/wp-json\/wp\/v2\/product\/719774","targetHints":{"allow":["GET"]}}],"collection":[{"href":"https:\/\/nbg.eu\/lv\/wp-json\/wp\/v2\/product"}],"about":[{"href":"https:\/\/nbg.eu\/lv\/wp-json\/wp\/v2\/types\/product"}],"wp:featuredmedia":[{"embeddable":true,"href":"https:\/\/nbg.eu\/lv\/wp-json\/wp\/v2\/media\/719821"}],"wp:attachment":[{"href":"https:\/\/nbg.eu\/lv\/wp-json\/wp\/v2\/media?parent=719774"}],"wp:term":[{"taxonomy":"product_brand","embeddable":true,"href":"https:\/\/nbg.eu\/lv\/wp-json\/wp\/v2\/product_brand?post=719774"},{"taxonomy":"product_cat","embeddable":true,"href":"https:\/\/nbg.eu\/lv\/wp-json\/wp\/v2\/product_cat?post=719774"},{"taxonomy":"product_tag","embeddable":true,"href":"https:\/\/nbg.eu\/lv\/wp-json\/wp\/v2\/product_tag?post=719774"}],"curies":[{"name":"wp","href":"https:\/\/api.w.org\/{rel}","templated":true}]}}