{"id":719999,"date":"2024-08-17T16:59:32","date_gmt":"2024-08-17T13:59:32","guid":{"rendered":"https:\/\/nbg.eu\/product\/grips-kmr-l-modularais-smilspapirs-iss-orca-emiq-titan\/"},"modified":"2026-04-16T17:52:13","modified_gmt":"2026-04-16T14:52:13","slug":"grips-kmr-l-modularais-smilspapirs-iss-orca-emiq-titan","status":"publish","type":"product","link":"https:\/\/nbg.eu\/lv\/product\/grips-kmr-l-modularais-smilspapirs-iss-orca-emiq-titan\/","title":{"rendered":"KMR Rokturi L Modular Sandpaper \u012asie priek\u0161 Orca, EMIQ Tit\u0101ns"},"content":{"rendered":"<h2>Grips KMR L Modul\u0101ra smil\u0161pap\u012bra \u012bs\u0101 priek\u0161 Orca, Emiq Titan<\/h2>\n<p>Paaugstiniet savu \u0161au\u0161anas pieredzi ar Grips KMR L Modul\u0101ro smil\u0161pap\u012bra \u012bso priek\u0161 Orca un Emiq Titan. Izgatavots no augstas kvalit\u0101tes anodiz\u0113ta dur\u0101lum\u012bna, \u0161\u012b rokture pied\u0101v\u0101 bezmaz k\u0101 nesal\u012bdzin\u0101mu iztur\u012bbu un eleganta, moderna izskata. Konstru\u0113ts lieto\u0161anai ar mun\u012bcijas vadotni, \u012bs\u0101 garuma d\u0113\u013c pied\u0101v\u0101 uzlabotu kontroli un apgrie\u017eam\u012bbu, padarot to par ide\u0101lu izv\u0113li da\u017e\u0101d\u0101m \u0161au\u0161anas aktivit\u0101t\u0113m.<\/p>\n<p>Modul\u0101rais dizains \u013cauj viegli piel\u0101got, \u013caujot jums piel\u0101got rokturi saska\u0146\u0101 ar j\u016bsu konkr\u0113taj\u0101m vajadz\u012bb\u0101m. Ar smil\u0161pap\u012bra l\u012bdz\u012bgu tekst\u016bru, \u0161\u012b rokture nodro\u0161ina dro\u0161u un p\u0101rliecin\u0101tu satver\u0161anu, nodro\u0161inot optim\u0101lu stabilit\u0101ti un kontroli j\u016bsu \u0161au\u0161anas sesiju laik\u0101. Iek\u013cautie Torx skr\u016bves padara uzst\u0101d\u012b\u0161anu vienk\u0101r\u0161u, \u013caujot jums viegli integr\u0113t rokturi j\u016bsu Orca vai Emiq Titan platform\u0101.<\/p>\n<p>Paaugstiniet savu \u0161au\u0161anas pieredzi ar Grips KMR L Modul\u0101ro smil\u0161pap\u012bra \u012bso. Izgatavots ar precizit\u0101ti un uzman\u012bbu deta\u013c\u0101m, \u0161\u012b rokture ir neaizst\u0101jams aksesu\u0101rs jebkuram nopietnajam \u0161\u0101v\u0113jam. Uzlabojiet savu apr\u012bkojumu jau \u0161odien un izbaudiet to, ko var pied\u0101v\u0101t augsta kvalit\u0101te un dizains.<\/p>\n","protected":false},"excerpt":{"rendered":"<p>Satver\u0161anas rokturi KMR L modul\u0101rais smil\u0161pap\u012brs \u012bsais Orca, Emiq Titan. Anodiz\u0113ts diralumanis, ar \u017eurn\u0101la vadotni, Torx skr\u016bv\u0113m, KMR logotipu.<\/p>\n","protected":false},"featured_media":720026,"template":"","meta":{"_acf_changed":false},"product_brand":[11512],"product_cat":[13777,14886],"product_tag":[],"class_list":{"0":"post-719999","1":"product","2":"type-product","3":"status-publish","4":"has-post-thumbnail","6":"product_brand-kmr-precision","7":"product_cat-kmr-detalas","8":"product_cat-pistol-grips-lv","10":"first","11":"instock","12":"taxable","13":"shipping-taxable","14":"product-type-simple"},"acf":[],"_links":{"self":[{"href":"https:\/\/nbg.eu\/lv\/wp-json\/wp\/v2\/product\/719999","targetHints":{"allow":["GET"]}}],"collection":[{"href":"https:\/\/nbg.eu\/lv\/wp-json\/wp\/v2\/product"}],"about":[{"href":"https:\/\/nbg.eu\/lv\/wp-json\/wp\/v2\/types\/product"}],"wp:featuredmedia":[{"embeddable":true,"href":"https:\/\/nbg.eu\/lv\/wp-json\/wp\/v2\/media\/720026"}],"wp:attachment":[{"href":"https:\/\/nbg.eu\/lv\/wp-json\/wp\/v2\/media?parent=719999"}],"wp:term":[{"taxonomy":"product_brand","embeddable":true,"href":"https:\/\/nbg.eu\/lv\/wp-json\/wp\/v2\/product_brand?post=719999"},{"taxonomy":"product_cat","embeddable":true,"href":"https:\/\/nbg.eu\/lv\/wp-json\/wp\/v2\/product_cat?post=719999"},{"taxonomy":"product_tag","embeddable":true,"href":"https:\/\/nbg.eu\/lv\/wp-json\/wp\/v2\/product_tag?post=719999"}],"curies":[{"name":"wp","href":"https:\/\/api.w.org\/{rel}","templated":true}]}}