{"id":720214,"date":"2025-05-21T16:04:06","date_gmt":"2025-05-21T13:04:06","guid":{"rendered":"https:\/\/nbg.eu\/product\/magazine-kmr-l-02-orca-cal-40-sw-18-rnds\/"},"modified":"2026-04-16T17:47:15","modified_gmt":"2026-04-16T14:47:15","slug":"magazine-kmr-l-02-orca-cal-40-sw-18-rnds","status":"publish","type":"product","link":"https:\/\/nbg.eu\/lv\/product\/magazine-kmr-l-02-orca-cal-40-sw-18-rnds\/","title":{"rendered":"KMR Aptvere L-02 ORCA .40 S&amp;W 18 Patr."},"content":{"rendered":"<h2>MAGAZINE KMR L-02 ORCA &#8211; Uzlabojiet savu ugundarb\u012bbu<\/h2>\n<p>Ievie\u0161am MAGAZINE KMR L-02 ORCA, augstas ietilp\u012bbas magaz\u012bnu, kas veidota, lai paaugstin\u0101tu j\u016bsu \u0161au\u0161anas pieredzi. Paredz\u0113ta jaud\u012bgajai .40 S&amp;W patronai, \u0161\u012b magaz\u012bna lepojas ar iespaid\u012bgu 18 patronu ietilp\u012bbu, nodro\u0161inot jums palielin\u0101tu ugundarb\u012bbu un samazin\u0101tas p\u0101rl\u0101d\u0113\u0161anas interv\u0101las.<\/p>\n<p>Veidota ar precizit\u0101ti un uzman\u012bbu deta\u013c\u0101m, magaz\u012bna ir b\u016btisks piederums \u0161\u0101v\u0113jiem, kuri pieprasa lab\u0101ko. T\u0101s iztur\u012bg\u0101 konstrukcija nodro\u0161ina uzticamu darb\u012bbu pat visskarbajos apst\u0101k\u013cos.<\/p>\n<p>Ar slaidu un ergonomisku dizainu MAGAZINE KMR L-02 ORCA vienm\u0113r\u012bgi integr\u0113jas ar j\u016bsu iero\u010du, nodro\u0161inot \u0113rtu un dro\u0161u tv\u0113rienu. T\u0101s uzlabot\u0101 ietilp\u012bba \u013cauj jums palikt darb\u012bbas lok\u0101 ilg\u0101k, samazinot nepiecie\u0161am\u012bbu p\u0113c bie\u017eas magaz\u012bnu nomai\u0146as un maksimiz\u0113jot j\u016bsu taktisko priek\u0161roc\u012bbu.<\/p>\n<p>Izbaudiet MAGAZINE KMR L-02 ORCA jaudu un daudzpus\u012bbu, augst\u0101k\u0101s ietilp\u012bbas magaz\u012bnu j\u016bsu .40 S&amp;W ierochiem.<\/p>\n<p>Atsauce: 1152-02403-0001.<\/p>\n","protected":false},"excerpt":{"rendered":"<p>\u017dURN\u0100LS KMR L-02 ORCA, kal. 40 S&amp;W, 18 patroni, liela ietilp\u012bba l\u0101d\u0113t\u0101js palielin\u0101tas uguns jaudas.<\/p>\n","protected":false},"featured_media":365272,"template":"","meta":{"_acf_changed":false},"product_brand":[11512],"product_cat":[13777,13773],"product_tag":[],"class_list":{"0":"post-720214","1":"product","2":"type-product","3":"status-publish","4":"has-post-thumbnail","6":"product_brand-kmr-precision","7":"product_cat-kmr-detalas","8":"product_cat-pistoles-detalas","10":"first","11":"instock","12":"taxable","13":"shipping-taxable","14":"product-type-simple"},"acf":[],"_links":{"self":[{"href":"https:\/\/nbg.eu\/lv\/wp-json\/wp\/v2\/product\/720214","targetHints":{"allow":["GET"]}}],"collection":[{"href":"https:\/\/nbg.eu\/lv\/wp-json\/wp\/v2\/product"}],"about":[{"href":"https:\/\/nbg.eu\/lv\/wp-json\/wp\/v2\/types\/product"}],"wp:featuredmedia":[{"embeddable":true,"href":"https:\/\/nbg.eu\/lv\/wp-json\/wp\/v2\/media\/365272"}],"wp:attachment":[{"href":"https:\/\/nbg.eu\/lv\/wp-json\/wp\/v2\/media?parent=720214"}],"wp:term":[{"taxonomy":"product_brand","embeddable":true,"href":"https:\/\/nbg.eu\/lv\/wp-json\/wp\/v2\/product_brand?post=720214"},{"taxonomy":"product_cat","embeddable":true,"href":"https:\/\/nbg.eu\/lv\/wp-json\/wp\/v2\/product_cat?post=720214"},{"taxonomy":"product_tag","embeddable":true,"href":"https:\/\/nbg.eu\/lv\/wp-json\/wp\/v2\/product_tag?post=720214"}],"curies":[{"name":"wp","href":"https:\/\/api.w.org\/{rel}","templated":true}]}}