{"id":720264,"date":"2025-03-04T21:36:59","date_gmt":"2025-03-04T18:36:59","guid":{"rendered":"https:\/\/nbg.eu\/product\/manuala-drosibas-komplekta-kmr-27-plakans-kreilis\/"},"modified":"2026-04-16T17:47:41","modified_gmt":"2026-04-16T14:47:41","slug":"manuala-drosibas-komplekta-kmr-27-plakans-kreilis","status":"publish","type":"product","link":"https:\/\/nbg.eu\/lv\/product\/manuala-drosibas-komplekta-kmr-27-plakans-kreilis\/","title":{"rendered":"KMR Manu\u0101ls Dro\u0161\u012bbas Komplekts 27 Plakans, Kreisro\u010d\u012bgajiem"},"content":{"rendered":"<h2>MANU\u0100L\u0100 DRO\u0160\u012aBAS KOMPLEKTA KMR 27 PLAKANA, KREISZOKA<\/h2>\n<p>MANU\u0100L\u0100 DRO\u0160\u012aBAS KOMPLEKTA KMR 27 PLAKANA, KREISZOKA ir augstas kvalit\u0101tes dro\u0161\u012bbas ier\u012bce, kas izstr\u0101d\u0101ta kreiszok\u0101m lietot\u0101jiem. \u0160is komplekts ir ar plakanu profilu, lai tas izskat\u012btos gludi un diskr\u0113ti, k\u0101 ar\u012b b\u016btu viegli lietojams. Prec\u012bzi izstr\u0101d\u0101tais dro\u0161\u012bbas komplekts nodro\u0161ina uzticamu aizsardz\u012bbu pret nejau\u0161u iz\u0161au\u0161anu, uzlabojot j\u016bsu \u0161aujamiero\u010da visp\u0101r\u0113jo dro\u0161\u012bbu.<\/p>\n<p>Izstr\u0101d\u0101ts, lai harmoniz\u0113tu ar pla\u0161u \u0161aujamiero\u0161u spektru, MANU\u0100L\u0100 DRO\u0160\u012aBAS KOMPLEKTA KMR 27 PLAKANA, KREISZOKA ir univers\u0101ls un uzticams dro\u0161\u012bbas risin\u0101jums. T\u0101 plakana profila konstrukcija mazina aiz\u0137er\u0161an\u0101s un trauc\u0113jumu risku, nodro\u0161inot gludo un netrauc\u0113jo\u0161o lietot\u0101ja pieredzi. Neatkar\u012bgi no t\u0101, vai esat pieredz\u0113jis \u0161\u0101v\u0113js vai ies\u0101c\u0113js, \u0161is dro\u0161\u012bbas komplekts ir b\u016btisks papildin\u0101jums j\u016bsu \u0161aujamiero\u010du piederumiem.<\/p>\n","protected":false},"excerpt":{"rendered":"<p>Manu\u0101l\u0101 dro\u0161\u012bbas komplekta KMR 27, plakana, kreis\u0101s rokas dizains uzticamai darb\u012bbai.<\/p>\n","protected":false},"featured_media":236771,"template":"","meta":{"_acf_changed":false},"product_brand":[11512],"product_cat":[13777],"product_tag":[],"class_list":{"0":"post-720264","1":"product","2":"type-product","3":"status-publish","4":"has-post-thumbnail","6":"product_brand-kmr-precision","7":"product_cat-kmr-detalas","9":"first","10":"instock","11":"taxable","12":"shipping-taxable","13":"purchasable","14":"product-type-simple"},"acf":[],"_links":{"self":[{"href":"https:\/\/nbg.eu\/lv\/wp-json\/wp\/v2\/product\/720264","targetHints":{"allow":["GET"]}}],"collection":[{"href":"https:\/\/nbg.eu\/lv\/wp-json\/wp\/v2\/product"}],"about":[{"href":"https:\/\/nbg.eu\/lv\/wp-json\/wp\/v2\/types\/product"}],"wp:featuredmedia":[{"embeddable":true,"href":"https:\/\/nbg.eu\/lv\/wp-json\/wp\/v2\/media\/236771"}],"wp:attachment":[{"href":"https:\/\/nbg.eu\/lv\/wp-json\/wp\/v2\/media?parent=720264"}],"wp:term":[{"taxonomy":"product_brand","embeddable":true,"href":"https:\/\/nbg.eu\/lv\/wp-json\/wp\/v2\/product_brand?post=720264"},{"taxonomy":"product_cat","embeddable":true,"href":"https:\/\/nbg.eu\/lv\/wp-json\/wp\/v2\/product_cat?post=720264"},{"taxonomy":"product_tag","embeddable":true,"href":"https:\/\/nbg.eu\/lv\/wp-json\/wp\/v2\/product_tag?post=720264"}],"curies":[{"name":"wp","href":"https:\/\/api.w.org\/{rel}","templated":true}]}}