{"id":720866,"date":"2024-08-18T12:16:47","date_gmt":"2024-08-18T09:16:47","guid":{"rendered":"https:\/\/nbg.eu\/product\/uguns-atbloketajs-kmr-l\/"},"modified":"2026-05-13T16:02:00","modified_gmt":"2026-05-13T13:02:00","slug":"uguns-atbloketajs-kmr-l","status":"publish","type":"product","link":"https:\/\/nbg.eu\/lv\/product\/uguns-atbloketajs-kmr-l\/","title":{"rendered":"KMR \u0160\u0101v\u0113jadata L"},"content":{"rendered":"<h2>Uguns izl\u0101des poga KMR L: Uzticama izv\u0113le prec\u012bzai \u0161au\u0161anai<\/h2>\n<p>Iepaz\u012bstin\u0101m ar Uguns izl\u0101des pogu KMR L, augst\u0101k\u0101s klases komponentu, kas izstr\u0101d\u0101ts nopietnam \u0161\u0101v\u0113jam. Izgatavots ar precizit\u0101ti un r\u016bp\u012bbu, \u0161\u012b uguns izl\u0101des poga ir pieejama da\u017e\u0101dos mode\u013cos, lai atbilstu j\u016bsu konkr\u0113taj\u0101m vajadz\u012bb\u0101m.<\/p>\n<p>Izstr\u0101d\u0101ta ilgm\u016b\u017e\u012bbai, Uguns izl\u0101des poga KMR L ir iztur\u012bga konstrukcija, kas var iztur\u0113t bie\u017eas lieto\u0161anas pras\u012bbas. T\u0101s bez\u0161uvju integr\u0101cija nodro\u0161ina vienm\u0113r\u012bgu, uzticamu spalvas vilk\u0161anu, \u013caujot jums veikt prec\u012bzus \u0161\u0101vienus ar p\u0101rliec\u012bbu. Izstr\u0101d\u0101ta, lai darbotos saska\u0146\u0101 ar j\u016bsu ieroci, \u0161\u012b uguns izl\u0101des poga ir ide\u0101la uzlabo\u0161ana tiem, kas mekl\u0113, lai uzlabotu savu \u0161au\u0161anas pieredzi.<\/p>\n<p>Uzlabojiet savu ieroci \u0161odien un paceliet savu \u0161au\u0161anu jaunos augstumos.<\/p>\n","protected":false},"excerpt":{"rendered":"<p>Aizdedzes adati\u0146a KMR L: Daudzfunkcion\u0101la aizdedzes adati\u0146a KMR L s\u0113rijas iero\u010du.<\/p>\n","protected":false},"featured_media":30322,"template":"","meta":{"_acf_changed":false},"product_brand":[11512],"product_cat":[13777,14771],"product_tag":[],"class_list":{"0":"post-720866","1":"product","2":"type-product","3":"status-publish","4":"has-post-thumbnail","6":"product_brand-kmr-precision","7":"product_cat-kmr-detalas","8":"product_cat-sausanas-tapas","10":"first","11":"outofstock","12":"taxable","13":"shipping-taxable","14":"product-type-simple"},"acf":[],"_links":{"self":[{"href":"https:\/\/nbg.eu\/lv\/wp-json\/wp\/v2\/product\/720866","targetHints":{"allow":["GET"]}}],"collection":[{"href":"https:\/\/nbg.eu\/lv\/wp-json\/wp\/v2\/product"}],"about":[{"href":"https:\/\/nbg.eu\/lv\/wp-json\/wp\/v2\/types\/product"}],"wp:featuredmedia":[{"embeddable":true,"href":"https:\/\/nbg.eu\/lv\/wp-json\/wp\/v2\/media\/30322"}],"wp:attachment":[{"href":"https:\/\/nbg.eu\/lv\/wp-json\/wp\/v2\/media?parent=720866"}],"wp:term":[{"taxonomy":"product_brand","embeddable":true,"href":"https:\/\/nbg.eu\/lv\/wp-json\/wp\/v2\/product_brand?post=720866"},{"taxonomy":"product_cat","embeddable":true,"href":"https:\/\/nbg.eu\/lv\/wp-json\/wp\/v2\/product_cat?post=720866"},{"taxonomy":"product_tag","embeddable":true,"href":"https:\/\/nbg.eu\/lv\/wp-json\/wp\/v2\/product_tag?post=720866"}],"curies":[{"name":"wp","href":"https:\/\/api.w.org\/{rel}","templated":true}]}}