{"id":721201,"date":"2024-08-17T15:12:22","date_gmt":"2024-08-17T12:12:22","guid":{"rendered":"https:\/\/nbg.eu\/product\/slides-pagarinajuma-tapas-25x18-m6-kmr\/"},"modified":"2026-04-16T17:52:47","modified_gmt":"2026-04-16T14:52:47","slug":"slides-pagarinajuma-tapas-25x18-m6-kmr","status":"publish","type":"product","link":"https:\/\/nbg.eu\/lv\/product\/slides-pagarinajuma-tapas-25x18-m6-kmr\/","title":{"rendered":"KMR Sl\u0113d\u017ea Pagarin\u0101juma Tapa 2.5&#215;18 M6"},"content":{"rendered":"<h2>Sl\u012bd\u0146a pagarin\u0101juma tapas 2,5X18 M6 KMR<\/h2>\n<p>Sl\u012bd\u0146a pagarin\u0101juma tapas 2,5X18 M6 KMR ir daudzfunkcion\u0101la un uzticama aparat\u016bras sast\u0101vda\u013ca, kas paredz\u0113ta pla\u0161am pielietojumu lokam. Ar 2,5 mm diametru un 18 mm garumu \u0161\u012b pagarin\u0101juma tapa ir sader\u012bga ar M6 v\u012btni, padarot to par piem\u0113rotu izv\u0113li da\u017e\u0101diem mont\u0101\u017eas un piestiprin\u0101\u0161anas nol\u016bkiem.<\/p>\n<p>Izgatavots no iztur\u012bgiem materi\u0101liem, Sl\u012bd\u0146a pagarin\u0101juma tapas 2,5X18 M6 KMR nodro\u0161ina izcilu stipr\u012bbu un stabilit\u0101ti, garant\u0113jot dro\u0161u un ilgsto\u0161u savienojumu. Kompaktais izm\u0113rs \u013cauj to viegli integr\u0113t \u0161aur\u0101s viet\u0101s, savuk\u0101rt glud\u0101 apdare un prec\u012bza v\u012btne nodro\u0161ina t\u012brumu un profesion\u0101lu izskatu.<\/p>\n<p>Ar vienk\u0101r\u0161u uzst\u0101d\u012b\u0161anas procesu un sader\u012bbu ar da\u017e\u0101d\u0101m sast\u0101vda\u013c\u0101m, Sl\u012bd\u0146a pagarin\u0101juma tapas 2,5X18 M6 KMR atvieglo j\u016bsu projektu mont\u0101\u017eu un modifik\u0101ciju, ietaupot laiku un p\u016bles. Ieg\u0101d\u0101jieties \u0161o augstas kvalit\u0101tes aparat\u016bras sast\u0101vda\u013cu, lai nodro\u0161in\u0101tu vienm\u0113r\u012bgu un efekt\u012bvu b\u016bv\u0113\u0161anas procesu.<\/p>\n","protected":false},"excerpt":{"rendered":"<p>Iztur\u012bgs pagarin\u0101juma aiz\u0161\u0137\u0113pis dro\u0161ai piestiprin\u0101\u0161anai, izm\u0113ri 2,5x18mm, M6 v\u012btne.<\/p>\n","protected":false},"featured_media":24019,"template":"","meta":{"_acf_changed":false},"product_brand":[11512],"product_cat":[13777],"product_tag":[],"class_list":{"0":"post-721201","1":"product","2":"type-product","3":"status-publish","4":"has-post-thumbnail","6":"product_brand-kmr-precision","7":"product_cat-kmr-detalas","9":"first","10":"instock","11":"taxable","12":"shipping-taxable","13":"product-type-simple"},"acf":[],"_links":{"self":[{"href":"https:\/\/nbg.eu\/lv\/wp-json\/wp\/v2\/product\/721201","targetHints":{"allow":["GET"]}}],"collection":[{"href":"https:\/\/nbg.eu\/lv\/wp-json\/wp\/v2\/product"}],"about":[{"href":"https:\/\/nbg.eu\/lv\/wp-json\/wp\/v2\/types\/product"}],"wp:featuredmedia":[{"embeddable":true,"href":"https:\/\/nbg.eu\/lv\/wp-json\/wp\/v2\/media\/24019"}],"wp:attachment":[{"href":"https:\/\/nbg.eu\/lv\/wp-json\/wp\/v2\/media?parent=721201"}],"wp:term":[{"taxonomy":"product_brand","embeddable":true,"href":"https:\/\/nbg.eu\/lv\/wp-json\/wp\/v2\/product_brand?post=721201"},{"taxonomy":"product_cat","embeddable":true,"href":"https:\/\/nbg.eu\/lv\/wp-json\/wp\/v2\/product_cat?post=721201"},{"taxonomy":"product_tag","embeddable":true,"href":"https:\/\/nbg.eu\/lv\/wp-json\/wp\/v2\/product_tag?post=721201"}],"curies":[{"name":"wp","href":"https:\/\/api.w.org\/{rel}","templated":true}]}}