{"id":721233,"date":"2024-08-18T11:07:42","date_gmt":"2024-08-18T08:07:42","guid":{"rendered":"https:\/\/nbg.eu\/product\/spiluzgrieznis-m35-torx-kmr\/"},"modified":"2026-04-16T17:51:27","modified_gmt":"2026-04-16T14:51:27","slug":"spiluzgrieznis-m35-torx-kmr","status":"publish","type":"product","link":"https:\/\/nbg.eu\/lv\/product\/spiluzgrieznis-m35-torx-kmr\/","title":{"rendered":"KMR Roktura Skr\u016bve M3.5 Torx"},"content":{"rendered":"<h2>Grip Skr\u016bve M3,5 Torx KMR<\/h2>\n<p>Izgatavotas ar precizit\u0101ti un r\u016bp\u012bbu, \u0161\u012b satver\u0161anas skr\u016bve nodro\u0161ina dro\u0161u un uzticamu satv\u0113rienu, uzlabojot j\u016bsu Iero\u010diem KMR kop\u0113jo veiktsp\u0113ju un funkcionalit\u0101ti. Ar Torx dizainu tas nodro\u0161ina dro\u0161u un konsekventu savienojumu, nov\u0113r\u0161ot nev\u0113lamu atlab\u0161anu vai p\u0101rvieto\u0161anos lieto\u0161anas laik\u0101.<\/p>\n<p>Vai j\u016bs esat pieredz\u0113jis \u0161\u0101v\u0113js vai taktisks entuziasts, \u0161is ir neaizst\u0101jams piederums, lai uztur\u0113tu j\u016bsu Ierocis KMR integrit\u0101ti un uzticam\u012bbu. Uzlabojiet savu \u0161au\u0161anas pieredzi ar \u0161o b\u016btisko komponentu, kas paredz\u0113ts, lai vienm\u0113r\u012bgi integr\u0113tos ar j\u016bsu v\u0113lamo KMR modeli.<\/p>\n<p>Paredz\u0113ts Ierocis KMR:<\/p>\n<p>KMR L-02 EMIQ<\/p>\n<p>KMR L-02 EMIQ (OR)<\/p>\n<p>KMR L-02 ORCA NO 2024<\/p>\n<p>KMR L-02 ORCA L\u012aDZ 2023<\/p>\n<p>KMR L-02 SPECTRA NO 2024<\/p>\n<p>KMR L-02 SPECTRA L\u012aDZ 2023<\/p>\n<p>KMR L-02 UMBRA (OR) SR<\/p>\n<p>KMR S-01 LANCE (OR)<\/p>\n<p>KMR S-02 NO 2024<\/p>\n<p>KMR S-02 L\u012aDZ 2023<\/p>\n<p>KMR W-02 CUDA (OR)<\/p>\n<p>KMR W-02 UMBRA<\/p>\n<p>KMR W-02 UMBRA (OR)<\/p>\n","protected":false},"excerpt":{"rendered":"<p>Stiprin\u0101\u0161anas skr\u016bve M3,5 Torx KMR iero\u010du mode\u013ciem KMR.<\/p>\n","protected":false},"featured_media":25292,"template":"","meta":{"_acf_changed":false},"product_brand":[11512],"product_cat":[13777,14886],"product_tag":[],"class_list":{"0":"post-721233","1":"product","2":"type-product","3":"status-publish","4":"has-post-thumbnail","6":"product_brand-kmr-precision","7":"product_cat-kmr-detalas","8":"product_cat-pistol-grips-lv","10":"first","11":"instock","12":"taxable","13":"shipping-taxable","14":"product-type-simple"},"acf":[],"_links":{"self":[{"href":"https:\/\/nbg.eu\/lv\/wp-json\/wp\/v2\/product\/721233","targetHints":{"allow":["GET"]}}],"collection":[{"href":"https:\/\/nbg.eu\/lv\/wp-json\/wp\/v2\/product"}],"about":[{"href":"https:\/\/nbg.eu\/lv\/wp-json\/wp\/v2\/types\/product"}],"wp:featuredmedia":[{"embeddable":true,"href":"https:\/\/nbg.eu\/lv\/wp-json\/wp\/v2\/media\/25292"}],"wp:attachment":[{"href":"https:\/\/nbg.eu\/lv\/wp-json\/wp\/v2\/media?parent=721233"}],"wp:term":[{"taxonomy":"product_brand","embeddable":true,"href":"https:\/\/nbg.eu\/lv\/wp-json\/wp\/v2\/product_brand?post=721233"},{"taxonomy":"product_cat","embeddable":true,"href":"https:\/\/nbg.eu\/lv\/wp-json\/wp\/v2\/product_cat?post=721233"},{"taxonomy":"product_tag","embeddable":true,"href":"https:\/\/nbg.eu\/lv\/wp-json\/wp\/v2\/product_tag?post=721233"}],"curies":[{"name":"wp","href":"https:\/\/api.w.org\/{rel}","templated":true}]}}