{"id":721307,"date":"2026-01-19T18:48:08","date_gmt":"2026-01-19T15:48:08","guid":{"rendered":"https:\/\/nbg.eu\/product\/rh-crocy-gizmo-adapteris\/"},"modified":"2026-02-27T16:25:42","modified_gmt":"2026-02-27T13:25:42","slug":"rh-crocy-gizmo-adapteris","status":"publish","type":"product","link":"https:\/\/nbg.eu\/lv\/product\/rh-crocy-gizmo-adapteris\/","title":{"rendered":"RH Crocy Gizmo adapteris"},"content":{"rendered":"<h2>RH Crocy Gizmo adapteris<\/h2>\n<p>Crocy Gizmo ir savienojuma deta\u013ca, kas izstr\u0101d\u0101ta RH Crocy AIWB maksts sist\u0113mai. T\u0101 \u013cauj piestiprin\u0101t magaz\u012bna maisi\u0146u tie\u0161i pie maksts piln\u012bgai AIWB n\u0113s\u0101\u0161anas konfigur\u0101cijai.<\/p>\n<h3>Galven\u0101s iez\u012bmes:<\/h3>\n<ul>\n<li>Savieno Crocy magaz\u012bna maisi\u0146u ar Crocy AIWB maksti<\/li>\n<li>Kydex konstrukcija iztur\u012bbai<\/li>\n<li>Nodro\u0161ina modul\u0101ru AIWB konfigur\u0101ciju<\/li>\n<li>Viegls un zema profila<\/li>\n<\/ul>\n","protected":false},"excerpt":{"rendered":"<p>RH Crocy Gizmo: Savienojuma deta\u013ca magaz\u012bna maisi\u0146a piestiprin\u0101\u0161anai pie Crocy AIWB maksts.<\/p>\n","protected":false},"featured_media":721308,"template":"","meta":{"_acf_changed":false},"product_brand":[11644],"product_cat":[13808],"product_tag":[],"class_list":{"0":"post-721307","1":"product","2":"type-product","3":"status-publish","4":"has-post-thumbnail","6":"product_brand-rh-holsters","7":"product_cat-holstera-piederumi","9":"first","10":"instock","11":"taxable","12":"shipping-taxable","13":"purchasable","14":"product-type-simple"},"acf":[],"_links":{"self":[{"href":"https:\/\/nbg.eu\/lv\/wp-json\/wp\/v2\/product\/721307","targetHints":{"allow":["GET"]}}],"collection":[{"href":"https:\/\/nbg.eu\/lv\/wp-json\/wp\/v2\/product"}],"about":[{"href":"https:\/\/nbg.eu\/lv\/wp-json\/wp\/v2\/types\/product"}],"wp:featuredmedia":[{"embeddable":true,"href":"https:\/\/nbg.eu\/lv\/wp-json\/wp\/v2\/media\/721308"}],"wp:attachment":[{"href":"https:\/\/nbg.eu\/lv\/wp-json\/wp\/v2\/media?parent=721307"}],"wp:term":[{"taxonomy":"product_brand","embeddable":true,"href":"https:\/\/nbg.eu\/lv\/wp-json\/wp\/v2\/product_brand?post=721307"},{"taxonomy":"product_cat","embeddable":true,"href":"https:\/\/nbg.eu\/lv\/wp-json\/wp\/v2\/product_cat?post=721307"},{"taxonomy":"product_tag","embeddable":true,"href":"https:\/\/nbg.eu\/lv\/wp-json\/wp\/v2\/product_tag?post=721307"}],"curies":[{"name":"wp","href":"https:\/\/api.w.org\/{rel}","templated":true}]}}