{"id":721353,"date":"2026-01-19T18:48:05","date_gmt":"2026-01-19T15:48:05","guid":{"rendered":"https:\/\/nbg.eu\/product\/rh-crocy-papildu-akis\/"},"modified":"2026-02-27T16:26:38","modified_gmt":"2026-02-27T13:26:38","slug":"rh-crocy-papildu-akis","status":"publish","type":"product","link":"https:\/\/nbg.eu\/lv\/product\/rh-crocy-papildu-akis\/","title":{"rendered":"RH Crocy papildu \u0101\u0137is"},"content":{"rendered":"<h2>RH Crocy papildu \u0101\u0137is<\/h2>\n<p>RH Crocy papildu \u0101\u0137is nodro\u0161ina papildu siksnas stiprin\u0101jumu Crocy AIWB maksts sist\u0113mai, uzlabojot stabilit\u0101ti un svara sadal\u012bjumu AIWB n\u0113s\u0101\u0161anas laik\u0101.<\/p>\n<h3>Galven\u0101s iez\u012bmes:<\/h3>\n<ul>\n<li>T\u0113rauda konstrukcija iztur\u012bbai<\/li>\n<li>Sader\u012bgs ar 40 mm siksnu<\/li>\n<li>Pievieno otru stiprin\u0101juma punktu Crocy sist\u0113mai<\/li>\n<li>Uzlabo maksts stabilit\u0101ti un samazina kust\u012bbu<\/li>\n<li>Viegla uzst\u0101d\u012b\u0161ana uz Crocy maksts<\/li>\n<\/ul>\n","protected":false},"excerpt":{"rendered":"<p>RH Crocy papildu \u0101\u0137is: T\u0113rauda \u0101\u0137is uzlabotai stabilit\u0101tei Crocy AIWB sist\u0113m\u0101.<\/p>\n","protected":false},"featured_media":721354,"template":"","meta":{"_acf_changed":false},"product_brand":[11644],"product_cat":[13808],"product_tag":[],"class_list":{"0":"post-721353","1":"product","2":"type-product","3":"status-publish","4":"has-post-thumbnail","6":"product_brand-rh-holsters","7":"product_cat-holstera-piederumi","9":"first","10":"instock","11":"taxable","12":"shipping-taxable","13":"purchasable","14":"product-type-simple"},"acf":[],"_links":{"self":[{"href":"https:\/\/nbg.eu\/lv\/wp-json\/wp\/v2\/product\/721353","targetHints":{"allow":["GET"]}}],"collection":[{"href":"https:\/\/nbg.eu\/lv\/wp-json\/wp\/v2\/product"}],"about":[{"href":"https:\/\/nbg.eu\/lv\/wp-json\/wp\/v2\/types\/product"}],"wp:featuredmedia":[{"embeddable":true,"href":"https:\/\/nbg.eu\/lv\/wp-json\/wp\/v2\/media\/721354"}],"wp:attachment":[{"href":"https:\/\/nbg.eu\/lv\/wp-json\/wp\/v2\/media?parent=721353"}],"wp:term":[{"taxonomy":"product_brand","embeddable":true,"href":"https:\/\/nbg.eu\/lv\/wp-json\/wp\/v2\/product_brand?post=721353"},{"taxonomy":"product_cat","embeddable":true,"href":"https:\/\/nbg.eu\/lv\/wp-json\/wp\/v2\/product_cat?post=721353"},{"taxonomy":"product_tag","embeddable":true,"href":"https:\/\/nbg.eu\/lv\/wp-json\/wp\/v2\/product_tag?post=721353"}],"curies":[{"name":"wp","href":"https:\/\/api.w.org\/{rel}","templated":true}]}}