{"id":721403,"date":"2026-01-19T18:48:06","date_gmt":"2026-01-19T15:48:06","guid":{"rendered":"https:\/\/nbg.eu\/product\/rh-crocy-magazina-turetajs\/"},"modified":"2026-02-27T16:44:34","modified_gmt":"2026-02-27T13:44:34","slug":"rh-crocy-magazina-turetajs","status":"publish","type":"product","link":"https:\/\/nbg.eu\/lv\/product\/rh-crocy-magazina-turetajs\/","title":{"rendered":"RH Crocy magaz\u012bna tur\u0113t\u0101js"},"content":{"rendered":"<h2>RH Crocy magaz\u012bna tur\u0113t\u0101js<\/h2>\n<p>RH Crocy magaz\u012bna tur\u0113t\u0101js ir specializ\u0113ts AIWB magaz\u012bna tur\u0113t\u0101js, kas izstr\u0101d\u0101ts lieto\u0161anai kop\u0101 ar RH Crocy maksts sist\u0113mu. Piestiprin\u0101s caur Crocy Gizmo savienojuma deta\u013cu vai to var n\u0113s\u0101t patst\u0101v\u012bgi ar t\u0113rauda \u0101\u0137i.<\/p>\n<h3>Galven\u0101s iez\u012bmes:<\/h3>\n<ul>\n<li>T\u0113rauda \u0101\u0137is dro\u0161ai siksnas piestiprin\u0101\u0161anai<\/li>\n<li>Sader\u012bgs ar 40 mm siksnu<\/li>\n<li>Regul\u0113jama notur\u0113\u0161ana ar regul\u0113\u0161anas skr\u016bv\u0113m<\/li>\n<li>Kydex konstrukcija prec\u012bzai magaz\u012bna ievieto\u0161anai<\/li>\n<li>Izstr\u0101d\u0101ts AIWB n\u0113s\u0101\u0161anai<\/li>\n<li>Sader\u012bgs ar Crocy Gizmo modul\u0101rai maksts integr\u0101cijai<\/li>\n<\/ul>\n","protected":false},"excerpt":{"rendered":"<p>RH Crocy magaz\u012bna tur\u0113t\u0101js: AIWB magaz\u012bna tur\u0113t\u0101js ar t\u0113rauda \u0101\u0137i un regul\u0113jamu notur\u0113\u0161anu.<\/p>\n","protected":false},"featured_media":721404,"template":"","meta":{"_acf_changed":false},"product_brand":[11644],"product_cat":[13808],"product_tag":[],"class_list":{"0":"post-721403","1":"product","2":"type-product","3":"status-publish","4":"has-post-thumbnail","6":"product_brand-rh-holsters","7":"product_cat-holstera-piederumi","9":"first","10":"instock","11":"taxable","12":"shipping-taxable","13":"purchasable","14":"product-type-simple"},"acf":[],"_links":{"self":[{"href":"https:\/\/nbg.eu\/lv\/wp-json\/wp\/v2\/product\/721403","targetHints":{"allow":["GET"]}}],"collection":[{"href":"https:\/\/nbg.eu\/lv\/wp-json\/wp\/v2\/product"}],"about":[{"href":"https:\/\/nbg.eu\/lv\/wp-json\/wp\/v2\/types\/product"}],"wp:featuredmedia":[{"embeddable":true,"href":"https:\/\/nbg.eu\/lv\/wp-json\/wp\/v2\/media\/721404"}],"wp:attachment":[{"href":"https:\/\/nbg.eu\/lv\/wp-json\/wp\/v2\/media?parent=721403"}],"wp:term":[{"taxonomy":"product_brand","embeddable":true,"href":"https:\/\/nbg.eu\/lv\/wp-json\/wp\/v2\/product_brand?post=721403"},{"taxonomy":"product_cat","embeddable":true,"href":"https:\/\/nbg.eu\/lv\/wp-json\/wp\/v2\/product_cat?post=721403"},{"taxonomy":"product_tag","embeddable":true,"href":"https:\/\/nbg.eu\/lv\/wp-json\/wp\/v2\/product_tag?post=721403"}],"curies":[{"name":"wp","href":"https:\/\/api.w.org\/{rel}","templated":true}]}}