{"id":722479,"date":"2026-03-06T17:29:34","date_gmt":"2026-03-06T14:29:34","guid":{"rendered":"https:\/\/nbg.eu\/product\/eberlestock-cirrus-ultralight-sausa-soma-dry-earth\/"},"modified":"2026-04-15T14:27:51","modified_gmt":"2026-04-15T11:27:51","slug":"eberlestock-cirrus-ultralight-sausa-soma-dry-earth","status":"publish","type":"product","link":"https:\/\/nbg.eu\/lv\/product\/eberlestock-cirrus-ultralight-sausa-soma-dry-earth\/","title":{"rendered":"Eberlestock Sausa Soma Cirrus Ultralight, Dry Earth"},"content":{"rendered":"<h2>Eberlestock Cirrus ultraviegl\u0101 \u016bdensdro\u0161\u0101 soma<\/h2>\n<p>Cirrus ultravieglo \u016bdensdro\u0161o somu s\u0113rija nodro\u0161ina uzticamu \u016bdensdro\u0161u aizsardz\u012bbu j\u016bsu ekip\u0113jumam viegl\u0101, kompakt\u0101 form\u0101t\u0101. Neatkar\u012bgi no t\u0101, vai organiz\u0113jat mugursomas saturu vair\u0101ku dienu med\u012bb\u0101m vai aizsarg\u0101jat svar\u012bgu elektroniku, \u0161\u0137\u0113rsojot upi, Cirrus somas nodro\u0161ina uzticamu veiktsp\u0113ju bez liekas masas.<\/p>\n<h3>\u016adensdro\u0161s sat\u012bnams dizains<\/h3>\n<p>Katrai somai ir sat\u012bnams aizv\u0113rums ar vienk\u0101r\u0161u D-cilpu papildu dro\u0161\u012bbai, nodro\u0161inot \u016bdensdro\u0161u bl\u012bv\u0113jumu pret lietu, sniegu un iegremd\u0113\u0161anu. Ultraviegl\u0101 konstrukcija pievieno minim\u0101lu svaru j\u016bsu kravai, vienlaikus nodro\u0161inot nopietnu aizsardz\u012bbu.<\/p>\n<h3>Vienk\u0101r\u0161a organiz\u0113\u0161ana<\/h3>\n<p>Kontrast\u0113jo\u0161i melni izm\u0113ru mar\u0137\u0113jumi uz katras somas \u013cauj \u0101tri identific\u0113t, lietojot vair\u0101kus izm\u0113rus kop\u0101. Izmantojiet tos, lai sadal\u012btu ap\u0123\u0113rbu, p\u0101rtiku, elektroniku, optiku un citu ekip\u0113jumu bez rak\u0161an\u0101s mugursom\u0101.<\/p>\n<h3>Pieejamie izm\u0113ri<\/h3>\n<ul>\n<li><strong>5-Liter<\/strong> \u2014 Ide\u0101la mazai elektronikai, pirm\u0101s pal\u012bdz\u012bbas piederumiem vai uzkod\u0101m<\/li>\n<li><strong>10-Liter<\/strong> \u2014 Lieliska dienas ap\u0123\u0113rba komplektam vai optikas piederumiem<\/li>\n<li><strong>20-Liter<\/strong> \u2014 Ietilpst pilna ap\u0123\u0113rba mai\u0146a vai gu\u013cammaisa odere<\/li>\n<li><strong>35-Liter<\/strong> \u2014 Pietiekami liela gu\u013cammaisam vai pilnam ekip\u0113juma komplektam<\/li>\n<\/ul>\n<table>\n<thead>\n<tr>\n<th>Specifik\u0101cija<\/th>\n<th>Deta\u013ca<\/th>\n<\/tr>\n<\/thead>\n<tbody>\n<tr>\n<td>Aizv\u0113rums<\/td>\n<td>Roll-top with D-loop<\/td>\n<\/tr>\n<tr>\n<td>Materi\u0101ls<\/td>\n<td>Ultralight waterproof nylon<\/td>\n<\/tr>\n<tr>\n<td>Pieejamie izm\u0113ri<\/td>\n<td>5L, 10L, 20L, 35L<\/td>\n<\/tr>\n<tr>\n<td>Kr\u0101sa<\/td>\n<td>Dry Earth<\/td>\n<\/tr>\n<\/tbody>\n<\/table>\n","protected":false},"excerpt":{"rendered":"<p>Eberlestock Cirrus Ultralight saus\u0101 soma uztur j\u016bsu ekip\u0113jumu sausu, t\u012bru un aizsarg\u0101tu no laikapst\u0101k\u013ciem. Ar rulltop aizdari ar D-cilpu un kontrastainiem izm\u0113ra eti\u0137et\u0113m vieglai identific\u0113\u0161anai, lietojot vair\u0101kas somas.<\/p>\n","protected":false},"featured_media":722480,"template":"","meta":{"_acf_changed":false},"product_brand":[15154],"product_cat":[13835],"product_tag":[],"class_list":{"0":"post-722479","1":"product","2":"type-product","3":"status-publish","4":"has-post-thumbnail","6":"product_brand-eberlestock","7":"product_cat-aprikojums","9":"first","10":"instock","11":"taxable","12":"shipping-taxable","13":"purchasable","14":"product-type-variable","15":"wvs-archive-product-wrapper"},"acf":[],"_links":{"self":[{"href":"https:\/\/nbg.eu\/lv\/wp-json\/wp\/v2\/product\/722479","targetHints":{"allow":["GET"]}}],"collection":[{"href":"https:\/\/nbg.eu\/lv\/wp-json\/wp\/v2\/product"}],"about":[{"href":"https:\/\/nbg.eu\/lv\/wp-json\/wp\/v2\/types\/product"}],"wp:featuredmedia":[{"embeddable":true,"href":"https:\/\/nbg.eu\/lv\/wp-json\/wp\/v2\/media\/722480"}],"wp:attachment":[{"href":"https:\/\/nbg.eu\/lv\/wp-json\/wp\/v2\/media?parent=722479"}],"wp:term":[{"taxonomy":"product_brand","embeddable":true,"href":"https:\/\/nbg.eu\/lv\/wp-json\/wp\/v2\/product_brand?post=722479"},{"taxonomy":"product_cat","embeddable":true,"href":"https:\/\/nbg.eu\/lv\/wp-json\/wp\/v2\/product_cat?post=722479"},{"taxonomy":"product_tag","embeddable":true,"href":"https:\/\/nbg.eu\/lv\/wp-json\/wp\/v2\/product_tag?post=722479"}],"curies":[{"name":"wp","href":"https:\/\/api.w.org\/{rel}","templated":true}]}}