{"id":723285,"date":"2026-03-06T17:34:43","date_gmt":"2026-03-06T14:34:43","guid":{"rendered":"https:\/\/nbg.eu\/product\/eberlestock-w2-spectre\/"},"modified":"2026-04-15T14:27:44","modified_gmt":"2026-04-15T11:27:44","slug":"eberlestock-w2-spectre","status":"publish","type":"product","link":"https:\/\/nbg.eu\/lv\/product\/eberlestock-w2-spectre\/","title":{"rendered":"Eberlestock W2-Spectre"},"content":{"rendered":"<h2>Eberlestock W2-Spectre<\/h2>\n<p>Spectre ir Eberlestock inovat\u012bv\u0101k\u0101 un daudzpus\u012bg\u0101k\u0101 snaiperu mugursoma, kas no jauna defin\u0113, k\u0101 profesion\u0101\u013ci p\u0101rn\u0113s\u0101 savas prec\u012bz\u0101s iero\u010du sist\u0113mas. Apr\u012bkota ar patent\u0113to RAID\u2122 maksti \u2014 polster\u0113tu sl\u0113gtu maksti, kas optimiz\u0113ta saliekam\u0101 \u0161asijas \u0161auten\u0113m, uzliekam\u0101m nakts redzam\u012bbas un term\u0101laj\u0101m ier\u012bc\u0113m, k\u0101 ar\u012b uz iero\u010da mont\u0113tiem l\u0101zera t\u0101lm\u0113riem.<\/p>\n<h3>M\u0113r\u0137tiec\u012bgi b\u016bv\u0113ta modern\u0101m platform\u0101m<\/h3>\n<p>Spectre ir plat\u0101ks profils, kas \u012bpa\u0161i izstr\u0101d\u0101ts m\u016bsdienu liel\u0101kaj\u0101m prec\u012bzo iero\u010du platform\u0101m ar moderniem piederumiem. Dizains nodro\u0161ina \u0101tru, efekt\u012bvu piek\u013cuvi \u0161autenes iz\u0146em\u0161anai vai novieto\u0161anai, nov\u0113r\u0161ot tradicion\u0101lo mak\u0161u sist\u0113mu neveikl\u012bbu.<\/p>\n<h3>Profesion\u0101la n\u0113s\u0101\u0161anas sist\u0113ma<\/h3>\n<p>Iek\u0161\u0113jais r\u0101mis kop\u0101 ar jauno Ladder Shoulder Harness sist\u0113mu un uzlabotu g\u016b\u017eu jostu nodro\u0161ina iev\u0113rojamu uzlabojumu piegu\u013co\u0161an\u0101, komfort\u0101 un slodzes sadal\u0113. Piel\u0101gojot \u0137ermenim, Spectre nevainojami darbojas ar taktiskaj\u0101m jost\u0101m un bru\u0146u pl\u0101t\u0146u nes\u0113jiem, saglab\u0101jot piek\u013cuvi kritiskajam ekip\u0113jumam uz \u0137erme\u0146a.<\/p>\n<h3>No lauka pieredzes rad\u012bts dizains<\/h3>\n<p>Izstr\u0101d\u0101ts, izmantojot tie\u0161u atgriezenisko saiti no profesion\u0101\u013ciem lauk\u0101, Spectre ir apr\u012bkots ar vair\u0101kiem ne\u0161anas rokturiem: divi aug\u0161pus\u0113, viens katr\u0101 pus\u0113 un iztur\u012bgs Hypalon rokturis priek\u0161\u0101. Neatkar\u012bgi no t\u0101, vai k\u0101pjat pa k\u0101pn\u0113m, r\u0101pojat cauri ve\u0123et\u0101cijai vai p\u0101rvietojaties zem spiediena, j\u016bs varat efekt\u012bvi manevr\u0113t ar mugursomu no jebkuras poz\u012bcijas.<\/p>\n<table>\n<thead>\n<tr>\n<th>Specifik\u0101cija<\/th>\n<th>Deta\u013ca<\/th>\n<\/tr>\n<\/thead>\n<tbody>\n<tr>\n<td>Maksts<\/td>\n<td>RAID\u2122 patent\u0113ta sl\u0113gta maksts<\/td>\n<\/tr>\n<tr>\n<td>R\u0101mis<\/td>\n<td>Iek\u0161\u0113jais r\u0101mis<\/td>\n<\/tr>\n<tr>\n<td>Siksnu sist\u0113ma<\/td>\n<td>Ladder Shoulder Harness<\/td>\n<\/tr>\n<tr>\n<td>Ne\u0161anas rokturi<\/td>\n<td>5 (2 aug\u0161\u0113jie, 2 s\u0101nu, 1 priek\u0161\u0113jais Hypalon)<\/td>\n<\/tr>\n<tr>\n<td>Sader\u012bba<\/td>\n<td>Taktisk\u0101s jostas, bru\u0146u pl\u0101t\u0146u nes\u0113ji<\/td>\n<\/tr>\n<tr>\n<td>Optimiz\u0113ta priek\u0161<\/td>\n<td>Saliekamie \u0161asijas, NV\/term\u0101lie uzliekamie, LRF<\/td>\n<\/tr>\n<\/tbody>\n<\/table>\n","protected":false},"excerpt":{"rendered":"<p>Eberlestock W2-Spectre ir specializ\u0113ta snaiperu mugursoma ar patent\u0113tu RAID\u2122 maksti, kas optimiz\u0113ta salok\u0101miem iero\u010du \u0161asij\u0101m, nakts redzam\u012bbas ier\u012bc\u0113m, term\u0101laj\u0101m ier\u012bc\u0113m un ierocim mont\u0113tiem l\u0101zera t\u0101lm\u0113riem. Iek\u0161\u0113jais r\u0101mis ar Ladder Shoulder Harness.<\/p>\n","protected":false},"featured_media":723286,"template":"","meta":{"_acf_changed":false},"product_brand":[15154],"product_cat":[13835,13771],"product_tag":[],"class_list":{"0":"post-723285","1":"product","2":"type-product","3":"status-publish","4":"has-post-thumbnail","6":"product_brand-eberlestock","7":"product_cat-aprikojums","8":"product_cat-mugursomas","10":"first","11":"instock","12":"taxable","13":"shipping-taxable","14":"purchasable","15":"product-type-variable","16":"wvs-archive-product-wrapper"},"acf":[],"_links":{"self":[{"href":"https:\/\/nbg.eu\/lv\/wp-json\/wp\/v2\/product\/723285","targetHints":{"allow":["GET"]}}],"collection":[{"href":"https:\/\/nbg.eu\/lv\/wp-json\/wp\/v2\/product"}],"about":[{"href":"https:\/\/nbg.eu\/lv\/wp-json\/wp\/v2\/types\/product"}],"wp:featuredmedia":[{"embeddable":true,"href":"https:\/\/nbg.eu\/lv\/wp-json\/wp\/v2\/media\/723286"}],"wp:attachment":[{"href":"https:\/\/nbg.eu\/lv\/wp-json\/wp\/v2\/media?parent=723285"}],"wp:term":[{"taxonomy":"product_brand","embeddable":true,"href":"https:\/\/nbg.eu\/lv\/wp-json\/wp\/v2\/product_brand?post=723285"},{"taxonomy":"product_cat","embeddable":true,"href":"https:\/\/nbg.eu\/lv\/wp-json\/wp\/v2\/product_cat?post=723285"},{"taxonomy":"product_tag","embeddable":true,"href":"https:\/\/nbg.eu\/lv\/wp-json\/wp\/v2\/product_tag?post=723285"}],"curies":[{"name":"wp","href":"https:\/\/api.w.org\/{rel}","templated":true}]}}