{"id":724081,"date":"2026-03-10T16:14:33","date_gmt":"2026-03-10T13:14:33","guid":{"rendered":"https:\/\/nbg.eu\/product\/area-419-can-koozie-uzklikskinams-nakts-redzamibas-parsegs\/"},"modified":"2026-03-10T17:17:23","modified_gmt":"2026-03-10T14:17:23","slug":"area-419-can-koozie-uzklikskinams-nakts-redzamibas-parsegs","status":"publish","type":"product","link":"https:\/\/nbg.eu\/lv\/product\/area-419-can-koozie-uzklikskinams-nakts-redzamibas-parsegs\/","title":{"rendered":"Area 419 Can Koozie \/ Uzklik\u0161\u0137in\u0101ms Nakts Redzam\u012bbas P\u0101rsegs"},"content":{"rendered":"<h2>Area 419 Can Koozie \/ Clip-on Nakts Redzam\u012bbas Aizsargs<\/h2>\n<p>Area 419 izstr\u0101d\u0101ts neopr\u0113na aizsargs kalpo taktiskam m\u0113r\u0137im: piestipriniet to pie optikas objekt\u012bva gala, lai p\u0101rvar\u0113tu atstarpi starp optiku un clip-on nakts redzam\u012bbas ier\u012bci, blo\u0137\u0113jot putek\u013cus un paraz\u012btgaismu.<\/p>\n<h3>Clip-on Nakts Redzam\u012bbas Aizsargs<\/h3>\n<p>Aizsargs izstiepjas p\u0101ri optikas objekt\u012bvam un nodro\u0161ina cie\u0161u, gaismas necaurlaid\u012bgu tiltu j\u016bsu clip-on NV ier\u012bcei \u2014 nov\u0113r\u0161ot atstarpi, caur kuru iek\u013c\u016bst apk\u0101rt\u0113j\u0101 gaisma un putek\u013ci. \u0160\u0101v\u0113ji to izmanto ar\u012b k\u0101 efekt\u012bvu saules aizsargu pret objekt\u012bva atsp\u012bdumu bez l\u012bmlentu vai apjom\u012bgu piederumu izmanto\u0161anas.<\/p>\n<h3>Specifik\u0101cijas<\/h3>\n<table>\n<tbody>\n<tr>\n<td><strong>Materi\u0101ls<\/strong><\/td>\n<td>Neoprene<\/td>\n<\/tr>\n<tr>\n<td><strong>Svars<\/strong><\/td>\n<td>0.1 lbs<\/td>\n<\/tr>\n<tr>\n<td><strong>Izm\u0113ri<\/strong><\/td>\n<td>2 x 2 x 0.5 in<\/td>\n<\/tr>\n<tr>\n<td><strong>Ra\u017eots<\/strong><\/td>\n<td>ASV<\/td>\n<\/tr>\n<\/tbody>\n<\/table>\n","protected":false},"excerpt":{"rendered":"<p>Neopr\u0113na clip-on aizsargs, kas paredz\u0113ts atstarpes p\u0101rvar\u0113\u0161anai starp optikas objekt\u012bvu un clip-on nakts redzam\u012bbas ier\u012bci. Blo\u0137\u0113 putek\u013cus, paraz\u012btgaismu un nov\u0113r\u0161 objekt\u012bva atsp\u012bdumu. Darbojas ar\u012b k\u0101 efekt\u012bvs saules aizsargs dienas \u0161au\u0161anai.<\/p>\n","protected":false},"featured_media":724082,"template":"","meta":{"_acf_changed":false},"product_brand":[11043],"product_cat":[13835,13803],"product_tag":[],"class_list":{"0":"post-724081","1":"product","2":"type-product","3":"status-publish","4":"has-post-thumbnail","6":"product_brand-area-419","7":"product_cat-aprikojums","8":"product_cat-merkesanas-aksesuari","10":"first","11":"instock","12":"taxable","13":"shipping-taxable","14":"purchasable","15":"product-type-simple"},"acf":[],"_links":{"self":[{"href":"https:\/\/nbg.eu\/lv\/wp-json\/wp\/v2\/product\/724081","targetHints":{"allow":["GET"]}}],"collection":[{"href":"https:\/\/nbg.eu\/lv\/wp-json\/wp\/v2\/product"}],"about":[{"href":"https:\/\/nbg.eu\/lv\/wp-json\/wp\/v2\/types\/product"}],"wp:featuredmedia":[{"embeddable":true,"href":"https:\/\/nbg.eu\/lv\/wp-json\/wp\/v2\/media\/724082"}],"wp:attachment":[{"href":"https:\/\/nbg.eu\/lv\/wp-json\/wp\/v2\/media?parent=724081"}],"wp:term":[{"taxonomy":"product_brand","embeddable":true,"href":"https:\/\/nbg.eu\/lv\/wp-json\/wp\/v2\/product_brand?post=724081"},{"taxonomy":"product_cat","embeddable":true,"href":"https:\/\/nbg.eu\/lv\/wp-json\/wp\/v2\/product_cat?post=724081"},{"taxonomy":"product_tag","embeddable":true,"href":"https:\/\/nbg.eu\/lv\/wp-json\/wp\/v2\/product_tag?post=724081"}],"curies":[{"name":"wp","href":"https:\/\/api.w.org\/{rel}","templated":true}]}}